{"id":17434,"date":"2021-02-21T14:30:23","date_gmt":"2021-02-21T14:30:23","guid":{"rendered":"https:\/\/www.autonvaraosahaku.fi\/?product=maxgear-78-0110-lamput-hehkulamppu"},"modified":"2021-02-21T14:30:24","modified_gmt":"2021-02-21T14:30:24","slug":"maxgear-78-0110-lamput-hehkulamppu","status":"publish","type":"product","link":"https:\/\/www.autonvaraosahaku.fi\/?product=maxgear-78-0110-lamput-hehkulamppu","title":{"rendered":"MAXGEAR 78-0110 Lamput (hehkulamppu)"},"content":{"rendered":"<p>Lamppumalli: D2S (kaasupurkauslamppu); J\u00e4nnite (V): 85, 12, 24; Nimellisteho (W): 35; V\u00e4ril\u00e4mp\u00f6 [K]: 6000; Kantamalli: P32d, P 32 d-2, Pk32d-2; Lyhdyn muoto: Bi-Xenon; VW: GOLF IV 1J1,GOLF V 1K1,TOURAN 1T1, 1T2,PASSAT Variant 3B6,LUPO 6X1, 6E1,GOLF IV Variant 1J5,SHARAN 7M8, 7M9, 7M6,PASSAT Variant 3B5,GOLF V Variant 1K5,BORA 1J2,PASSAT 3B2,NEW BEETLE 9C1, 1C1,PASSAT 3B3,BORA Kombi 1J6,NEW BEETLE Cabriolet 1Y7,JETTA III 1K2,GOLF IV Van 1J1; AUDI: A6 Avant 4F5, C6,A3 8P1,A3 Sportback 8PA,A6 4F2, C6,A6 4B2, C5,A4 Cabriolet 8H7, B6, 8HE, B7,A8 4E_,TT 8J3,A6 Allroad 4FH, C6,A6 4A, C4,ALLROAD 4BH, C5; MAZDA: 5 CR19,3 BK,6 Hatchback GG,6 GG,3 BL,5 CW,3 Stufenheck BK,626 V Station Wagon GW,3 Stufenheck BL,CX-9 TB; SKODA: FABIA 6Y2,OCTAVIA Combi 1U5,FABIA Combi,OCTAVIA 1U2,SUPERB 3U4,FABIA Stufenheck 6Y3,FABIA Praktik; BMW: 5 E39,5 E60,5 Touring E61,5 Touring E39,3 Compact E46,3 Coupe E46,1 E81,3 Compact E36,3 E36,X5 E53,3 Cabriolet E46,7 E38,3 Coupe E36,Z4 E85,7 E65, E66, E67,3 Cabriolet E36,3 Touring E36,7 E32,6 E63,6 Cabriolet E64; SEAT: ALHAMBRA 7V8, 7V9; NISSAN: PRIMERA P11,PRIMERA Kombi WP12,PRIMERA P12,PRIMERA Hatchback P11,PRIMERA Hatchback P12,MURANO Z51,370 Z Z34,GT-R R35,370 Z Roadster Z34; LEXUS: GS GRS19_, UZS19_, GWS19_,LS UVF4_, USF4_,LX UZJ100; HONDA: CR-V III RE,CIVIC VII Hatchback EU, EP, EV,FR-V BE,ACCORD VIII CU,ACCORD VI CG, CK,ACCORD VIII Kombi,ACCORD VI Hatchback CH,ACCORD VI Coupe CG,INSIGHT ZE_,S2000 AP,LEGEND III KA9,LEGEND IV KB_; LAND ROVER: RANGE ROVER SPORT LS,RANGE ROVER III LM,DISCOVERY III TAA; 4B0941473, N10445701, 07119904790, 63128361007, 71199904789, 71199904790, 8361007, 9904789, 9904790, 0882009, 2098946, 07920081805, Z0430103, 2098946, 96263103140, 4B0941473, N10445701, 4B0941473, N10445701, DYX0099654, 2098946, 4B0941473, N10445701<\/p>\n","protected":false},"excerpt":{"rendered":"<p>MAXGEAR Polttimo, Kaukovalo 78-0110  VW,AUDI,MAZDA,GOLF IV 1J1,GOLF V 1K1,TOURAN 1T1, 1T2,PASSAT Variant 3B6,LUPO 6X1, 6E1,GOLF IV Variant 1J5<\/p>\n","protected":false},"featured_media":0,"template":"","meta":{"site-sidebar-layout":"default","site-content-layout":"default","ast-global-header-display":"","ast-main-header-display":"","ast-hfb-above-header-display":"","ast-hfb-below-header-display":"","ast-hfb-mobile-header-display":"","site-post-title":"","ast-breadcrumbs-content":"","ast-featured-img":"","footer-sml-layout":"","theme-transparent-header-meta":"","adv-header-id-meta":"","stick-header-meta":"","header-above-stick-meta":"","header-main-stick-meta":"","header-below-stick-meta":""},"pwb-brand":[48],"product_cat":[151],"product_tag":[],"class_list":{"0":"post-17434","1":"product","2":"type-product","3":"status-publish","5":"pwb-brand-maxgear","6":"product_cat-lamput-hehkulamppu","7":"desktop-align-left","8":"tablet-align-left","9":"mobile-align-left","11":"first","12":"instock","13":"product-type-external"},"brands":[{"id":48,"name":"MAXGEAR","slug":"maxgear"}],"_links":{"self":[{"href":"https:\/\/www.autonvaraosahaku.fi\/index.php?rest_route=\/wp\/v2\/product\/17434","targetHints":{"allow":["GET"]}}],"collection":[{"href":"https:\/\/www.autonvaraosahaku.fi\/index.php?rest_route=\/wp\/v2\/product"}],"about":[{"href":"https:\/\/www.autonvaraosahaku.fi\/index.php?rest_route=\/wp\/v2\/types\/product"}],"wp:attachment":[{"href":"https:\/\/www.autonvaraosahaku.fi\/index.php?rest_route=%2Fwp%2Fv2%2Fmedia&parent=17434"}],"wp:term":[{"taxonomy":"pwb-brand","embeddable":true,"href":"https:\/\/www.autonvaraosahaku.fi\/index.php?rest_route=%2Fwp%2Fv2%2Fpwb-brand&post=17434"},{"taxonomy":"product_cat","embeddable":true,"href":"https:\/\/www.autonvaraosahaku.fi\/index.php?rest_route=%2Fwp%2Fv2%2Fproduct_cat&post=17434"},{"taxonomy":"product_tag","embeddable":true,"href":"https:\/\/www.autonvaraosahaku.fi\/index.php?rest_route=%2Fwp%2Fv2%2Fproduct_tag&post=17434"}],"curies":[{"name":"wp","href":"https:\/\/api.w.org\/{rel}","templated":true}]}}