{"id":17435,"date":"2021-02-21T14:30:23","date_gmt":"2021-02-21T14:30:23","guid":{"rendered":"https:\/\/www.autonvaraosahaku.fi\/?product=eibach-s1-1-12-50-26-17-b-pyoranpultit"},"modified":"2021-02-21T14:30:25","modified_gmt":"2021-02-21T14:30:25","slug":"eibach-s1-1-12-50-26-17-b-pyoranpultit","status":"publish","type":"product","link":"https:\/\/www.autonvaraosahaku.fi\/?product=eibach-s1-1-12-50-26-17-b-pyoranpultit","title":{"rendered":"EIBACH S1-1-12-50-26-17-B Py\u00f6r\u00e4npultit"},"content":{"rendered":"<p>Kierremitta: M12x1,5; Avainv\u00e4li: 17; Py\u00f6r\u00e4n kiinnitys: Kartiolaippa F; V\u00e4ri: Musta; Runkopituus [mm]: 26; Tuning: 1; BMW: 3 E46,3 Touring E91,5 E39,3 Touring E46,5 Touring E39,3 Coupe E46,X1 E84,3 Compact E36,3 E36,3 E30,3 Coupe E92,3 Cabriolet E46,7 E38,3 Coupe E36,Z3 E36,5 E34,3 Cabriolet E93,3 Cabriolet E30,3 Cabriolet E36,3 Touring E36,1 Coupe E82,Z4 E89,7 E32,8 E31,5 Touring E34,5 E28,6 E24,3 E21,3 Touring E30,Z3 Coupe E36,7 E23,5 E12,Z1,Z8 E52; 0141574, 0141576, 1095390, 1122158, 1126014, 36130141574, 36130141576, 36131095390, 36131122158, 36131126014, 36136781150, 6781150; Py\u00f6r\u00e4nruuvi<\/p>\n","protected":false},"excerpt":{"rendered":"<p>EIBACH Py\u00f6r\u00e4npultit OE replacement S1-1-12-50-26-17-B Py\u00f6r\u00e4nruuvi BMW,3 E46,3 Touring E91,5 E39,3 Touring E46,5 Touring E39,3 Coupe E46,X1 E84<\/p>\n","protected":false},"featured_media":0,"template":"","meta":{"site-sidebar-layout":"default","site-content-layout":"default","ast-global-header-display":"","ast-main-header-display":"","ast-hfb-above-header-display":"","ast-hfb-below-header-display":"","ast-hfb-mobile-header-display":"","site-post-title":"","ast-breadcrumbs-content":"","ast-featured-img":"","footer-sml-layout":"","theme-transparent-header-meta":"","adv-header-id-meta":"","stick-header-meta":"","header-above-stick-meta":"","header-main-stick-meta":"","header-below-stick-meta":""},"pwb-brand":[328],"product_cat":[51],"product_tag":[],"class_list":{"0":"post-17435","1":"product","2":"type-product","3":"status-publish","5":"pwb-brand-eibach","6":"product_cat-pyoranpultit","7":"desktop-align-left","8":"tablet-align-left","9":"mobile-align-left","11":"first","12":"instock","13":"product-type-external"},"brands":[{"id":328,"name":"EIBACH","slug":"eibach"}],"_links":{"self":[{"href":"https:\/\/www.autonvaraosahaku.fi\/index.php?rest_route=\/wp\/v2\/product\/17435","targetHints":{"allow":["GET"]}}],"collection":[{"href":"https:\/\/www.autonvaraosahaku.fi\/index.php?rest_route=\/wp\/v2\/product"}],"about":[{"href":"https:\/\/www.autonvaraosahaku.fi\/index.php?rest_route=\/wp\/v2\/types\/product"}],"wp:attachment":[{"href":"https:\/\/www.autonvaraosahaku.fi\/index.php?rest_route=%2Fwp%2Fv2%2Fmedia&parent=17435"}],"wp:term":[{"taxonomy":"pwb-brand","embeddable":true,"href":"https:\/\/www.autonvaraosahaku.fi\/index.php?rest_route=%2Fwp%2Fv2%2Fpwb-brand&post=17435"},{"taxonomy":"product_cat","embeddable":true,"href":"https:\/\/www.autonvaraosahaku.fi\/index.php?rest_route=%2Fwp%2Fv2%2Fproduct_cat&post=17435"},{"taxonomy":"product_tag","embeddable":true,"href":"https:\/\/www.autonvaraosahaku.fi\/index.php?rest_route=%2Fwp%2Fv2%2Fproduct_tag&post=17435"}],"curies":[{"name":"wp","href":"https:\/\/api.w.org\/{rel}","templated":true}]}}