{"id":17437,"date":"2021-02-21T14:30:23","date_gmt":"2021-02-21T14:30:23","guid":{"rendered":"https:\/\/www.autonvaraosahaku.fi\/?product=era-770162a-polttoainepumppu"},"modified":"2021-02-21T14:30:25","modified_gmt":"2021-02-21T14:30:25","slug":"era-770162a-polttoainepumppu","status":"publish","type":"product","link":"https:\/\/www.autonvaraosahaku.fi\/?product=era-770162a-polttoainepumppu","title":{"rendered":"ERA 770162A Polttoainepumppu"},"content":{"rendered":"<p>Paine (bar): 3; K\u00e4ytt\u00f6: S\u00e4hk\u00f6inen; Liittimi\u00e4: 2; Siirtom\u00e4\u00e4r\u00e4 (l\/h): 120; Valmistusvuoteen: 04\/1996; MAZDA: MX-5 II NB,MX-5 I NA,DEMIO DW,323 P V BA,626 IV Hatchback GE,MX-3 EC,XEDOS 6 CA,323 C IV BG,FAMILIA IV BF,626 IV GE,FAMILIA V BA,FAMILIA V BG8,121 II DB,MX-6 GE,FAMILIA IV BG,MPV I LV; CHEVROLET: NUBIRA Kombi,KALOS,LACETTI J200,AVEO Stufenheck T250, T255,NUBIRA Stufenheck,AVEO Stufenheck T200; JEEP: GRAND CHEROKEE I ZJ,CHEROKEE XJ,WRANGLER II TJ,WRANGLER I YJ, SJ_; DAEWOO: MATIZ KLYA,LANOS Stufenheck KLAT; LADA: NIVA 2121,KALINA Kombi 1117,KALINA Schr\u00e4gheck 1119,111 2111,SAMARA 2108, 2109, 2115, 2113, 2114,PRIORA Kombi 2171,NOVA 2105,KALINA Stufenheck 1118,112 2112,PRIORA Schr\u00e4gheck 2172,SAMARA Stufenheck 21099, 2115; NISSAN: MICRA II K11,PRIMERA P11,TERRANO II R20,PRIMERA Traveller WP11,PRIMERA Hatchback P11,PATHFINDER R50,PICK UP D21,SERENA C23M,200 SX S14,MAXIMA QX A32,VANETTE CARGO Kasten HC 23,VANETTE CARGO Bus HC 23,MAXIMA Station Wagon; KIA: SORENTO I JC,PICANTO BA,RIO II JB,MAGENTIS GD,OPIRUS GH,SPORTAGE K00,CERATO Stufenheck LD,RIO II Stufenheck JB,JOICE,SHUMA FB,PRIDE DA,SEPHIA Stufenheck FA,SEPHIA FA,SEPHIA FB; LEXUS: ES F1, F2; FORD USA: PROBE II ECP; HONDA: JAZZ II GD,CIVIC VI Hatchback EJ, EK,CIVIC VI Fastback MA, MB,CRX III EH, EG,CIVIC VI Aerodeck MB, MC,CR-V I RD,CIVIC V Hatchback EG,PRELUDE V BB,ACCORD VI Coupe CG,ACCORD V CE, CF,CIVIC VI Stufenheck EJ, EK,CIVIC VI Coupe EJ, EM1,SHUTTLE RA,CIVIC V Coupe EJ,ACCORD IV CB,CIVIC V Stufenheck EG, EH,ACCORD V Aerodeck CE,ACCORD V Coupe CD,LEGEND II Coupe KA8,ACCORD IV Aerodeck CB,LEGEND II KA7; 7694208, 7723931, 7723935, 4762964, 4798941, 52018387, 52018390, 170427, 46437229, 46443874, 46472793, 46474142, 46480607, 464806070, 60623699, 60629615, 606519690, 60812839, 7782620, 7789626, F1DUA3A, 17040S01A30, 17040S01A31, 17040S02L00, 17040S04G30, 17040S04G31, 17040S04G40, 17040S04G41, 17040S04L00, 17040S10A00, 17040S84A01, 17040SEAE00, 17040SR1A30, 17040SR1A31, 17040SR2A32, 17040SR2A50, 17040SS8A00, 17040SS8A02, 17040ST7A32, 17040ST7A33, 17040ST7L00, 17040ST7L31, 17040SV1A30, 17040SV1A31, 17040SV1L00, 17040SV1L01, 17040SV4A30, 17040SV4A31, 17040SW5A30, 17040SW5A31, 17040SW5A32, 17040SX0A32, 17040SY8A01, 1770ASR0A000, 8971185120, 0K01D1335Z, 0K24C1335ZA, 0K29T1335Z, 311101C010, 311101C610D, 311101C610DS, 3111028100, 311102E351, 3111033610, 311111A100, 311111R500, 3111122000, 3111122050, 3111125000, 3111128150, 3111128300, 311112D000, 3111137150, 3111137200, 3111137300, 311113H000, 311113L000, 311113L800, 5862022350, 8943696440, 8943845281, 8944794181, 8970418761, 8971185120, 89&#8230;<\/p>\n","protected":false},"excerpt":{"rendered":"<p>ERA Polttoainepumppu 770162A  MAZDA,CHEVROLET,JEEP,MX-5 II NB,MX-5 I NA,DEMIO DW,323 P V BA,626 IV Hatchback GE,MX-3 EC,XEDOS 6 CA,323 C IV BG<\/p>\n","protected":false},"featured_media":0,"template":"","meta":{"site-sidebar-layout":"default","site-content-layout":"default","ast-global-header-display":"","ast-main-header-display":"","ast-hfb-above-header-display":"","ast-hfb-below-header-display":"","ast-hfb-mobile-header-display":"","site-post-title":"","ast-breadcrumbs-content":"","ast-featured-img":"","footer-sml-layout":"","theme-transparent-header-meta":"","adv-header-id-meta":"","stick-header-meta":"","header-above-stick-meta":"","header-main-stick-meta":"","header-below-stick-meta":""},"pwb-brand":[64],"product_cat":[73],"product_tag":[],"class_list":{"0":"post-17437","1":"product","2":"type-product","3":"status-publish","5":"pwb-brand-era","6":"product_cat-polttoainepumppu","7":"desktop-align-left","8":"tablet-align-left","9":"mobile-align-left","11":"first","12":"instock","13":"product-type-external"},"brands":[{"id":64,"name":"ERA","slug":"era"}],"_links":{"self":[{"href":"https:\/\/www.autonvaraosahaku.fi\/index.php?rest_route=\/wp\/v2\/product\/17437","targetHints":{"allow":["GET"]}}],"collection":[{"href":"https:\/\/www.autonvaraosahaku.fi\/index.php?rest_route=\/wp\/v2\/product"}],"about":[{"href":"https:\/\/www.autonvaraosahaku.fi\/index.php?rest_route=\/wp\/v2\/types\/product"}],"wp:attachment":[{"href":"https:\/\/www.autonvaraosahaku.fi\/index.php?rest_route=%2Fwp%2Fv2%2Fmedia&parent=17437"}],"wp:term":[{"taxonomy":"pwb-brand","embeddable":true,"href":"https:\/\/www.autonvaraosahaku.fi\/index.php?rest_route=%2Fwp%2Fv2%2Fpwb-brand&post=17437"},{"taxonomy":"product_cat","embeddable":true,"href":"https:\/\/www.autonvaraosahaku.fi\/index.php?rest_route=%2Fwp%2Fv2%2Fproduct_cat&post=17437"},{"taxonomy":"product_tag","embeddable":true,"href":"https:\/\/www.autonvaraosahaku.fi\/index.php?rest_route=%2Fwp%2Fv2%2Fproduct_tag&post=17437"}],"curies":[{"name":"wp","href":"https:\/\/api.w.org\/{rel}","templated":true}]}}