{"id":17449,"date":"2021-02-21T14:30:26","date_gmt":"2021-02-21T14:30:26","guid":{"rendered":"https:\/\/www.autonvaraosahaku.fi\/?product=topran-600-469-paisuntasailion-korkki"},"modified":"2021-02-21T14:30:28","modified_gmt":"2021-02-21T14:30:28","slug":"topran-600-469-paisuntasailion-korkki","status":"publish","type":"product","link":"https:\/\/www.autonvaraosahaku.fi\/?product=topran-600-469-paisuntasailion-korkki","title":{"rendered":"TOPRAN 600 469 Paisuntas\u00e4ili\u00f6n korkki"},"content":{"rendered":"<p>Materiaali: Muovi; Avauspaine (bar): 1,08; Valmistusvuosi alkaen: 04\/2008; TOYOTA: YARIS SCP9_, NSP9_, KSP9_, NCP9_, ZSP9_,AVENSIS Kombi T25,COROLLA Verso ZER_, ZZE12_, R1_,AURIS NRE15_, ZZE15_, ADE15_, ZRE15_, NDE15_,RAV 4 III ACA3_, ACE_, ALA3_, GSA3_, ZSA3_,RAV 4 II CLA2_, XA2_, ZCA2_, ACA2_,AVENSIS Station Wagon ZRT27, ADT27,VERSO _AUR2_, _ZGR2_,AVENSIS T25_,YARIS NHP13_, NSP13_, NCP13_, KSP13_, NLP13_,AURIS NZE18_, ZRE18_,AVENSIS Stufenheck T25,AURIS TOURING SPORTS ADE18_, ZWE18_, ZRE18_,IQ KPJ1_, NGJ1_, KGJ1_, NUJ1_,CELICA ZZT23_,PRIUS ZVW3_,AVENSIS Stufenheck ZRT27, ADT27,RAV 4 IV ZSA4_, ALA4_,LAND CRUISER KDJ12_, GRJ12_,HILUX III Pick-up TGN1_, GGN2_, GGN1_, KUN2_, KUN1_,MR 2 III ZZW3_,URBAN CRUISER NSP1_, NLP1_, ZSP1_, NCP11_,LAND CRUISER 150 KDJ15_, GRJ15_,LAND CRUISER VDJ20_, UZJ20_,COROLLA Stufenheck E15_,COROLLA Stufenheck NRE18_, ZRE17_, ZRE18_, NDE18_,PRIUS C NHP10_,CAMRY Stufenheck AVV5_, XV5_,FORTUNER Gel\u00e4ndewagen geschlossen TGN6_, KUN6_, GGN6_, TGN5,C-HR _X1_,HILUX Pick-up GUN1_; 1640130010, 1640130011, 1640130012, 1640130013, 1640153010, 1640175120, 1647528120, 1647528140, 1647537010, 1647537011, 1647551010; Korkki, Paisuntas\u00e4ili\u00f6<\/p>\n","protected":false},"excerpt":{"rendered":"<p>TOPRAN Paisuntas\u00e4ili\u00f6n Korkki 600 469 Korkki, Paisuntas\u00e4ili\u00f6 TOYOTA,YARIS SCP9_, NSP9_, KSP9_, NCP9_, ZSP9_,AVENSIS Kombi T25<\/p>\n","protected":false},"featured_media":0,"template":"","meta":{"site-sidebar-layout":"default","site-content-layout":"default","ast-global-header-display":"","ast-main-header-display":"","ast-hfb-above-header-display":"","ast-hfb-below-header-display":"","ast-hfb-mobile-header-display":"","site-post-title":"","ast-breadcrumbs-content":"","ast-featured-img":"","footer-sml-layout":"","theme-transparent-header-meta":"","adv-header-id-meta":"","stick-header-meta":"","header-above-stick-meta":"","header-main-stick-meta":"","header-below-stick-meta":""},"pwb-brand":[18],"product_cat":[99],"product_tag":[],"class_list":{"0":"post-17449","1":"product","2":"type-product","3":"status-publish","5":"pwb-brand-topran","6":"product_cat-paisuntasailion-korkki","7":"desktop-align-left","8":"tablet-align-left","9":"mobile-align-left","11":"first","12":"instock","13":"product-type-external"},"brands":[{"id":18,"name":"TOPRAN","slug":"topran"}],"_links":{"self":[{"href":"https:\/\/www.autonvaraosahaku.fi\/index.php?rest_route=\/wp\/v2\/product\/17449","targetHints":{"allow":["GET"]}}],"collection":[{"href":"https:\/\/www.autonvaraosahaku.fi\/index.php?rest_route=\/wp\/v2\/product"}],"about":[{"href":"https:\/\/www.autonvaraosahaku.fi\/index.php?rest_route=\/wp\/v2\/types\/product"}],"wp:attachment":[{"href":"https:\/\/www.autonvaraosahaku.fi\/index.php?rest_route=%2Fwp%2Fv2%2Fmedia&parent=17449"}],"wp:term":[{"taxonomy":"pwb-brand","embeddable":true,"href":"https:\/\/www.autonvaraosahaku.fi\/index.php?rest_route=%2Fwp%2Fv2%2Fpwb-brand&post=17449"},{"taxonomy":"product_cat","embeddable":true,"href":"https:\/\/www.autonvaraosahaku.fi\/index.php?rest_route=%2Fwp%2Fv2%2Fproduct_cat&post=17449"},{"taxonomy":"product_tag","embeddable":true,"href":"https:\/\/www.autonvaraosahaku.fi\/index.php?rest_route=%2Fwp%2Fv2%2Fproduct_tag&post=17449"}],"curies":[{"name":"wp","href":"https:\/\/api.w.org\/{rel}","templated":true}]}}