{"id":17455,"date":"2021-02-21T14:30:26","date_gmt":"2021-02-21T14:30:26","guid":{"rendered":"https:\/\/www.autonvaraosahaku.fi\/?product=valeo-810123-painelaakeri"},"modified":"2021-02-21T14:30:28","modified_gmt":"2021-02-21T14:30:28","slug":"valeo-810123-painelaakeri","status":"publish","type":"product","link":"https:\/\/www.autonvaraosahaku.fi\/?product=valeo-810123-painelaakeri","title":{"rendered":"VALEO 810123 Painelaakeri"},"content":{"rendered":"<p>Reik\u00e4-\u00d8 [mm]: 31; Materiaali: Alumiini; Kiinnitysreikien m\u00e4\u00e4r\u00e4 irroitinmekanismissa: 3; Korvaava tuote\/korvaava tiedote 2: Ilman anturia; Paino [kg]: 0,42; Vaihteistomalli: MQ350; VW: GOLF IV 1J1,GOLF V 1K1,POLO 9N_,TOURAN 1T1, 1T2,GOLF VI 5K1,PASSAT Variant 3C5,GOLF PLUS 5M1, 521,PASSAT 3C2,POLO 6R, 6C,TIGUAN 5N_,PASSAT Variant 365,GOLF IV Variant 1J5,SHARAN 7M8, 7M9, 7M6,CADDY III Kombi 2KB, 2KJ, 2CB, 2CJ,TRANSPORTER V Bus 7HB, 7HJ, 7EB, 7EJ, 7EF,TOURAN 1T3,GOLF VI Variant AJ5,GOLF V Variant 1K5,MULTIVAN V 7HM, 7HN, 7HF, 7EF, 7EM, 7EN,CADDY III Kasten 2KA, 2KH, 2CA, 2CH,BORA 1J2,EOS 1F7, 1F8,SCIROCCO 137, 138,TRANSPORTER V Kasten 7HA, 7HH, 7EA, 7EH,PASSAT CC 357,NEW BEETLE 9C1, 1C1,SHARAN 7N1, 7N2,BORA Kombi 1J6,JETTA III 1K2,PASSAT 362,CC 358,GOLF VI Cabriolet 517,BEETLE 5C1,JETTA IV 162, 163,TRANSPORTER V Pritsche\/Fahrgestell 7JD, 7JE, 7JL, 7JY, 7JZ,,PASSAT ALLTRACK 365,BEETLE Cabriolet 5C7,TIGUAN AD1,MULTIVAN VI SGF, SGM, SGN,TRANSPORTER VI Bus SGB, SGG, SGJ,TRANSPORTER VI Kasten SGA, SGH,TRANSPORTER VI Pritsche\/Fahrgestell SFD, SFE, SFL, SFZ; AUDI: A3 8P1,A3 8L1,A3 Sportback 8PA,TT 8N3,A3 Sportback 8VA,TT 8J3,Q3 8U,A1 8X1, 8XF,TT Roadster 8N9,A1 Sportback 8XA, 8XK,A3 Limousine 8VS,TT Roadster 8J9,A3 8V1,A3 Cabriolet 8P7; FORD: GALAXY WGR; SKODA: OCTAVIA Combi 1Z5,FABIA 6Y2,OCTAVIA Combi 1U5,OCTAVIA Combi 5E5,YETI 5L,SUPERB Kombi 3T5,OCTAVIA 1Z3,OCTAVIA 1U2,SUPERB 3T4,OCTAVIA 5E3; SEAT: IBIZA IV 6L1,LEON 1P1,IBIZA V 6J5, 6P5,LEON 1M1,ALTEA 5P1,ALHAMBRA 7V8, 7V9,ALTEA XL 5P5, 5P8,IBIZA V ST 6J8, 6P8,ALHAMBRA 710, 711,TOLEDO II 1M2,IBIZA V SPORTCOUPE 6J1, 6P1,CORDOBA 6L2,TOLEDO III 5P2; 02M141671, 02M141671A, 02M141671B, 0A5141671, 0A5141671A, 0A5141671E, 0A5141671F, 0A5141671H, 0A5141671L, 0A5141671N, 2M141671A, 2M141671B, A5141671, A5141671A, A5141671E, A5141671F, A5141671L, 1121672, 1203922, 1214516, 1424515, 2M217580AA, YM217580AA, YM217580AB, 02M141671, 02M141671A, 02M141671B, 0A5141671, 0A5141671A, 0A5141671E, 0A5141671F, 0A5141671H, 0A5141671L, 0A5141671N, 2M141671A, 2M141671B, A5141671, A5141671A, A5141671E, A5141671F, A5141671L, 02M141671, 02M141671A, 02M141671B, 0A5141671, 0A5141671A, 0A5141671E, 0A5141671F, 0A5141671H, 0A5141671L, 0A5141671N, 2M141671A, 2M141671B, A5141671, A5141671A, A5141671E, A5141671F, A5141671L, 02M141671, 02M141671A, 02M141671B, 05A141671A, 05A141671F, 0A5141671, 0A5141671A, 0A5141671E, 0A5141671F, 0A5141671H, 0A5141671L, 0A5141671M, 0A5141671N, 2M141671A, 2M141671B, 5A141671A, 5A141671F, A5141671, A5141671A, A5141671E, A5141671F, A5141671L, A5141671M<\/p>\n","protected":false},"excerpt":{"rendered":"<p>VALEO Irroitusmekanismi Kytkin 810123  VW,AUDI,FORD,GOLF IV 1J1,GOLF V 1K1,POLO 9N_,TOURAN 1T1, 1T2,GOLF VI 5K1,PASSAT Variant 3C5,GOLF PLUS 5M1, 521<\/p>\n","protected":false},"featured_media":0,"template":"","meta":{"site-sidebar-layout":"default","site-content-layout":"default","ast-global-header-display":"","ast-main-header-display":"","ast-hfb-above-header-display":"","ast-hfb-below-header-display":"","ast-hfb-mobile-header-display":"","site-post-title":"","ast-breadcrumbs-content":"","ast-featured-img":"","footer-sml-layout":"","theme-transparent-header-meta":"","adv-header-id-meta":"","stick-header-meta":"","header-above-stick-meta":"","header-main-stick-meta":"","header-below-stick-meta":""},"pwb-brand":[28],"product_cat":[223],"product_tag":[],"class_list":{"0":"post-17455","1":"product","2":"type-product","3":"status-publish","5":"pwb-brand-valeo","6":"product_cat-painelaakeri","7":"desktop-align-left","8":"tablet-align-left","9":"mobile-align-left","11":"first","12":"instock","13":"product-type-external"},"brands":[{"id":28,"name":"VALEO","slug":"valeo"}],"_links":{"self":[{"href":"https:\/\/www.autonvaraosahaku.fi\/index.php?rest_route=\/wp\/v2\/product\/17455","targetHints":{"allow":["GET"]}}],"collection":[{"href":"https:\/\/www.autonvaraosahaku.fi\/index.php?rest_route=\/wp\/v2\/product"}],"about":[{"href":"https:\/\/www.autonvaraosahaku.fi\/index.php?rest_route=\/wp\/v2\/types\/product"}],"wp:attachment":[{"href":"https:\/\/www.autonvaraosahaku.fi\/index.php?rest_route=%2Fwp%2Fv2%2Fmedia&parent=17455"}],"wp:term":[{"taxonomy":"pwb-brand","embeddable":true,"href":"https:\/\/www.autonvaraosahaku.fi\/index.php?rest_route=%2Fwp%2Fv2%2Fpwb-brand&post=17455"},{"taxonomy":"product_cat","embeddable":true,"href":"https:\/\/www.autonvaraosahaku.fi\/index.php?rest_route=%2Fwp%2Fv2%2Fproduct_cat&post=17455"},{"taxonomy":"product_tag","embeddable":true,"href":"https:\/\/www.autonvaraosahaku.fi\/index.php?rest_route=%2Fwp%2Fv2%2Fproduct_tag&post=17455"}],"curies":[{"name":"wp","href":"https:\/\/api.w.org\/{rel}","templated":true}]}}