{"id":17456,"date":"2021-02-21T14:30:26","date_gmt":"2021-02-21T14:30:26","guid":{"rendered":"https:\/\/www.autonvaraosahaku.fi\/?product=swag-44-10-2630-pyoranpultit"},"modified":"2021-02-21T14:30:28","modified_gmt":"2021-02-21T14:30:28","slug":"swag-44-10-2630-pyoranpultit","status":"publish","type":"product","link":"https:\/\/www.autonvaraosahaku.fi\/?product=swag-44-10-2630-pyoranpultit","title":{"rendered":"SWAG 44 10 2630 Py\u00f6r\u00e4npultit"},"content":{"rendered":"<p>Paksuus [mm]: 46,0; Ulkol\u00e4pimitta [mm]: 34,0; Sis\u00e4kierre (mm): M14 x 1,5; Laatu \/ luokka: 8; Avainv\u00e4li: 22; Ruuvikanta\/mutteriprofiili: Kuusioruuvi \/-mutteri; Pultti\/mutteri malli: Peltimutteri; Py\u00f6r\u00e4n kiinnitys: Sile\u00e4 istukka; Materiaali: Ter\u00e4s; Pinta: Sinkitetty; Asennuspuoli: Etuakseli, Taka-akseli; Paino [kg]: 0,122, 0,122; Alustanumerosta: GA906331; LAND ROVER: RANGE ROVER SPORT LS,RANGE ROVER III LM,DISCOVERY IV LA,RANGE ROVER SPORT LW,RANGE ROVER IV LG,DISCOVERY V LR_; LR068126, RRD500510, RRD500590; Py\u00f6r\u00e4n Mutteri<\/p>\n","protected":false},"excerpt":{"rendered":"<p>SWAG Py\u00f6r\u00e4nmutterit 44 10 2630 Py\u00f6r\u00e4n Mutteri LAND ROVER,RANGE ROVER SPORT LS,RANGE ROVER III LM,DISCOVERY IV LA,RANGE ROVER SPORT LW<\/p>\n","protected":false},"featured_media":0,"template":"","meta":{"site-sidebar-layout":"default","site-content-layout":"default","ast-global-header-display":"","ast-main-header-display":"","ast-hfb-above-header-display":"","ast-hfb-below-header-display":"","ast-hfb-mobile-header-display":"","site-post-title":"","ast-breadcrumbs-content":"","ast-featured-img":"","footer-sml-layout":"","theme-transparent-header-meta":"","adv-header-id-meta":"","stick-header-meta":"","header-above-stick-meta":"","header-main-stick-meta":"","header-below-stick-meta":""},"pwb-brand":[103],"product_cat":[51],"product_tag":[],"class_list":{"0":"post-17456","1":"product","2":"type-product","3":"status-publish","5":"pwb-brand-swag","6":"product_cat-pyoranpultit","7":"desktop-align-left","8":"tablet-align-left","9":"mobile-align-left","11":"first","12":"instock","13":"product-type-external"},"brands":[{"id":103,"name":"SWAG","slug":"swag"}],"_links":{"self":[{"href":"https:\/\/www.autonvaraosahaku.fi\/index.php?rest_route=\/wp\/v2\/product\/17456","targetHints":{"allow":["GET"]}}],"collection":[{"href":"https:\/\/www.autonvaraosahaku.fi\/index.php?rest_route=\/wp\/v2\/product"}],"about":[{"href":"https:\/\/www.autonvaraosahaku.fi\/index.php?rest_route=\/wp\/v2\/types\/product"}],"wp:attachment":[{"href":"https:\/\/www.autonvaraosahaku.fi\/index.php?rest_route=%2Fwp%2Fv2%2Fmedia&parent=17456"}],"wp:term":[{"taxonomy":"pwb-brand","embeddable":true,"href":"https:\/\/www.autonvaraosahaku.fi\/index.php?rest_route=%2Fwp%2Fv2%2Fpwb-brand&post=17456"},{"taxonomy":"product_cat","embeddable":true,"href":"https:\/\/www.autonvaraosahaku.fi\/index.php?rest_route=%2Fwp%2Fv2%2Fproduct_cat&post=17456"},{"taxonomy":"product_tag","embeddable":true,"href":"https:\/\/www.autonvaraosahaku.fi\/index.php?rest_route=%2Fwp%2Fv2%2Fproduct_tag&post=17456"}],"curies":[{"name":"wp","href":"https:\/\/api.w.org\/{rel}","templated":true}]}}