{"id":17464,"date":"2021-02-21T14:30:30","date_gmt":"2021-02-21T14:30:30","guid":{"rendered":"https:\/\/www.autonvaraosahaku.fi\/?product=ridex-3922l0095-lambda-anturi"},"modified":"2021-02-21T14:30:32","modified_gmt":"2021-02-21T14:30:32","slug":"ridex-3922l0095-lambda-anturi","status":"publish","type":"product","link":"https:\/\/www.autonvaraosahaku.fi\/?product=ridex-3922l0095-lambda-anturi","title":{"rendered":"RIDEX 3922L0095 Lambda anturi"},"content":{"rendered":"<p>Johtimien m\u00e4\u00e4r\u00e4: 4; Kaapelinmitta (mm): 480; Lambdatunnistin: Diagnosesonde; SAAB: 900 II Coupe; MINI: MINI R56,MINI R50, R53,MINI CLUBMAN R55,MINI Cabriolet R57,MINI COUNTRYMAN R60,MINI Coupe R58,MINI Roadster R59,MINI PACEMAN R61,MINI CLUBVAN R55; FIAT: QUBO 225,FIORINO Kasten\/Kombi 225; CITRO\u00cbN: BERLINGO MF,C2 JM_,C3 I FC_,BERLINGO B9,C5 III Break TD_,C4 Picasso I UD_,C4 Grand Picasso I UA_,C4 I LC_,SAXO S0, S1,DS3,BERLINGO Kasten M_,C3 Picasso,C5 III RD_,C3 II,XSARA N1,C4 Coupe LA_,C3 Pluriel HB_,C4 II B7,XSARA Break N2,BERLINGO Kasten B9,C4 Grand Picasso II,C4 Picasso II,DS4,XSARA Coupe N0,NEMO Kasten AA_,DS5,NEMO Kombi,DS3 Cabriolet; PEUGEOT: 206 Schr\u00e4gheck 2A\/C,207 WA_, WC_,307 SW 3H,207 CC WD_,307 3A\/C,207 SW WK_,308 SW,206 SW 2E\/K,208,106 II 1,206+ T3E,308 4A_, 4C_,5008,307 Break 3E,508 SW,306 Schr\u00e4gheck 7A, 7C, N3, N5,3008,PARTNER Tepee,RCZ,308 CC,1007 KM_,PARTNER Combispace 5F,2008,PARTNER Kasten 5,306 Break 7E, N3, N5,508,306 7B, N3, N5,PARTNER Kasten,207 Stufenheck,206 Stufenheck,BIPPER AA_,BIPPER Tepee,207 Van; 9636968380, 11787548961, 1618V3, 1628NY, 7548961, 754896180, 96369683, 9636968380, V7548961, V754896180, 9636968380, 9636968380, 11787548961, 7548961, 1618V3, 1628NY, 7548961, 754896180, 96369683, 9636968380, V7548961, V754896180; Lambdatunnistin,Happianturi<\/p>\n","protected":false},"excerpt":{"rendered":"<p>RIDEX Lambda Anturi 3922L0095 Lambdatunnistin,Happianturi SAAB,MINI,FIAT,900 II Coupe,MINI R56,MINI R50, R53,MINI CLUBMAN R55,MINI Cabriolet R57<\/p>\n","protected":false},"featured_media":0,"template":"","meta":{"site-sidebar-layout":"default","site-content-layout":"default","ast-global-header-display":"","ast-main-header-display":"","ast-hfb-above-header-display":"","ast-hfb-below-header-display":"","ast-hfb-mobile-header-display":"","site-post-title":"","ast-breadcrumbs-content":"","ast-featured-img":"","footer-sml-layout":"","theme-transparent-header-meta":"","adv-header-id-meta":"","stick-header-meta":"","header-above-stick-meta":"","header-main-stick-meta":"","header-below-stick-meta":""},"pwb-brand":[157],"product_cat":[264],"product_tag":[],"class_list":{"0":"post-17464","1":"product","2":"type-product","3":"status-publish","5":"pwb-brand-ridex","6":"product_cat-lambda-anturi","7":"desktop-align-left","8":"tablet-align-left","9":"mobile-align-left","11":"first","12":"instock","13":"product-type-external"},"brands":[{"id":157,"name":"RIDEX","slug":"ridex"}],"_links":{"self":[{"href":"https:\/\/www.autonvaraosahaku.fi\/index.php?rest_route=\/wp\/v2\/product\/17464","targetHints":{"allow":["GET"]}}],"collection":[{"href":"https:\/\/www.autonvaraosahaku.fi\/index.php?rest_route=\/wp\/v2\/product"}],"about":[{"href":"https:\/\/www.autonvaraosahaku.fi\/index.php?rest_route=\/wp\/v2\/types\/product"}],"wp:attachment":[{"href":"https:\/\/www.autonvaraosahaku.fi\/index.php?rest_route=%2Fwp%2Fv2%2Fmedia&parent=17464"}],"wp:term":[{"taxonomy":"pwb-brand","embeddable":true,"href":"https:\/\/www.autonvaraosahaku.fi\/index.php?rest_route=%2Fwp%2Fv2%2Fpwb-brand&post=17464"},{"taxonomy":"product_cat","embeddable":true,"href":"https:\/\/www.autonvaraosahaku.fi\/index.php?rest_route=%2Fwp%2Fv2%2Fproduct_cat&post=17464"},{"taxonomy":"product_tag","embeddable":true,"href":"https:\/\/www.autonvaraosahaku.fi\/index.php?rest_route=%2Fwp%2Fv2%2Fproduct_tag&post=17464"}],"curies":[{"name":"wp","href":"https:\/\/api.w.org\/{rel}","templated":true}]}}