{"id":17471,"date":"2021-02-21T14:30:30","date_gmt":"2021-02-21T14:30:30","guid":{"rendered":"https:\/\/www.autonvaraosahaku.fi\/?product=maxgear-26-1239-polttoainesuodatin"},"modified":"2021-02-21T14:30:32","modified_gmt":"2021-02-21T14:30:32","slug":"maxgear-26-1239-polttoainesuodatin","status":"publish","type":"product","link":"https:\/\/www.autonvaraosahaku.fi\/?product=maxgear-26-1239-polttoainesuodatin","title":{"rendered":"MAXGEAR 26-1239 Polttoainesuodatin"},"content":{"rendered":"<p>Ulkol\u00e4pimitta [mm]: 64; Sis\u00e4l\u00e4pimitta [mm]: 18; Korkeus (mm): 74; Moottorinumero: DV6EFE; FORD USA: EDGE; FORD: FIESTA VI,FOCUS III Turnier,FOCUS III,C-MAX II,KUGA II DM2,GRAND C-MAX,B-MAX JK,FOCUS III Stufenheck,FIESTA VI Van,TRANSIT CONNECT Kasten,MONDEO V Turnier,S-MAX,MONDEO V Stufenheck,GALAXY,MONDEO V Schr\u00e4gheck,TRANSIT CONNECT Kombi,TRANSIT COURIER Kasten,TRANSIT COURIER Kombi; CITRO\u00cbN: BERLINGO B9,C5 III Break TD_,DS3,C3 Picasso,C5 III RD_,C3 II,C4 II B7,BERLINGO Kasten B9,C4 Grand Picasso II,C4 Picasso II,DS4,DS5,DS3 Cabriolet,BERLINGO Pritsche\/Fahrgestell B9,C-ELYSEE,C4 CACTUS,JUMPY Kasten,SPACETOURER,C3 III SX,C3 AIRCROSS II,JUMPY,JUMPY Pritsche\/Fahrgestell; PEUGEOT: 208,5008,508 SW,3008,PARTNER Tepee,2008,508,PARTNER Kasten,308 II,301,308 SW II,3008 SUV,EXPERT Kasten,5008 II,TRAVELLER,306 Kasten\/Schr\u00e4gheck,208 Kasten; DS: DS 3,DS5,DS 4 \/ DS 4 CROSSBACK,DS 3 Cabriolet; 1870169, 1872152, DS7Q9176AA, FM5Q9155AA, FM5Q9176AA, 9676133480, 9801366680, 5000789067<\/p>\n","protected":false},"excerpt":{"rendered":"<p>MAXGEAR Polttoainesuodatin 26-1239  FORD USA,FORD,CITRO\u00cbN,EDGE,FIESTA VI,FOCUS III Turnier,FOCUS III,C-MAX II,KUGA II DM2,GRAND C-MAX,B-MAX JK<\/p>\n","protected":false},"featured_media":0,"template":"","meta":{"site-sidebar-layout":"default","site-content-layout":"default","ast-global-header-display":"","ast-main-header-display":"","ast-hfb-above-header-display":"","ast-hfb-below-header-display":"","ast-hfb-mobile-header-display":"","site-post-title":"","ast-breadcrumbs-content":"","ast-featured-img":"","footer-sml-layout":"","theme-transparent-header-meta":"","adv-header-id-meta":"","stick-header-meta":"","header-above-stick-meta":"","header-main-stick-meta":"","header-below-stick-meta":""},"pwb-brand":[48],"product_cat":[29],"product_tag":[],"class_list":{"0":"post-17471","1":"product","2":"type-product","3":"status-publish","5":"pwb-brand-maxgear","6":"product_cat-polttoainesuodatin","7":"desktop-align-left","8":"tablet-align-left","9":"mobile-align-left","11":"first","12":"instock","13":"product-type-external"},"brands":[{"id":48,"name":"MAXGEAR","slug":"maxgear"}],"_links":{"self":[{"href":"https:\/\/www.autonvaraosahaku.fi\/index.php?rest_route=\/wp\/v2\/product\/17471","targetHints":{"allow":["GET"]}}],"collection":[{"href":"https:\/\/www.autonvaraosahaku.fi\/index.php?rest_route=\/wp\/v2\/product"}],"about":[{"href":"https:\/\/www.autonvaraosahaku.fi\/index.php?rest_route=\/wp\/v2\/types\/product"}],"wp:attachment":[{"href":"https:\/\/www.autonvaraosahaku.fi\/index.php?rest_route=%2Fwp%2Fv2%2Fmedia&parent=17471"}],"wp:term":[{"taxonomy":"pwb-brand","embeddable":true,"href":"https:\/\/www.autonvaraosahaku.fi\/index.php?rest_route=%2Fwp%2Fv2%2Fpwb-brand&post=17471"},{"taxonomy":"product_cat","embeddable":true,"href":"https:\/\/www.autonvaraosahaku.fi\/index.php?rest_route=%2Fwp%2Fv2%2Fproduct_cat&post=17471"},{"taxonomy":"product_tag","embeddable":true,"href":"https:\/\/www.autonvaraosahaku.fi\/index.php?rest_route=%2Fwp%2Fv2%2Fproduct_tag&post=17471"}],"curies":[{"name":"wp","href":"https:\/\/api.w.org\/{rel}","templated":true}]}}