{"id":17497,"date":"2021-02-21T14:30:35","date_gmt":"2021-02-21T14:30:35","guid":{"rendered":"https:\/\/www.autonvaraosahaku.fi\/?product=motul-109240-moottorioljy"},"modified":"2021-02-21T14:30:37","modified_gmt":"2021-02-21T14:30:37","slug":"motul-109240-moottorioljy","status":"publish","type":"product","link":"https:\/\/www.autonvaraosahaku.fi\/?product=motul-109240-moottorioljy","title":{"rendered":"MOTUL 109240 Moottori\u00f6ljy"},"content":{"rendered":"<p>Viskositeettiluokka SAE: 5W-30; Erittely: ACEA A5, ACEA B5; Tuotelinja: SPECIFIC; Versio: 913D; Tilavuus (litra): 1; Valmistajan hyv\u00e4ksym\u00e4: Ford WSS-M2C913-D; Moottorinumero: PNDA Sigma Duratec T; MAZDA: 5 CR19,3 BK,6 Station Wagon GY,CX-5 KE, GH,MX-5 II NB,6 Kombi GH,2 DE,323 F VI BJ,PREMACY CP,CX-7 ER,6 Hatchback GG,6 GG,3 BL,TRIBUTE EP,5 CW,3 BM,MX-5 III NC,DEMIO DW,6 Kombi GJ, GH,6 Schr\u00e4gheck GH,RX 8 SE17,3 Stufenheck BK,6 GH,MPV II LW,6 Stufenheck GJ, GH,3 Stufenheck BL,FAMILIA VI BJ,3 Stufenheck BM,BT-50 CD, UN,XEDOS 9 TA,FAMILIA V BG8,E-SERIE Kasten SR2,BT-50 Pritsche\/Fahrgestell CD, UN,2 DL, DJ,BT-50 Pick-up B22, B32, UP,CX-3 DK,CX-5 KF,MX-5 IV ND,MX-5 RF ND; KIA: SORENTO I JC,PICANTO BA,SPORTAGE SL,SPORTAGE JE_, KM_,VENGA YN,SORENTO II XM,CARENS II FJ,RIO III UB,RIO II JB,CEE&#8217;D JD,CARENS III UN,CARNIVAL II GQ,CARNIVAL \/ GRAND CARNIVAL III VQ,CEE`D Sportswagon JD,CARENS IV,CERATO LD,MAGENTIS GD,MAGENTIS MG,PRO CEE\u00b4D JD,OPIRUS GH,CERATO Stufenheck LD,RIO II Stufenheck JB,OPTIMA,JOICE,RIO III Stufenheck UB,CARNIVAL I UP,SPORTAGE QL,CERATO II Stufenheck TD,SORENTO III,SOUL II PS,BORREGO,NIRO,OPTIMA Sportswagon,CERATO YD Stufenheck,STINGER CK,CADENZA,RIO IV YB,CEE&#8217;D Combi Van JD; LAND ROVER: FREELANDER 2 FA_,DEFENDER Station Wagon LD,RANGE ROVER SPORT LS,RANGE ROVER EVOQUE LV,RANGE ROVER III LM,DISCOVERY III TAA,DISCOVERY IV LA,DISCOVERY II LJ, LT,DEFENDER Pick-up LD_,DEFENDER Cabrio LD,DEFENDER Pritsche\/Fahrgestell LD,DISCOVERY SPORT LC; FORD USA: EXPLORER U2,WINDSTAR A3,EXPLORER UN46,CROWN VICTORIA,EXPLORER,MUSTANG Coupe C,MUSTANG Convertible C,EXPEDITION,ESCAPE,AEROSTAR,TAURUS P5_,TAURUS Wagon P5_,THUNDERBIRD Cabriolet,MUSTANG Coupe,MUSTANG Convertible,CONTOUR; JAGUAR: S-TYPE CCX,XF _J05_, CC9,X-TYPE CF1,X-TYPE Estate,XJ X350, X358,XK 8 Convertible QDV,XK 8 Coupe QEV,XK Coupe QQ6_, _J43_,XK Cabriolet _J43_,XJ X35_, _J12_, _J24_; HYUNDAI: ix35 LM, EL, ELH,GETZ TB,TUCSON JM,i40 CW VF,SANTA F\u00c9 I SM,SANTA F\u00c9 II CM,i30 GD,ix20 JC,MATRIX FC,TERRACAN HP,i30 CW GD,COUPE GK,H-1 Travel TQ,ATOS MX,SONATA V NF,SANTA F\u00c9 III DM,i30 Coupe,SONATA IV EF,GENESIS Coupe,ACCENT II LC,VELOSTER FS,i40 VF,H-1 Cargo TQ,ACCENT III MC,ELANTRA XD,ACCENT III Stufenheck MC,ELANTRA Stufenheck XD,ACCENT II Stufenheck LC,GRANDEUR TG,XG XG,GRAND SANTA F\u00c9,LANTRA II J-2,TUCSON,i10 IA,i20 GB,TIBURON Coupe,SONATA VI YF,ELANTRA Stufenheck HD,ACCENT IV Stufenheck RB,i30 PDE,IONIQ AE,GRANDEUR HG,i30 Kombi PDE,i20 ACTIVE GB,i20 Coupe,i10 Stufenheck,KONA OS,GENESIS DH,i30 FASTBACK PDE,ELANTRA Stufenheck AD; VOLVO: V50 MW,XC60,V70 III BW,C30,S80 I TS, XY,V60,S40 II MS,C70 II Cabriolet,V40 Schr\u00e4gheck,S80 II AS,S60 II; FORD: FIESTA V JH_, JD_,MONDEO III Kombi BWY,FOCUS II Kombi DA_,FIESTA VI,MONDEO IV Turnier BA7,FOCUS Kombi DNW,FOCUS II DA_,FOCUS DAW, DBW,S-MAX WA6,FOCUS III Turnier,GALAXY WGR,FOCUS C-MAX,FIESTA IV JA_, JB_,GALAXY WA6,KUGA I,FUSION JU_,KA RB_,MONDEO III B5Y,C-MAX DM2,FOCUS III,MAVERICK,TRANSIT MK-7 Kasten,C-MAX II,RANGER TKE,MONDEO IV BA7,MONDEO III Stufenheck B4Y,KUGA II DM2,GRAND C-MAX,FOCUS Stufenheck DFW,TRANSIT MK-7 Bus,STREET KA RL2,MONDEO II Kombi BNP,FIESTA III GFJ,TRANSIT Kasten FA_ _,TRANSIT CONNECT P65_, P70_, P80_,FOCUS II Stufenheck DA_,TRANSIT Bus FD_ _, FB_ _, FS_ _, FZ_ _, FC_ _,B-MAX JK,FOCUS II Cabriolet,COUGAR EC_,MONDEO II BAP,TOURNEO CONNECT,RANGER ES, ET,RANGER ER, EQ,ECOSPORT,TRANSIT MK-7 Pritsche\/Fahrgestell,PUMA EC_,TRANSIT Pritsche\/Fahrgestell FM_ _, FN_ _,FOCUS III Stufenheck,TRANSIT CUSTOM Kasten,TOURNEO CUSTOM Bus,MONDEO IV Stufenheck BA7,ESCORT VII GAL, AAL, ABL,TRANSIT TOURNEO FB,MONDEO II Stufenheck BFP,MONDEO I Kombi BNP,TRA<\/p>\n","protected":false},"excerpt":{"rendered":"<p>MOTUL Moottori\u00f6ljy SPECIFIC 913D 5W30 109240<\/p>\n","protected":false},"featured_media":0,"template":"","meta":{"site-sidebar-layout":"default","site-content-layout":"default","ast-global-header-display":"","ast-main-header-display":"","ast-hfb-above-header-display":"","ast-hfb-below-header-display":"","ast-hfb-mobile-header-display":"","site-post-title":"","ast-breadcrumbs-content":"","ast-featured-img":"","footer-sml-layout":"","theme-transparent-header-meta":"","adv-header-id-meta":"","stick-header-meta":"","header-above-stick-meta":"","header-main-stick-meta":"","header-below-stick-meta":""},"pwb-brand":[140],"product_cat":[129],"product_tag":[],"class_list":{"0":"post-17497","1":"product","2":"type-product","3":"status-publish","5":"pwb-brand-motul","6":"product_cat-moottorioljy","7":"desktop-align-left","8":"tablet-align-left","9":"mobile-align-left","11":"first","12":"instock","13":"product-type-external"},"brands":[{"id":140,"name":"MOTUL","slug":"motul"}],"_links":{"self":[{"href":"https:\/\/www.autonvaraosahaku.fi\/index.php?rest_route=\/wp\/v2\/product\/17497","targetHints":{"allow":["GET"]}}],"collection":[{"href":"https:\/\/www.autonvaraosahaku.fi\/index.php?rest_route=\/wp\/v2\/product"}],"about":[{"href":"https:\/\/www.autonvaraosahaku.fi\/index.php?rest_route=\/wp\/v2\/types\/product"}],"wp:attachment":[{"href":"https:\/\/www.autonvaraosahaku.fi\/index.php?rest_route=%2Fwp%2Fv2%2Fmedia&parent=17497"}],"wp:term":[{"taxonomy":"pwb-brand","embeddable":true,"href":"https:\/\/www.autonvaraosahaku.fi\/index.php?rest_route=%2Fwp%2Fv2%2Fpwb-brand&post=17497"},{"taxonomy":"product_cat","embeddable":true,"href":"https:\/\/www.autonvaraosahaku.fi\/index.php?rest_route=%2Fwp%2Fv2%2Fproduct_cat&post=17497"},{"taxonomy":"product_tag","embeddable":true,"href":"https:\/\/www.autonvaraosahaku.fi\/index.php?rest_route=%2Fwp%2Fv2%2Fproduct_tag&post=17497"}],"curies":[{"name":"wp","href":"https:\/\/api.w.org\/{rel}","templated":true}]}}