{"id":17508,"date":"2021-02-21T14:30:39","date_gmt":"2021-02-21T14:30:39","guid":{"rendered":"https:\/\/www.autonvaraosahaku.fi\/?product=m-tech-clp007-rekisterikilven-valo"},"modified":"2021-02-21T14:30:41","modified_gmt":"2021-02-21T14:30:41","slug":"m-tech-clp007-rekisterikilven-valo","status":"publish","type":"product","link":"https:\/\/www.autonvaraosahaku.fi\/?product=m-tech-clp007-rekisterikilven-valo","title":{"rendered":"M-TECH CLP007 Rekisterikilven valo"},"content":{"rendered":"<p>M\u00e4\u00e4r\u00e4: 2; M\u00e4\u00e4r\u00e4yksikk\u00f6: Sarja; V\u00e4ril\u00e4mp\u00f6 [K]: 5000; Tiedonsiirto: CAN-Bus-j\u00e4rjestelm\u00e4lle; Lyhdyn muoto: LED; Lamppumalli: LED; Valotoiminto: Tunnusvalolle; J\u00e4nnite (V): 12; BMW: 3 E46,3 Touring E46; 51138236269, 51138236854; Rekisterivalo<\/p>\n","protected":false},"excerpt":{"rendered":"<p>M-TECH Rekisterikilven Valo CLP007 Rekisterivalo BMW,3 E46,3 Touring E46<\/p>\n","protected":false},"featured_media":0,"template":"","meta":{"site-sidebar-layout":"default","site-content-layout":"default","ast-global-header-display":"","ast-main-header-display":"","ast-hfb-above-header-display":"","ast-hfb-below-header-display":"","ast-hfb-mobile-header-display":"","site-post-title":"","ast-breadcrumbs-content":"","ast-featured-img":"","footer-sml-layout":"","theme-transparent-header-meta":"","adv-header-id-meta":"","stick-header-meta":"","header-above-stick-meta":"","header-main-stick-meta":"","header-below-stick-meta":""},"pwb-brand":[374],"product_cat":[55],"product_tag":[],"class_list":{"0":"post-17508","1":"product","2":"type-product","3":"status-publish","5":"pwb-brand-m-tech","6":"product_cat-rekisterikilven-valo","7":"desktop-align-left","8":"tablet-align-left","9":"mobile-align-left","11":"first","12":"instock","13":"product-type-external"},"brands":[{"id":374,"name":"M-TECH","slug":"m-tech"}],"_links":{"self":[{"href":"https:\/\/www.autonvaraosahaku.fi\/index.php?rest_route=\/wp\/v2\/product\/17508","targetHints":{"allow":["GET"]}}],"collection":[{"href":"https:\/\/www.autonvaraosahaku.fi\/index.php?rest_route=\/wp\/v2\/product"}],"about":[{"href":"https:\/\/www.autonvaraosahaku.fi\/index.php?rest_route=\/wp\/v2\/types\/product"}],"wp:attachment":[{"href":"https:\/\/www.autonvaraosahaku.fi\/index.php?rest_route=%2Fwp%2Fv2%2Fmedia&parent=17508"}],"wp:term":[{"taxonomy":"pwb-brand","embeddable":true,"href":"https:\/\/www.autonvaraosahaku.fi\/index.php?rest_route=%2Fwp%2Fv2%2Fpwb-brand&post=17508"},{"taxonomy":"product_cat","embeddable":true,"href":"https:\/\/www.autonvaraosahaku.fi\/index.php?rest_route=%2Fwp%2Fv2%2Fproduct_cat&post=17508"},{"taxonomy":"product_tag","embeddable":true,"href":"https:\/\/www.autonvaraosahaku.fi\/index.php?rest_route=%2Fwp%2Fv2%2Fproduct_tag&post=17508"}],"curies":[{"name":"wp","href":"https:\/\/api.w.org\/{rel}","templated":true}]}}