{"id":17514,"date":"2021-02-21T14:30:39","date_gmt":"2021-02-21T14:30:39","guid":{"rendered":"https:\/\/www.autonvaraosahaku.fi\/?product=snr-kblf41788-jousijalan-tukilaakeri"},"modified":"2021-02-21T14:30:41","modified_gmt":"2021-02-21T14:30:41","slug":"snr-kblf41788-jousijalan-tukilaakeri","status":"publish","type":"product","link":"https:\/\/www.autonvaraosahaku.fi\/?product=snr-kblf41788-jousijalan-tukilaakeri","title":{"rendered":"SNR KBLF41788 Jousijalan tukilaakeri"},"content":{"rendered":"<p>Paino [g]: 362; Ulkol\u00e4pimitta 1 [mm]: 101; Korkeus (mm): 32; Valmistusvuoteen: 04\/2013; ABARTH: PUNTO 199_,PUNTO EVO 199_; LANCIA: YPSILON 843,YPSILON 312, 846; FIAT: GRANDE PUNTO 199,PUNTO EVO 199,PUNTO 199,PUNTO Van 199,GRANDE PUNTO Van 199_,PUNTO EVO Van 199_; ALFA ROMEO: MITO 955; 50510134, 50521707, 52027765, 50510134, 50521707, 52027765, 50521707, 52027765, 50510134, 50521707, 52027765, 50521707, 52027765; Iskarin Yl\u00e4p\u00e4\u00e4,Iskunvaimentimen Yl\u00e4p\u00e4\u00e4<\/p>\n","protected":false},"excerpt":{"rendered":"<p>SNR Jousijalan Tukilaakeri KBLF41788 Iskarin Yl\u00e4p\u00e4\u00e4,Iskunvaimentimen Yl\u00e4p\u00e4\u00e4 ABARTH,LANCIA,FIAT,PUNTO 199_,PUNTO EVO 199_,YPSILON 843,YPSILON 312, 846<\/p>\n","protected":false},"featured_media":0,"template":"","meta":{"site-sidebar-layout":"default","site-content-layout":"default","ast-global-header-display":"","ast-main-header-display":"","ast-hfb-above-header-display":"","ast-hfb-below-header-display":"","ast-hfb-mobile-header-display":"","site-post-title":"","ast-breadcrumbs-content":"","ast-featured-img":"","footer-sml-layout":"","theme-transparent-header-meta":"","adv-header-id-meta":"","stick-header-meta":"","header-above-stick-meta":"","header-main-stick-meta":"","header-below-stick-meta":""},"pwb-brand":[342],"product_cat":[45],"product_tag":[],"class_list":{"0":"post-17514","1":"product","2":"type-product","3":"status-publish","5":"pwb-brand-snr","6":"product_cat-jousijalan-tukilaakeri","7":"desktop-align-left","8":"tablet-align-left","9":"mobile-align-left","11":"first","12":"instock","13":"product-type-external"},"brands":[{"id":342,"name":"SNR","slug":"snr"}],"_links":{"self":[{"href":"https:\/\/www.autonvaraosahaku.fi\/index.php?rest_route=\/wp\/v2\/product\/17514","targetHints":{"allow":["GET"]}}],"collection":[{"href":"https:\/\/www.autonvaraosahaku.fi\/index.php?rest_route=\/wp\/v2\/product"}],"about":[{"href":"https:\/\/www.autonvaraosahaku.fi\/index.php?rest_route=\/wp\/v2\/types\/product"}],"wp:attachment":[{"href":"https:\/\/www.autonvaraosahaku.fi\/index.php?rest_route=%2Fwp%2Fv2%2Fmedia&parent=17514"}],"wp:term":[{"taxonomy":"pwb-brand","embeddable":true,"href":"https:\/\/www.autonvaraosahaku.fi\/index.php?rest_route=%2Fwp%2Fv2%2Fpwb-brand&post=17514"},{"taxonomy":"product_cat","embeddable":true,"href":"https:\/\/www.autonvaraosahaku.fi\/index.php?rest_route=%2Fwp%2Fv2%2Fproduct_cat&post=17514"},{"taxonomy":"product_tag","embeddable":true,"href":"https:\/\/www.autonvaraosahaku.fi\/index.php?rest_route=%2Fwp%2Fv2%2Fproduct_tag&post=17514"}],"curies":[{"name":"wp","href":"https:\/\/api.w.org\/{rel}","templated":true}]}}