{"id":17525,"date":"2021-02-21T14:30:43","date_gmt":"2021-02-21T14:30:43","guid":{"rendered":"https:\/\/www.autonvaraosahaku.fi\/?product=gates-09-0236-ahdinletku"},"modified":"2021-02-21T14:30:44","modified_gmt":"2021-02-21T14:30:44","slug":"gates-09-0236-ahdinletku","status":"publish","type":"product","link":"https:\/\/www.autonvaraosahaku.fi\/?product=gates-09-0236-ahdinletku","title":{"rendered":"GATES 09-0236 Ahdinletku"},"content":{"rendered":"<p>Materiaali: PE (polyeteeni); V\u00e4ri: Musta; Letkupituus [mm]: 55; Sis\u00e4l\u00e4pimitta 1 [mm]: 48; Sis\u00e4l\u00e4pimitta 2 [mm]: 48; Apulaitteet: angetr. Agg.: Turbokompressor; VW: PASSAT Variant 3B5,PASSAT Variant 3A5, 35I,PASSAT 3B2,PASSAT 3A2, 35I; AUDI: A4 8D2, B5,A6 Avant 4B5, C5,A4 Avant 8D5, B5,A6 4B2, C5; SEAT: TOLEDO I 1L; 1H0145834J, 1H0145834J, 1H0145834J; Turbon Letkut,Turbon Putket<\/p>\n","protected":false},"excerpt":{"rendered":"<p>GATES Ahdinletku 09-0236 Turbon Letkut,Turbon Putket VW,AUDI,SEAT,PASSAT Variant 3B5,PASSAT Variant 3A5, 35I,PASSAT 3B2,PASSAT 3A2, 35I,A4 8D2, B5<\/p>\n","protected":false},"featured_media":0,"template":"","meta":{"site-sidebar-layout":"default","site-content-layout":"default","ast-global-header-display":"","ast-main-header-display":"","ast-hfb-above-header-display":"","ast-hfb-below-header-display":"","ast-hfb-mobile-header-display":"","site-post-title":"","ast-breadcrumbs-content":"","ast-featured-img":"","footer-sml-layout":"","theme-transparent-header-meta":"","adv-header-id-meta":"","stick-header-meta":"","header-above-stick-meta":"","header-main-stick-meta":"","header-below-stick-meta":""},"pwb-brand":[22],"product_cat":[113],"product_tag":[],"class_list":{"0":"post-17525","1":"product","2":"type-product","3":"status-publish","5":"pwb-brand-gates","6":"product_cat-ahdinletku","7":"desktop-align-left","8":"tablet-align-left","9":"mobile-align-left","11":"first","12":"instock","13":"product-type-external"},"brands":[{"id":22,"name":"GATES","slug":"gates"}],"_links":{"self":[{"href":"https:\/\/www.autonvaraosahaku.fi\/index.php?rest_route=\/wp\/v2\/product\/17525","targetHints":{"allow":["GET"]}}],"collection":[{"href":"https:\/\/www.autonvaraosahaku.fi\/index.php?rest_route=\/wp\/v2\/product"}],"about":[{"href":"https:\/\/www.autonvaraosahaku.fi\/index.php?rest_route=\/wp\/v2\/types\/product"}],"wp:attachment":[{"href":"https:\/\/www.autonvaraosahaku.fi\/index.php?rest_route=%2Fwp%2Fv2%2Fmedia&parent=17525"}],"wp:term":[{"taxonomy":"pwb-brand","embeddable":true,"href":"https:\/\/www.autonvaraosahaku.fi\/index.php?rest_route=%2Fwp%2Fv2%2Fpwb-brand&post=17525"},{"taxonomy":"product_cat","embeddable":true,"href":"https:\/\/www.autonvaraosahaku.fi\/index.php?rest_route=%2Fwp%2Fv2%2Fproduct_cat&post=17525"},{"taxonomy":"product_tag","embeddable":true,"href":"https:\/\/www.autonvaraosahaku.fi\/index.php?rest_route=%2Fwp%2Fv2%2Fproduct_tag&post=17525"}],"curies":[{"name":"wp","href":"https:\/\/api.w.org\/{rel}","templated":true}]}}