{"id":17535,"date":"2021-02-21T14:30:43","date_gmt":"2021-02-21T14:30:43","guid":{"rendered":"https:\/\/www.autonvaraosahaku.fi\/?product=ridex-2248p0029-jarrusatula-korjaussarja"},"modified":"2021-02-21T14:30:45","modified_gmt":"2021-02-21T14:30:45","slug":"ridex-2248p0029-jarrusatula-korjaussarja","status":"publish","type":"product","link":"https:\/\/www.autonvaraosahaku.fi\/?product=ridex-2248p0029-jarrusatula-korjaussarja","title":{"rendered":"RIDEX 2248P0029 Jarrusatula korjaussarja"},"content":{"rendered":"<p>L\u00e4pimitta [mm]: 38; Korkeus (mm): 30; Jarruj\u00e4rjestelm\u00e4: ATE; Asennuspuoli: Taka-akseli; AUDI: A8 4D2, 4D8; VOLVO: V70 I LV,850 Kombi LW,940 II Kombi 945,940 Kombi 945,240 Kombi P245,740 Kombi 745,C70 I Cabriolet,C70 I Coupe,850 LS,740 744,240 P242, P244,S70 LS,940 944,760 704, 764,960 Kombi 965,164,140 142, 144,760 Kombi 704, 765,940 II 944,960 964,140 Kombi 145,260 P262, P264,260 Kombi P265,780; MERCEDES-BENZ: SL R107,Stufenheck W123,S-CLASS W126,COUPE C123,S-CLASS W108, W109,S-CLASS W116,COUPE W111,S-CLASS Coupe C126,SL Coupe C107; OPEL: MONZA A 22_,SENATOR A 29_; LANCIA: THEMA SW 834; FORD: C-MAX II; ALFA ROMEO: SPIDER 115,SPIDER 105,1750-2000; PORSCHE: 911; M\u00e4nt\u00e4, Jarrusatula<\/p>\n","protected":false},"excerpt":{"rendered":"<p>RIDEX Jarrusatulan M\u00e4nt\u00e4 2248P0029 M\u00e4nt\u00e4, Jarrusatula AUDI,VOLVO,MERCEDES-BENZ,A8 4D2, 4D8,V70 I LV,850 Kombi LW,940 II Kombi 945,940 Kombi 945<\/p>\n","protected":false},"featured_media":0,"template":"","meta":{"site-sidebar-layout":"default","site-content-layout":"default","ast-global-header-display":"","ast-main-header-display":"","ast-hfb-above-header-display":"","ast-hfb-below-header-display":"","ast-hfb-mobile-header-display":"","site-post-title":"","ast-breadcrumbs-content":"","ast-featured-img":"","footer-sml-layout":"","theme-transparent-header-meta":"","adv-header-id-meta":"","stick-header-meta":"","header-above-stick-meta":"","header-main-stick-meta":"","header-below-stick-meta":""},"pwb-brand":[157],"product_cat":[57],"product_tag":[],"class_list":{"0":"post-17535","1":"product","2":"type-product","3":"status-publish","5":"pwb-brand-ridex","6":"product_cat-jarrusatula-korjaussarja","7":"desktop-align-left","8":"tablet-align-left","9":"mobile-align-left","11":"first","12":"instock","13":"product-type-external"},"brands":[{"id":157,"name":"RIDEX","slug":"ridex"}],"_links":{"self":[{"href":"https:\/\/www.autonvaraosahaku.fi\/index.php?rest_route=\/wp\/v2\/product\/17535","targetHints":{"allow":["GET"]}}],"collection":[{"href":"https:\/\/www.autonvaraosahaku.fi\/index.php?rest_route=\/wp\/v2\/product"}],"about":[{"href":"https:\/\/www.autonvaraosahaku.fi\/index.php?rest_route=\/wp\/v2\/types\/product"}],"wp:attachment":[{"href":"https:\/\/www.autonvaraosahaku.fi\/index.php?rest_route=%2Fwp%2Fv2%2Fmedia&parent=17535"}],"wp:term":[{"taxonomy":"pwb-brand","embeddable":true,"href":"https:\/\/www.autonvaraosahaku.fi\/index.php?rest_route=%2Fwp%2Fv2%2Fpwb-brand&post=17535"},{"taxonomy":"product_cat","embeddable":true,"href":"https:\/\/www.autonvaraosahaku.fi\/index.php?rest_route=%2Fwp%2Fv2%2Fproduct_cat&post=17535"},{"taxonomy":"product_tag","embeddable":true,"href":"https:\/\/www.autonvaraosahaku.fi\/index.php?rest_route=%2Fwp%2Fv2%2Fproduct_tag&post=17535"}],"curies":[{"name":"wp","href":"https:\/\/api.w.org\/{rel}","templated":true}]}}