{"id":17546,"date":"2021-02-21T14:30:47","date_gmt":"2021-02-21T14:30:47","guid":{"rendered":"https:\/\/www.autonvaraosahaku.fi\/?product=master-sport-718-1z-of-pcs-ms-oljynsuodatin"},"modified":"2021-02-21T14:30:48","modified_gmt":"2021-02-21T14:30:48","slug":"master-sport-718-1z-of-pcs-ms-oljynsuodatin","status":"publish","type":"product","link":"https:\/\/www.autonvaraosahaku.fi\/?product=master-sport-718-1z-of-pcs-ms-oljynsuodatin","title":{"rendered":"MASTER-SPORT 718\/1Z-OF-PCS-MS \u00d6ljynsuodatin"},"content":{"rendered":"<p>Sis\u00e4l\u00e4pimitta [mm]: 31; Ulkol\u00e4pimitta [mm]: 64; Korkeus (mm): 115; Sis\u00e4l\u00e4pimitta 1 [mm]: 31; Lis\u00e4tarvike\/lis\u00e4tieto: Tiivisteill\u00e4; Nettopaino [kg]: 0,06; Bruttopaino [kg]: 0,08; Valmistusvuoteen: 03\/2003; BMW: 3 E46,5 E39,3 Touring E46,5 Touring E39,3 Compact E46; LAND ROVER: FREELANDER LN; ROVER: 75 RJ,75 Tourer RJ; MG: MG ZT- T,MG ZT; 11422247018, LRF100150L<\/p>\n","protected":false},"excerpt":{"rendered":"<p>MASTER-SPORT \u00d6ljynsuodatin 718\/1Z-OF-PCS-MS  BMW,LAND ROVER,ROVER,3 E46,5 E39,3 Touring E46,5 Touring E39,3 Compact E46,FREELANDER LN,75 RJ<\/p>\n","protected":false},"featured_media":0,"template":"","meta":{"site-sidebar-layout":"default","site-content-layout":"default","ast-global-header-display":"","ast-main-header-display":"","ast-hfb-above-header-display":"","ast-hfb-below-header-display":"","ast-hfb-mobile-header-display":"","site-post-title":"","ast-breadcrumbs-content":"","ast-featured-img":"","footer-sml-layout":"","theme-transparent-header-meta":"","adv-header-id-meta":"","stick-header-meta":"","header-above-stick-meta":"","header-main-stick-meta":"","header-below-stick-meta":""},"pwb-brand":[61],"product_cat":[30],"product_tag":[],"class_list":{"0":"post-17546","1":"product","2":"type-product","3":"status-publish","5":"pwb-brand-master-sport","6":"product_cat-oljynsuodatin","7":"desktop-align-left","8":"tablet-align-left","9":"mobile-align-left","11":"first","12":"instock","13":"product-type-external"},"brands":[{"id":61,"name":"MASTER-SPORT","slug":"master-sport"}],"_links":{"self":[{"href":"https:\/\/www.autonvaraosahaku.fi\/index.php?rest_route=\/wp\/v2\/product\/17546","targetHints":{"allow":["GET"]}}],"collection":[{"href":"https:\/\/www.autonvaraosahaku.fi\/index.php?rest_route=\/wp\/v2\/product"}],"about":[{"href":"https:\/\/www.autonvaraosahaku.fi\/index.php?rest_route=\/wp\/v2\/types\/product"}],"wp:attachment":[{"href":"https:\/\/www.autonvaraosahaku.fi\/index.php?rest_route=%2Fwp%2Fv2%2Fmedia&parent=17546"}],"wp:term":[{"taxonomy":"pwb-brand","embeddable":true,"href":"https:\/\/www.autonvaraosahaku.fi\/index.php?rest_route=%2Fwp%2Fv2%2Fpwb-brand&post=17546"},{"taxonomy":"product_cat","embeddable":true,"href":"https:\/\/www.autonvaraosahaku.fi\/index.php?rest_route=%2Fwp%2Fv2%2Fproduct_cat&post=17546"},{"taxonomy":"product_tag","embeddable":true,"href":"https:\/\/www.autonvaraosahaku.fi\/index.php?rest_route=%2Fwp%2Fv2%2Fproduct_tag&post=17546"}],"curies":[{"name":"wp","href":"https:\/\/api.w.org\/{rel}","templated":true}]}}