{"id":17551,"date":"2021-02-21T14:30:47","date_gmt":"2021-02-21T14:30:47","guid":{"rendered":"https:\/\/www.autonvaraosahaku.fi\/?product=mapco-7304-hehkutulppa"},"modified":"2021-02-21T14:30:49","modified_gmt":"2021-02-21T14:30:49","slug":"mapco-7304-hehkutulppa","status":"publish","type":"product","link":"https:\/\/www.autonvaraosahaku.fi\/?product=mapco-7304-hehkutulppa","title":{"rendered":"MAPCO 7304 Hehkutulppa"},"content":{"rendered":"<p>J\u00e4nnite (V): 11; Liittimet: M5 \/ 3 Nm; Kartionousu: 63; Kierremitta: M12x1,25; Kokonaispituus (mm): 71; Avainv\u00e4li: 12 mm; Kiristysmomentti: 22; Virta (A): 17; Hehkutulppatyyppi: j\u00e4lkihehkutuksenkest\u00e4v\u00e4, Hehkutulppa, puikko; Asennussyvyys (mm): 25; Katkeamismomentti [Nm]: 45; Tarvittava kappalem\u00e4\u00e4r\u00e4: 4; MERCEDES-BENZ: 190 W201,Stufenheck W124,Stufenheck W123,KOMBI Kombi S124,E-CLASS W124,G-CLASS W460,E-CLASS Kombi S124,SPRINTER 3-t Kasten 903,SPRINTER 2-t Bus 901, 902,SPRINTER 2-t Kasten 901, 902,SPRINTER 3-t Bus 903,KOMBI Kombi S123,SPRINTER 3-t Pritsche\/Fahrgestell 903,T1 Bus 601,100 Bus 631,T1 Pritsche\/Fahrgestell 602,T1 Kasten 602,100 Kasten 631,SPRINTER 4-t Pritsche\/Fahrgestell 904,T1 Pritsche\/Fahrgestell 601,T2\/LN1 Kasten\/Kombi,SPRINTER 2-t Pritsche\/Fahrgestell 901, 902,T1 Kasten 601,100 Pritsche\/Fahrgestell 631,SPRINTER 4-t Kasten 904,T1\/TN Pritsche\/Fahrgestell,T2\/LN1 Pritsche\/Fahrgestell,T1\/TN Kasten\/Kombi,T2\/LN1 Kipper,UNIMOG; BMW: 3 E30,5 E28; OPEL: ASTRA G CC F48_, F08_,OMEGA A 16_, 17_, 19_,ASTRA G Caravan F35_,ASTRA F CC 53_, 54_, 58_, 59_,ASTRA F Caravan 51_, 52_,ASTRA G Stufenheck F69_,VECTRA A 86_, 87_,ASTRA F 56_, 57_,KADETT E CC 33_, 34_, 43_, 44_,FRONTERA A 5_MWL4,VECTRA A CC 88_, 89_,ASCONA C 81_, 86_, 87_, 88_,REKORD E 17_-19_, 11_, 14_, 16_,SENATOR A 29_,OMEGA A Caravan 66_, 67_,KADETT D 31_-34_, 41_-44_,KADETT E 39_, 49_,ASCONA C CC 84_, 89_,ASTRA G Kasten F70,ASTRA F Van 55_,REKORD E Caravan 61_, 66_, 67_,KADETT D 32_,37_,39, _42,KADETT D Caravan 35_, 36_, 45_, 46_,KADETT E Kasten 37_, 47_,KADETT E Combo 38_, 48_; FORD: SIERRA GBG, GB4,SIERRA Schr\u00e4gheck GBC, GBG,SCORPIO I GAE, GGE,SIERRA Schr\u00e4gheck GBC,SCORPIO I Stufenheck GGE,SIERRA Kombi BNG,SCORPIO I Kombi GGE,SIERRA Kombi BNC; RENAULT: CLIO I B\/C57_, 5\/357_,ESPACE II J\/S63_,19 II B\/C53_,SUPER 5 B\/C40_,RAPID Kasten F40_, G40_,19 I B\/C53_,TRAFIC Kasten TXX,9 L42_,TRAFIC Bus TXW,SAFRANE I B54_,19 II Chamade L53_,ESPACE I J11_,11 B\/C37_,21 Stufenheck L48_,25 B29_,19 I Chamade L53_,MASTER I Kasten T__,TRAFIC Kasten T1, T3, T4,TRAFIC Bus T5, T6, T7,18 134_,21 Kombi K48_,18 Variable 135_,FUEGO 136_,21 B48_,MASTER I Bus T__,TRAFIC Pritsche\/Fahrgestell P6,MASTER I Pritsche\/Fahrgestell P__,TRAFIC Pritsche\/Fahrgestell PXX; FIAT: DUCATO Pritsche\/Fahrgestell 230,DUCATO Bus 230,PUNTO 176,DUCATO Kasten 290,DUCATO Pritsche\/Fahrgestell 290,DUCATO Kasten 230L,DUCATO Kasten 280,DUCATO Pritsche\/Fahrgestell 280,PANDA 141A_,STRADA Pick-up 178E,DUCATO Panorama 280,ULYSSE 220,SCUDO Kasten 220L,UNO 146A\/E,DUCATO Panorama 290,SCUDO Combinato 220P,127,PALIO Weekend 178DX,FIORINO Kasten 146,TIPO 160,CROMA 154,TALENTO Pritsche\/Fahrgestell 290,TEMPRA 159,131,RITMO I 138A,PUNTO Van 176L,TEMPRA S.W. 159,132,FIORINO Pick up 146,TALENTO Bus 290,FIORINO 147,TALENTO Kasten 290,REGATA 138,127 Panorama,131 Familiare\/Panorama,SIENA 178_,FIORINO Pick up 147,REGATA Weekend 138,DUNA 146 B,DUNA Weekend 146 B; PEUGEOT: 306 Schr\u00e4gheck 7A, 7C, N3, N5,406 Break 8E\/F,PARTNER Combispace 5F,205 II 20A\/C,PARTNER Kasten 5,J5 Pritsche\/Fahrgestell 280L,306 Break 7E, N3, N5,406 8B,J5 Pritsche\/Fahrgestell 290L,806 221,BOXER Kasten 230L,306 7B, N3, N5,EXPERT Kasten 222,J5 Bus 290P,309 II 3C, 3A,205 I 741A\/C,J5 Kasten 290L,J5 Bus 280P,405 I 15B,BOXER Bus 230P,BOXER Pritsche\/Fahrgestell ZCT_,605 6B,EXPERT 224,405 II 4B,504 A_, M_,309 I 10C, 10A,505 551A,405 II Break 4E,405 I Break 15E,305 II 581M,505 Break 551D,504 Break D_, F_,504 Pick-up E_,305 II Break 581E,EXPERT Pritsche\/Fahrgestell 223,305 I 581A,305 I Break 581D; SEAT: IBIZA I 021A,MALAGA 023A,RONDA 022A; HYUNDAI: LANTRA II Wagon J-2,LANTRA II J-2; CITRO\u00cbN: BERLINGO MF,BERLINGO Kasten M_,XSARA N1,XSARA Break N2,XM Y4,XSARA Coupe N0,XANTIA X1,EVASION 22, U6,ZX N2,BX XB-_,C25 Bus 280_, 290_,JUMPY U6U,JUMPY Kasten BS_, BT_, BY_, BZ_,JUMPER Kasten 230L,XM Y3,CX II,CX I MA,XANTIA Break X1,JUMPER Bus 230P,ZX Break N2,XM Break Y4,JUMPER Pritsche\/Fahrgestell 230,BX Break XB-_,C15 VD-_,CX II Break,JUMPY Pritsche\/Fahrgestell BU_, BV_, BW_, BX_,XM Break Y3,CX I Break MA,C35 Pick-up; 60596245, 71735461, 12121288161, 12231286058, 12231288245, 12232240255, 4833643, 60812292, 71735461, 7735920, 9616572480, 6154593, 7088988, 3671029000, 3671029001, T0701130, 4781356, 60812292, 7735920, 77359200, ERC8450, 0001598101, 0011592201, 0011593501, 1214306, 1214319, 5962X1, 7932567718, 5001001587, 7700662199, 7700673874, 7700701130, 7700715768, 7700733076, 7700741144, 7701029762, 7701039387, 7701349475, 7701414162, 7932567717, 8671004018, ADU9830, ERC8450, NCC10001, 0003940685, 021919000C, 00000A01289, 1214306, 1214319, 840643<\/p>\n","protected":false},"excerpt":{"rendered":"<p>MAPCO Hehkutulppa 7304  MERCEDES-BENZ,BMW,OPEL,190 W201,Stufenheck W124,Stufenheck W123,KOMBI Kombi S124,E-CLASS W124,G-CLASS W460,E-CLASS Kombi S124<\/p>\n","protected":false},"featured_media":0,"template":"","meta":{"site-sidebar-layout":"default","site-content-layout":"default","ast-global-header-display":"","ast-main-header-display":"","ast-hfb-above-header-display":"","ast-hfb-below-header-display":"","ast-hfb-mobile-header-display":"","site-post-title":"","ast-breadcrumbs-content":"","ast-featured-img":"","footer-sml-layout":"","theme-transparent-header-meta":"","adv-header-id-meta":"","stick-header-meta":"","header-above-stick-meta":"","header-main-stick-meta":"","header-below-stick-meta":""},"pwb-brand":[36],"product_cat":[52],"product_tag":[],"class_list":{"0":"post-17551","1":"product","2":"type-product","3":"status-publish","5":"pwb-brand-mapco","6":"product_cat-hehkutulppa","7":"desktop-align-left","8":"tablet-align-left","9":"mobile-align-left","11":"first","12":"instock","13":"product-type-external"},"brands":[{"id":36,"name":"MAPCO","slug":"mapco"}],"_links":{"self":[{"href":"https:\/\/www.autonvaraosahaku.fi\/index.php?rest_route=\/wp\/v2\/product\/17551","targetHints":{"allow":["GET"]}}],"collection":[{"href":"https:\/\/www.autonvaraosahaku.fi\/index.php?rest_route=\/wp\/v2\/product"}],"about":[{"href":"https:\/\/www.autonvaraosahaku.fi\/index.php?rest_route=\/wp\/v2\/types\/product"}],"wp:attachment":[{"href":"https:\/\/www.autonvaraosahaku.fi\/index.php?rest_route=%2Fwp%2Fv2%2Fmedia&parent=17551"}],"wp:term":[{"taxonomy":"pwb-brand","embeddable":true,"href":"https:\/\/www.autonvaraosahaku.fi\/index.php?rest_route=%2Fwp%2Fv2%2Fpwb-brand&post=17551"},{"taxonomy":"product_cat","embeddable":true,"href":"https:\/\/www.autonvaraosahaku.fi\/index.php?rest_route=%2Fwp%2Fv2%2Fproduct_cat&post=17551"},{"taxonomy":"product_tag","embeddable":true,"href":"https:\/\/www.autonvaraosahaku.fi\/index.php?rest_route=%2Fwp%2Fv2%2Fproduct_tag&post=17551"}],"curies":[{"name":"wp","href":"https:\/\/api.w.org\/{rel}","templated":true}]}}