{"id":17556,"date":"2021-02-21T14:30:47","date_gmt":"2021-02-21T14:30:47","guid":{"rendered":"https:\/\/www.autonvaraosahaku.fi\/?product=ridex-3553p0007-turboahdin"},"modified":"2021-02-21T14:30:49","modified_gmt":"2021-02-21T14:30:49","slug":"ridex-3553p0007-turboahdin","status":"publish","type":"product","link":"https:\/\/www.autonvaraosahaku.fi\/?product=ridex-3553p0007-turboahdin","title":{"rendered":"RIDEX 3553P0007 Turboahdin"},"content":{"rendered":"<p>Venttiilimalli: Magneettiventtiili; K\u00e4ytt\u00f6: S\u00e4hk\u00f6-pneumaattinen; J\u00e4nnite (V): 12; TECDOC-moottorinumero: 11595; VW: GOLF IV 1J1,PASSAT Variant 3B6,GOLF IV Variant 1J5,SHARAN 7M8, 7M9, 7M6,TOUAREG 7LA, 7L6, 7L7,BORA 1J2,NEW BEETLE 9C1, 1C1,PASSAT 3B3,BORA Kombi 1J6,LT 28-46 II Kasten 2DA, 2DD, 2DH,LT 28-35 II Bus 2DB, 2DE, 2DK,LT 28-46 II Pritsche\/Fahrgestell 2DC, 2DF, 2DG, 2DL, 2DM; AUDI: A3 8L1,A4 8D2, B5,A4 Avant 8D5, B5; SKODA: FABIA Combi 6Y5,FABIA 6Y2,OCTAVIA Combi 1U5,OCTAVIA 1U2,SUPERB 3U4,FABIA Stufenheck 6Y3; SEAT: LEON 1M1,ALHAMBRA 7V8, 7V9,TOLEDO II 1M2; 1J0906627A, 1K0906627E, 1J0906627A, 1K0906627E, 1J0906627A, 1K0906627E, 1J0906627A, 1K0906627E; Paineenmuuntaja, Turboahdin<\/p>\n","protected":false},"excerpt":{"rendered":"<p>RIDEX Painemuunnin 3553P0007 Paineenmuuntaja, Turboahdin VW,AUDI,SKODA,GOLF IV 1J1,PASSAT Variant 3B6,GOLF IV Variant 1J5,SHARAN 7M8, 7M9, 7M6<\/p>\n","protected":false},"featured_media":0,"template":"","meta":{"site-sidebar-layout":"default","site-content-layout":"default","ast-global-header-display":"","ast-main-header-display":"","ast-hfb-above-header-display":"","ast-hfb-below-header-display":"","ast-hfb-mobile-header-display":"","site-post-title":"","ast-breadcrumbs-content":"","ast-featured-img":"","footer-sml-layout":"","theme-transparent-header-meta":"","adv-header-id-meta":"","stick-header-meta":"","header-above-stick-meta":"","header-main-stick-meta":"","header-below-stick-meta":""},"pwb-brand":[157],"product_cat":[250],"product_tag":[],"class_list":{"0":"post-17556","1":"product","2":"type-product","3":"status-publish","5":"pwb-brand-ridex","6":"product_cat-turboahdin","7":"desktop-align-left","8":"tablet-align-left","9":"mobile-align-left","11":"first","12":"instock","13":"product-type-external"},"brands":[{"id":157,"name":"RIDEX","slug":"ridex"}],"_links":{"self":[{"href":"https:\/\/www.autonvaraosahaku.fi\/index.php?rest_route=\/wp\/v2\/product\/17556","targetHints":{"allow":["GET"]}}],"collection":[{"href":"https:\/\/www.autonvaraosahaku.fi\/index.php?rest_route=\/wp\/v2\/product"}],"about":[{"href":"https:\/\/www.autonvaraosahaku.fi\/index.php?rest_route=\/wp\/v2\/types\/product"}],"wp:attachment":[{"href":"https:\/\/www.autonvaraosahaku.fi\/index.php?rest_route=%2Fwp%2Fv2%2Fmedia&parent=17556"}],"wp:term":[{"taxonomy":"pwb-brand","embeddable":true,"href":"https:\/\/www.autonvaraosahaku.fi\/index.php?rest_route=%2Fwp%2Fv2%2Fpwb-brand&post=17556"},{"taxonomy":"product_cat","embeddable":true,"href":"https:\/\/www.autonvaraosahaku.fi\/index.php?rest_route=%2Fwp%2Fv2%2Fproduct_cat&post=17556"},{"taxonomy":"product_tag","embeddable":true,"href":"https:\/\/www.autonvaraosahaku.fi\/index.php?rest_route=%2Fwp%2Fv2%2Fproduct_tag&post=17556"}],"curies":[{"name":"wp","href":"https:\/\/api.w.org\/{rel}","templated":true}]}}