{"id":17570,"date":"2021-02-21T14:30:51","date_gmt":"2021-02-21T14:30:51","guid":{"rendered":"https:\/\/www.autonvaraosahaku.fi\/?product=oximo-wb350400-pyyhkijansulat"},"modified":"2021-02-21T14:30:53","modified_gmt":"2021-02-21T14:30:53","slug":"oximo-wb350400-pyyhkijansulat","status":"publish","type":"product","link":"https:\/\/www.autonvaraosahaku.fi\/?product=oximo-wb350400-pyyhkijansulat","title":{"rendered":"OXIMO WB350400 Pyyhkij\u00e4nsulat"},"content":{"rendered":"<p>Asennuspuoli: Edess\u00e4; Pituus 1 (mm): 650; Pituus 2 (mm): 600; M\u00e4\u00e4r\u00e4yksikk\u00f6: Sarja; Pyyhkij\u00e4nsulkatyyppi: Flatblade-pyyhinsulka (rungoton); Valmistusvuosi alkaen: 04\/2004; VW: CRAFTER 30-50 Kasten 2E_,CRAFTER 30-35 Bus 2E_; MERCEDES-BENZ: SPRINTER 3,5-t Kasten 906,VANEO 414,SPRINTER 3,5-t Bus 906,SPRINTER 3-t Kasten 906,SPRINTER 3,5-t Pritsche\/Fahrgestell 906,SPRINTER 3-t Bus 906,SPRINTER 5-t Kasten 906,SPRINTER 5-t Pritsche\/Fahrgestell 906,SPRINTER 3-t Pritsche\/Fahrgestell 906,SPRINTER 5-t Pritsche\/Fahrgestell 905,SPRINTER 4,6-t Pritsche\/Fahrgestell 906,SPRINTER CLASSIC 4,6-t Bus 909,SPRINTER 4,6-t Kasten 906,SPRINTER 5-t Bus; 4F2955426E; Tuulilasinpyyhkimet,Pyyhkij\u00e4t,Pyyhkij\u00e4nsulka<\/p>\n","protected":false},"excerpt":{"rendered":"<p>OXIMO Pyyhkij\u00e4nsulat WB350400 Tuulilasinpyyhkimet,Pyyhkij\u00e4t VW,MERCEDES-BENZ,CRAFTER 30-50 Kasten 2E_,CRAFTER 30-35 Bus 2E_,SPRINTER 3,5-t Kasten 906<\/p>\n","protected":false},"featured_media":0,"template":"","meta":{"site-sidebar-layout":"default","site-content-layout":"default","ast-global-header-display":"","ast-main-header-display":"","ast-hfb-above-header-display":"","ast-hfb-below-header-display":"","ast-hfb-mobile-header-display":"","site-post-title":"","ast-breadcrumbs-content":"","ast-featured-img":"","footer-sml-layout":"","theme-transparent-header-meta":"","adv-header-id-meta":"","stick-header-meta":"","header-above-stick-meta":"","header-main-stick-meta":"","header-below-stick-meta":""},"pwb-brand":[382],"product_cat":[33],"product_tag":[],"class_list":{"0":"post-17570","1":"product","2":"type-product","3":"status-publish","5":"pwb-brand-oximo","6":"product_cat-pyyhkijansulat","7":"desktop-align-left","8":"tablet-align-left","9":"mobile-align-left","11":"first","12":"instock","13":"product-type-external"},"brands":[{"id":382,"name":"OXIMO","slug":"oximo"}],"_links":{"self":[{"href":"https:\/\/www.autonvaraosahaku.fi\/index.php?rest_route=\/wp\/v2\/product\/17570","targetHints":{"allow":["GET"]}}],"collection":[{"href":"https:\/\/www.autonvaraosahaku.fi\/index.php?rest_route=\/wp\/v2\/product"}],"about":[{"href":"https:\/\/www.autonvaraosahaku.fi\/index.php?rest_route=\/wp\/v2\/types\/product"}],"wp:attachment":[{"href":"https:\/\/www.autonvaraosahaku.fi\/index.php?rest_route=%2Fwp%2Fv2%2Fmedia&parent=17570"}],"wp:term":[{"taxonomy":"pwb-brand","embeddable":true,"href":"https:\/\/www.autonvaraosahaku.fi\/index.php?rest_route=%2Fwp%2Fv2%2Fpwb-brand&post=17570"},{"taxonomy":"product_cat","embeddable":true,"href":"https:\/\/www.autonvaraosahaku.fi\/index.php?rest_route=%2Fwp%2Fv2%2Fproduct_cat&post=17570"},{"taxonomy":"product_tag","embeddable":true,"href":"https:\/\/www.autonvaraosahaku.fi\/index.php?rest_route=%2Fwp%2Fv2%2Fproduct_tag&post=17570"}],"curies":[{"name":"wp","href":"https:\/\/api.w.org\/{rel}","templated":true}]}}