{"id":17577,"date":"2021-02-21T14:30:51","date_gmt":"2021-02-21T14:30:51","guid":{"rendered":"https:\/\/www.autonvaraosahaku.fi\/?product=ferodo-fdb4869-jarrupalat"},"modified":"2021-02-21T14:30:53","modified_gmt":"2021-02-21T14:30:53","slug":"ferodo-fdb4869-jarrupalat","status":"publish","type":"product","link":"https:\/\/www.autonvaraosahaku.fi\/?product=ferodo-fdb4869-jarrupalat","title":{"rendered":"FERODO FDB4869 Jarrupalat"},"content":{"rendered":"<p>Paksuus [mm]: 18,8; Tarkistuskilpi: R90 homologated; Pituus (mm): 141,9; Paino [kg]: 1,90; Korkeus 1 (mm): 59,2; Kulumisenilmaisimen liitos: Ei kulumisenilmaisimelle; Jarruj\u00e4rjestelm\u00e4: SUMITOMO; WVA-numero: 22347; Pakkauspituus [cm]: 16,8; Pakkausleveys [cm]: 9,7; Pakkauskorkeus [mm]: 6,2; M\u00e4\u00e4r\u00e4yksikk\u00f6: Akselisarja; Tuotelinja: PREMIER ECO FRICTION; Valmistusvuoteen: 02\/2017; RENAULT: MEGANE IV B9A\/M_,MEGANE IV Grandtour K9A\/M_,ESPACE V,TALISMAN Grandtour KP_,TALISMAN,GRAND SC\u00c9NIC IV R9_,SC\u00c9NIC IV J9_,MEGANE IV Stufenheck; 410606124R, 410606808R; Jarrupalasarja,Jarrupala, Levyjarru<\/p>\n","protected":false},"excerpt":{"rendered":"<p>FERODO Jarrupalat FDB4869 Jarrupalasarja,Jarrupala, Levyjarru RENAULT,MEGANE IV B9A\/M_,MEGANE IV Grandtour K9A\/M_,ESPACE V,TALISMAN Grandtour KP_<\/p>\n","protected":false},"featured_media":0,"template":"","meta":{"site-sidebar-layout":"default","site-content-layout":"default","ast-global-header-display":"","ast-main-header-display":"","ast-hfb-above-header-display":"","ast-hfb-below-header-display":"","ast-hfb-mobile-header-display":"","site-post-title":"","ast-breadcrumbs-content":"","ast-featured-img":"","footer-sml-layout":"","theme-transparent-header-meta":"","adv-header-id-meta":"","stick-header-meta":"","header-above-stick-meta":"","header-main-stick-meta":"","header-below-stick-meta":""},"pwb-brand":[298],"product_cat":[100],"product_tag":[],"class_list":{"0":"post-17577","1":"product","2":"type-product","3":"status-publish","5":"pwb-brand-ferodo","6":"product_cat-jarrupalat","7":"desktop-align-left","8":"tablet-align-left","9":"mobile-align-left","11":"first","12":"instock","13":"product-type-external"},"brands":[{"id":298,"name":"FERODO","slug":"ferodo"}],"_links":{"self":[{"href":"https:\/\/www.autonvaraosahaku.fi\/index.php?rest_route=\/wp\/v2\/product\/17577","targetHints":{"allow":["GET"]}}],"collection":[{"href":"https:\/\/www.autonvaraosahaku.fi\/index.php?rest_route=\/wp\/v2\/product"}],"about":[{"href":"https:\/\/www.autonvaraosahaku.fi\/index.php?rest_route=\/wp\/v2\/types\/product"}],"wp:attachment":[{"href":"https:\/\/www.autonvaraosahaku.fi\/index.php?rest_route=%2Fwp%2Fv2%2Fmedia&parent=17577"}],"wp:term":[{"taxonomy":"pwb-brand","embeddable":true,"href":"https:\/\/www.autonvaraosahaku.fi\/index.php?rest_route=%2Fwp%2Fv2%2Fpwb-brand&post=17577"},{"taxonomy":"product_cat","embeddable":true,"href":"https:\/\/www.autonvaraosahaku.fi\/index.php?rest_route=%2Fwp%2Fv2%2Fproduct_cat&post=17577"},{"taxonomy":"product_tag","embeddable":true,"href":"https:\/\/www.autonvaraosahaku.fi\/index.php?rest_route=%2Fwp%2Fv2%2Fproduct_tag&post=17577"}],"curies":[{"name":"wp","href":"https:\/\/api.w.org\/{rel}","templated":true}]}}