{"id":17585,"date":"2021-02-21T14:30:55","date_gmt":"2021-02-21T14:30:55","guid":{"rendered":"https:\/\/www.autonvaraosahaku.fi\/?product=master-sport-940-24-of-pcs-ms-oljynsuodatin"},"modified":"2021-02-21T14:30:56","modified_gmt":"2021-02-21T14:30:56","slug":"master-sport-940-24-of-pcs-ms-oljynsuodatin","status":"publish","type":"product","link":"https:\/\/www.autonvaraosahaku.fi\/?product=master-sport-940-24-of-pcs-ms-oljynsuodatin","title":{"rendered":"MASTER-SPORT 940\/24-OF-PCS-MS \u00d6ljynsuodatin"},"content":{"rendered":"<p>Ulkol\u00e4pimitta [mm]: 93; Korvaava tuote\/korvaava tiedote 2: yhdell\u00e4 peruutuksenestoventtiilill\u00e4; Avauspaine ohitusventtiili [bar]: 0,7; Ulkol\u00e4pimitta 2 [mm]: 71; Korkeus (mm): 142; Sis\u00e4l\u00e4pimitta 2 [mm]: 62; Kierremitta: 3\/4-16 UNF; Nettopaino [kg]: 0,48; Bruttopaino [kg]: 0,52; Moottorinumero: Perkins-T4.38; FORD: SCORPIO II GFR, GGR,SCORPIO I GAE, GGE,SCORPIO II Kombi GNR, GGR,SCORPIO I Stufenheck GGE,SCORPIO I Kombi GGE,5000-Serie,6000-Serie,7000-Serie; VOLVO: F4; ALFA ROMEO: 75 162B,164 164,GIULIA,ALFETTA 116,GIULIETTA 116,6 119,90 162; LAND ROVER: RANGE ROVER I AE, AN, HAA, HAB, HAM, HBM, RE, RN; DAEWOO: LUBLIN II Pritsche\/Fahrgestell,LUBLIN II Bus,LUBLIN II Kasten; RENAULT TRUCKS: MIDLINER; LANDINI: VISION; CASE IH: CS; AEBI: TT; 116760603000, 60507213, 71736171, 60507213, 71736171, 3917694, 3947506, 5001025, 5018351, 7072637, 74HM6714BA, A700X6714SA, C3AE6714A, C77NN6714B, C7NN6714B, D8NN6714GA, D8NN6714LA, E8NN6714BA, 25403711, 254037111, 254037112, AEU2218, 0022714000, AEU2218EVA, 4840740<\/p>\n","protected":false},"excerpt":{"rendered":"<p>MASTER-SPORT \u00d6ljynsuodatin 940\/24-OF-PCS-MS  FORD,VOLVO,ALFA ROMEO,SCORPIO II GFR, GGR,SCORPIO I GAE, GGE,SCORPIO II Kombi GNR, GGR<\/p>\n","protected":false},"featured_media":0,"template":"","meta":{"site-sidebar-layout":"default","site-content-layout":"default","ast-global-header-display":"","ast-main-header-display":"","ast-hfb-above-header-display":"","ast-hfb-below-header-display":"","ast-hfb-mobile-header-display":"","site-post-title":"","ast-breadcrumbs-content":"","ast-featured-img":"","footer-sml-layout":"","theme-transparent-header-meta":"","adv-header-id-meta":"","stick-header-meta":"","header-above-stick-meta":"","header-main-stick-meta":"","header-below-stick-meta":""},"pwb-brand":[61],"product_cat":[30],"product_tag":[],"class_list":{"0":"post-17585","1":"product","2":"type-product","3":"status-publish","5":"pwb-brand-master-sport","6":"product_cat-oljynsuodatin","7":"desktop-align-left","8":"tablet-align-left","9":"mobile-align-left","11":"first","12":"instock","13":"product-type-external"},"brands":[{"id":61,"name":"MASTER-SPORT","slug":"master-sport"}],"_links":{"self":[{"href":"https:\/\/www.autonvaraosahaku.fi\/index.php?rest_route=\/wp\/v2\/product\/17585","targetHints":{"allow":["GET"]}}],"collection":[{"href":"https:\/\/www.autonvaraosahaku.fi\/index.php?rest_route=\/wp\/v2\/product"}],"about":[{"href":"https:\/\/www.autonvaraosahaku.fi\/index.php?rest_route=\/wp\/v2\/types\/product"}],"wp:attachment":[{"href":"https:\/\/www.autonvaraosahaku.fi\/index.php?rest_route=%2Fwp%2Fv2%2Fmedia&parent=17585"}],"wp:term":[{"taxonomy":"pwb-brand","embeddable":true,"href":"https:\/\/www.autonvaraosahaku.fi\/index.php?rest_route=%2Fwp%2Fv2%2Fpwb-brand&post=17585"},{"taxonomy":"product_cat","embeddable":true,"href":"https:\/\/www.autonvaraosahaku.fi\/index.php?rest_route=%2Fwp%2Fv2%2Fproduct_cat&post=17585"},{"taxonomy":"product_tag","embeddable":true,"href":"https:\/\/www.autonvaraosahaku.fi\/index.php?rest_route=%2Fwp%2Fv2%2Fproduct_tag&post=17585"}],"curies":[{"name":"wp","href":"https:\/\/api.w.org\/{rel}","templated":true}]}}