{"id":17593,"date":"2021-02-21T14:30:55","date_gmt":"2021-02-21T14:30:55","guid":{"rendered":"https:\/\/www.autonvaraosahaku.fi\/?product=oximo-wu350-pyyhkijansulat"},"modified":"2021-02-21T14:30:57","modified_gmt":"2021-02-21T14:30:57","slug":"oximo-wu350-pyyhkijansulat","status":"publish","type":"product","link":"https:\/\/www.autonvaraosahaku.fi\/?product=oximo-wu350-pyyhkijansulat","title":{"rendered":"OXIMO WU350 Pyyhkij\u00e4nsulat"},"content":{"rendered":"<p>Pituus (mm): 350; Pyyhkij\u00e4nsulkatyyppi: Flatblade-pyyhinsulka (rungoton), Flatblade-pyyhinsulka (rungoton); Asennuspuoli: beifahrerseitig; OPEL: KARL; FORD: KA RU8; FIAT: SEDICI; TOYOTA: YARIS SCP9_, NSP9_, KSP9_, NCP9_, ZSP9_,AURIS NZE18_, ZRE18_,AURIS TOURING SPORTS ADE18_, ZWE18_, ZRE18_,URBAN CRUISER NSP1_, NLP1_, ZSP1_, NCP11_,COROLLA Stufenheck E15_,COROLLA Stufenheck NRE18_, ZRE17_, ZRE18_, NDE18_,AURIS VAN Kasten ZRE18_, NZE18_; HYUNDAI: GRAND SANTA F\u00c9; NISSAN: NOTE E11,JUKE F15,MICRA IV K13,PIXO UA0,NOTE E12,TIIDA Schr\u00e4gheck,TIIDA Stufenheck SC11X,MICRA V K14; MAZDA: 2 DE; KIA: CEE&#8217;D JD,CEE`D Sportswagon JD,PRO CEE\u00b4D JD,RETONA CE,CEE&#8217;D Combi Van JD,PICANTO JA; HONDA: JAZZ III GE,CITY Stufenheck GM,CITY Stufenheck GD8\/GD9,JAZZ IV GK; MITSUBISHI: MIRAGE Schr\u00e4gheck; Tuulilasinpyyhkimet,Pyyhkij\u00e4t,Pyyhkij\u00e4nsulka<\/p>\n","protected":false},"excerpt":{"rendered":"<p>OXIMO Pyyhkij\u00e4nsulat WU350 Tuulilasinpyyhkimet,Pyyhkij\u00e4t OPEL,FORD,FIAT,KARL,KA RU8,SEDICI,YARIS SCP9_, NSP9_, KSP9_, NCP9_, ZSP9_<\/p>\n","protected":false},"featured_media":0,"template":"","meta":{"site-sidebar-layout":"default","site-content-layout":"default","ast-global-header-display":"","ast-main-header-display":"","ast-hfb-above-header-display":"","ast-hfb-below-header-display":"","ast-hfb-mobile-header-display":"","site-post-title":"","ast-breadcrumbs-content":"","ast-featured-img":"","footer-sml-layout":"","theme-transparent-header-meta":"","adv-header-id-meta":"","stick-header-meta":"","header-above-stick-meta":"","header-main-stick-meta":"","header-below-stick-meta":""},"pwb-brand":[382],"product_cat":[33],"product_tag":[],"class_list":{"0":"post-17593","1":"product","2":"type-product","3":"status-publish","5":"pwb-brand-oximo","6":"product_cat-pyyhkijansulat","7":"desktop-align-left","8":"tablet-align-left","9":"mobile-align-left","11":"first","12":"instock","13":"product-type-external"},"brands":[{"id":382,"name":"OXIMO","slug":"oximo"}],"_links":{"self":[{"href":"https:\/\/www.autonvaraosahaku.fi\/index.php?rest_route=\/wp\/v2\/product\/17593","targetHints":{"allow":["GET"]}}],"collection":[{"href":"https:\/\/www.autonvaraosahaku.fi\/index.php?rest_route=\/wp\/v2\/product"}],"about":[{"href":"https:\/\/www.autonvaraosahaku.fi\/index.php?rest_route=\/wp\/v2\/types\/product"}],"wp:attachment":[{"href":"https:\/\/www.autonvaraosahaku.fi\/index.php?rest_route=%2Fwp%2Fv2%2Fmedia&parent=17593"}],"wp:term":[{"taxonomy":"pwb-brand","embeddable":true,"href":"https:\/\/www.autonvaraosahaku.fi\/index.php?rest_route=%2Fwp%2Fv2%2Fpwb-brand&post=17593"},{"taxonomy":"product_cat","embeddable":true,"href":"https:\/\/www.autonvaraosahaku.fi\/index.php?rest_route=%2Fwp%2Fv2%2Fproduct_cat&post=17593"},{"taxonomy":"product_tag","embeddable":true,"href":"https:\/\/www.autonvaraosahaku.fi\/index.php?rest_route=%2Fwp%2Fv2%2Fproduct_tag&post=17593"}],"curies":[{"name":"wp","href":"https:\/\/api.w.org\/{rel}","templated":true}]}}