{"id":17600,"date":"2021-02-21T14:30:59","date_gmt":"2021-02-21T14:30:59","guid":{"rendered":"https:\/\/www.autonvaraosahaku.fi\/?product=ridex-9f0116-polttoainesuodatin"},"modified":"2021-02-21T14:30:59","modified_gmt":"2021-02-21T14:30:59","slug":"ridex-9f0116-polttoainesuodatin","status":"publish","type":"product","link":"https:\/\/www.autonvaraosahaku.fi\/?product=ridex-9f0116-polttoainesuodatin","title":{"rendered":"RIDEX 9F0116 Polttoainesuodatin"},"content":{"rendered":"<p>Suodatintyyppi: Suodatinpanos; Korkeus (mm): 115,8; L\u00e4pimitta [mm]: 89,2; Ulkol\u00e4pimitta 1 [mm]: 88,7; Tiivisteen l\u00e4pimitta [mm]: 32,1; L\u00e4pimitta 4 [mm]: 32,1; Moottorinumero: K9K 608; MERCEDES-BENZ: CITAN Kasten 415,CITAN Kombi 415,CITAN Mixto 415; RENAULT: CLIO IV,KANGOO \/ GRAND KANGOO KW0\/1_,CAPTUR,KANGOO Express FW0\/1_,CLIO Grandtour IV,DUSTER,CLIO IV Kasten,SANDERO\/STEPWAY II,LOGAN II,LOGAN II Kombi,THALIA III; NISSAN: NV200 EVALIA,NOTE E12,NV200 Kasten,MICRA V K14; DACIA: DUSTER,SANDERO,LOGAN MCV KS_,SANDERO II,LODGY,LOGAN MCV II,DOKKER,LOGAN LS_,DOKKER Express,LOGAN EXPRESS FS_,LOGAN Pick-up US_,LOGAN II,DUSTER Kasten; A4150900152, A6070900752, 1640000Q1G, 1640000Q2A, 1640000Q2B, 1640000Q2D, 164003VD0B, 164003VD0C, 1640300QAC, 164000797R, 164002073R, 164002723R, 164004255R, 164004327R, 164004976R, 164005734R, 164006468R, 164007343R, 164009398R, 164037803R, 164038815R, 164039594R<\/p>\n","protected":false},"excerpt":{"rendered":"<p>RIDEX Polttoainesuodatin 9F0116  MERCEDES-BENZ,RENAULT,NISSAN,CITAN Kasten 415,CITAN Kombi 415,CITAN Mixto 415,CLIO IV,KANGOO \/ GRAND KANGOO KW0\/1_<\/p>\n","protected":false},"featured_media":0,"template":"","meta":{"site-sidebar-layout":"default","site-content-layout":"default","ast-global-header-display":"","ast-main-header-display":"","ast-hfb-above-header-display":"","ast-hfb-below-header-display":"","ast-hfb-mobile-header-display":"","site-post-title":"","ast-breadcrumbs-content":"","ast-featured-img":"","footer-sml-layout":"","theme-transparent-header-meta":"","adv-header-id-meta":"","stick-header-meta":"","header-above-stick-meta":"","header-main-stick-meta":"","header-below-stick-meta":""},"pwb-brand":[157],"product_cat":[29],"product_tag":[],"class_list":{"0":"post-17600","1":"product","2":"type-product","3":"status-publish","5":"pwb-brand-ridex","6":"product_cat-polttoainesuodatin","7":"desktop-align-left","8":"tablet-align-left","9":"mobile-align-left","11":"first","12":"instock","13":"product-type-external"},"brands":[{"id":157,"name":"RIDEX","slug":"ridex"}],"_links":{"self":[{"href":"https:\/\/www.autonvaraosahaku.fi\/index.php?rest_route=\/wp\/v2\/product\/17600","targetHints":{"allow":["GET"]}}],"collection":[{"href":"https:\/\/www.autonvaraosahaku.fi\/index.php?rest_route=\/wp\/v2\/product"}],"about":[{"href":"https:\/\/www.autonvaraosahaku.fi\/index.php?rest_route=\/wp\/v2\/types\/product"}],"wp:attachment":[{"href":"https:\/\/www.autonvaraosahaku.fi\/index.php?rest_route=%2Fwp%2Fv2%2Fmedia&parent=17600"}],"wp:term":[{"taxonomy":"pwb-brand","embeddable":true,"href":"https:\/\/www.autonvaraosahaku.fi\/index.php?rest_route=%2Fwp%2Fv2%2Fpwb-brand&post=17600"},{"taxonomy":"product_cat","embeddable":true,"href":"https:\/\/www.autonvaraosahaku.fi\/index.php?rest_route=%2Fwp%2Fv2%2Fproduct_cat&post=17600"},{"taxonomy":"product_tag","embeddable":true,"href":"https:\/\/www.autonvaraosahaku.fi\/index.php?rest_route=%2Fwp%2Fv2%2Fproduct_tag&post=17600"}],"curies":[{"name":"wp","href":"https:\/\/api.w.org\/{rel}","templated":true}]}}