{"id":17637,"date":"2021-02-21T14:31:03","date_gmt":"2021-02-21T14:31:03","guid":{"rendered":"https:\/\/www.autonvaraosahaku.fi\/?product=ferodo-fdb4945-jarrupalat"},"modified":"2021-02-21T14:31:05","modified_gmt":"2021-02-21T14:31:05","slug":"ferodo-fdb4945-jarrupalat","status":"publish","type":"product","link":"https:\/\/www.autonvaraosahaku.fi\/?product=ferodo-fdb4945-jarrupalat","title":{"rendered":"FERODO FDB4945 Jarrupalat"},"content":{"rendered":"<p>Paksuus [mm]: 18,3; Tarkistuskilpi: R90 Homologated; Pituus (mm): 128,9; Paino [kg]: 1,803; Korkeus 1 (mm): 70,6; Korkeus 2 (mm): 64,2; Kulumisenilmaisimen liitos: Kulumisenilmaisemelle; Jarruj\u00e4rjestelm\u00e4: LUCAS; WVA-numero: 22187, 22188; Pakkauspituus [cm]: 15,5; Pakkausleveys [cm]: 8,7; Pakkauskorkeus [mm]: 8,7; M\u00e4\u00e4r\u00e4yksikk\u00f6: Akselisarja; Tuotelinja: PREMIER ECO FRICTION; Asennuspuoli: Vorderachse; BMW: 2 Active Tourer F45,2 Gran Tourer F46,X1 F48,X2 F39; MINI: MINI F56,MINI F55,MINI CLUBMAN F54,MINI Cabriolet F57,MINI COUNTRYMAN F60; 34106863293, 34106874034, 34116860017; Jarrupalasarja,Jarrupala, Levyjarru<\/p>\n","protected":false},"excerpt":{"rendered":"<p>FERODO Jarrupalat FDB4945 Jarrupalasarja,Jarrupala, Levyjarru BMW,MINI,2 Active Tourer F45,2 Gran Tourer F46,X1 F48,X2 F39,MINI F56,MINI F55<\/p>\n","protected":false},"featured_media":0,"template":"","meta":{"site-sidebar-layout":"default","site-content-layout":"default","ast-global-header-display":"","ast-main-header-display":"","ast-hfb-above-header-display":"","ast-hfb-below-header-display":"","ast-hfb-mobile-header-display":"","site-post-title":"","ast-breadcrumbs-content":"","ast-featured-img":"","footer-sml-layout":"","theme-transparent-header-meta":"","adv-header-id-meta":"","stick-header-meta":"","header-above-stick-meta":"","header-main-stick-meta":"","header-below-stick-meta":""},"pwb-brand":[298],"product_cat":[100],"product_tag":[],"class_list":{"0":"post-17637","1":"product","2":"type-product","3":"status-publish","5":"pwb-brand-ferodo","6":"product_cat-jarrupalat","7":"desktop-align-left","8":"tablet-align-left","9":"mobile-align-left","11":"first","12":"instock","13":"product-type-external"},"brands":[{"id":298,"name":"FERODO","slug":"ferodo"}],"_links":{"self":[{"href":"https:\/\/www.autonvaraosahaku.fi\/index.php?rest_route=\/wp\/v2\/product\/17637","targetHints":{"allow":["GET"]}}],"collection":[{"href":"https:\/\/www.autonvaraosahaku.fi\/index.php?rest_route=\/wp\/v2\/product"}],"about":[{"href":"https:\/\/www.autonvaraosahaku.fi\/index.php?rest_route=\/wp\/v2\/types\/product"}],"wp:attachment":[{"href":"https:\/\/www.autonvaraosahaku.fi\/index.php?rest_route=%2Fwp%2Fv2%2Fmedia&parent=17637"}],"wp:term":[{"taxonomy":"pwb-brand","embeddable":true,"href":"https:\/\/www.autonvaraosahaku.fi\/index.php?rest_route=%2Fwp%2Fv2%2Fpwb-brand&post=17637"},{"taxonomy":"product_cat","embeddable":true,"href":"https:\/\/www.autonvaraosahaku.fi\/index.php?rest_route=%2Fwp%2Fv2%2Fproduct_cat&post=17637"},{"taxonomy":"product_tag","embeddable":true,"href":"https:\/\/www.autonvaraosahaku.fi\/index.php?rest_route=%2Fwp%2Fv2%2Fproduct_tag&post=17637"}],"curies":[{"name":"wp","href":"https:\/\/api.w.org\/{rel}","templated":true}]}}