{"id":17646,"date":"2021-02-21T14:31:07","date_gmt":"2021-02-21T14:31:07","guid":{"rendered":"https:\/\/www.autonvaraosahaku.fi\/?product=denso-dcf479p-raitisilmasuodatin"},"modified":"2021-02-21T14:31:08","modified_gmt":"2021-02-21T14:31:08","slug":"denso-dcf479p-raitisilmasuodatin","status":"publish","type":"product","link":"https:\/\/www.autonvaraosahaku.fi\/?product=denso-dcf479p-raitisilmasuodatin","title":{"rendered":"DENSO DCF479P Raitisilmasuodatin"},"content":{"rendered":"<p>Pituus (mm): 290; Leveys (mm): 96; Korkeus (mm): 30; Paino [g]: 100; Suodatintyyppi: Hiukkassuodatin; OE-numerolle: 6479 92; TOYOTA: PROACE Bus MPY_,PROACE Kasten MDZ_; CITRO\u00cbN: BERLINGO B9,C4 Picasso I UD_,C4 Grand Picasso I UA_,BERLINGO Kasten B9,C4 Grand Picasso II,C4 Picasso II,DS5,BERLINGO Pritsche\/Fahrgestell B9,SPACETOURER,JUMPY; PEUGEOT: 5008,3008,PARTNER Tepee,PARTNER Kasten,PARTNER Pritsche\/Fahrgestell,3008 SUV,EXPERT Kasten; DS: DS5,DS 4 \/ DS 4 CROSSBACK; 6447XF, 6447XF; Sis\u00e4ilmansuodatin,Suodatin, Sis\u00e4ilma<\/p>\n","protected":false},"excerpt":{"rendered":"<p>DENSO Raitisilmasuodatin DCF479P Sis\u00e4ilmansuodatin,Suodatin, Sis\u00e4ilma TOYOTA,CITRO\u00cbN,PEUGEOT,PROACE Bus MPY_,PROACE Kasten MDZ_,BERLINGO B9<\/p>\n","protected":false},"featured_media":0,"template":"","meta":{"site-sidebar-layout":"default","site-content-layout":"default","ast-global-header-display":"","ast-main-header-display":"","ast-hfb-above-header-display":"","ast-hfb-below-header-display":"","ast-hfb-mobile-header-display":"","site-post-title":"","ast-breadcrumbs-content":"","ast-featured-img":"","footer-sml-layout":"","theme-transparent-header-meta":"","adv-header-id-meta":"","stick-header-meta":"","header-above-stick-meta":"","header-main-stick-meta":"","header-below-stick-meta":""},"pwb-brand":[278],"product_cat":[19],"product_tag":[],"class_list":{"0":"post-17646","1":"product","2":"type-product","3":"status-publish","5":"pwb-brand-denso","6":"product_cat-raitisilmasuodatin","7":"desktop-align-left","8":"tablet-align-left","9":"mobile-align-left","11":"first","12":"instock","13":"product-type-external"},"brands":[{"id":278,"name":"DENSO","slug":"denso"}],"_links":{"self":[{"href":"https:\/\/www.autonvaraosahaku.fi\/index.php?rest_route=\/wp\/v2\/product\/17646","targetHints":{"allow":["GET"]}}],"collection":[{"href":"https:\/\/www.autonvaraosahaku.fi\/index.php?rest_route=\/wp\/v2\/product"}],"about":[{"href":"https:\/\/www.autonvaraosahaku.fi\/index.php?rest_route=\/wp\/v2\/types\/product"}],"wp:attachment":[{"href":"https:\/\/www.autonvaraosahaku.fi\/index.php?rest_route=%2Fwp%2Fv2%2Fmedia&parent=17646"}],"wp:term":[{"taxonomy":"pwb-brand","embeddable":true,"href":"https:\/\/www.autonvaraosahaku.fi\/index.php?rest_route=%2Fwp%2Fv2%2Fpwb-brand&post=17646"},{"taxonomy":"product_cat","embeddable":true,"href":"https:\/\/www.autonvaraosahaku.fi\/index.php?rest_route=%2Fwp%2Fv2%2Fproduct_cat&post=17646"},{"taxonomy":"product_tag","embeddable":true,"href":"https:\/\/www.autonvaraosahaku.fi\/index.php?rest_route=%2Fwp%2Fv2%2Fproduct_tag&post=17646"}],"curies":[{"name":"wp","href":"https:\/\/api.w.org\/{rel}","templated":true}]}}