{"id":17652,"date":"2021-02-21T14:31:07","date_gmt":"2021-02-21T14:31:07","guid":{"rendered":"https:\/\/www.autonvaraosahaku.fi\/?product=as-pl-s3010pr-starttimoottori"},"modified":"2021-02-21T14:31:08","modified_gmt":"2021-02-21T14:31:08","slug":"as-pl-s3010pr-starttimoottori","status":"publish","type":"product","link":"https:\/\/www.autonvaraosahaku.fi\/?product=as-pl-s3010pr-starttimoottori","title":{"rendered":"AS-PL S3010PR Starttimoottori"},"content":{"rendered":"<p>Pituus 2 (mm): -6,00; K\u00e4ynnistinmoottori teho (kW): 1,00; J\u00e4nnite (V): 12; Kiinnitysreikien lukum\u00e4\u00e4r\u00e4: 3; kierrereiki\u00e4 [kpl]: 1; Py\u00f6rimissuunta: Py\u00f6rimissuunta my\u00f6t\u00e4p\u00e4iv\u00e4\u00e4n; Hammasluku: 9, 9; Moottorinumero: C3A; FIAT: QUBO 225,FIORINO Kasten\/Kombi 225; CITRO\u00cbN: BERLINGO MF,XSARA PICASSO N68,C2 JM_,C3 I FC_,BERLINGO B9,C4 I LC_,SAXO S0, S1,BERLINGO Kasten M_,C3 II,XSARA N1,C4 Coupe LA_,C3 Pluriel HB_,XSARA Break N2,BERLINGO Kasten B9,XSARA Coupe N0,AX ZA-_,NEMO Kasten AA_,C4 Stufenheck L,ZX N2,BX XB-_,NEMO Kombi,ZX Break N2,C2 ENTERPRISE,BX Break XB-_,C15 VD-_,C-ELYSEE,C15 Kombi,XSARA Kasten,SAXO Hatchback van S3_,XSARA Kasten\/Schr\u00e4gheck; PEUGEOT: 206 Schr\u00e4gheck 2A\/C,206 CC 2D,207 WA_, WC_,307 SW 3H,307 CC 3B,307 3A\/C,207 SW WK_,308 SW,206 SW 2E\/K,208,106 II 1,206+ T3E,308 4A_, 4C_,307 Break 3E,306 Schr\u00e4gheck 7A, 7C, N3, N5,306 Cabriolet 7D, N3, N5,PARTNER Tepee,1007 KM_,PARTNER Combispace 5F,106 I 1A, 1C,205 II 20A\/C,PARTNER Kasten 5,306 Break 7E, N3, N5,306 7B, N3, N5,205 I Cabriolet 741B, 20D,PARTNER Kasten,207 Stufenheck,206 Stufenheck,BIPPER AA_,308 II,309 II 3C, 3A,BIPPER Tepee,405 I 15B,206 Van,405 II 4B,106 Van 1_,309 I 10C, 10A,306 Van N_, 7_,405 II Break 4E,405 I Break 15E,301,205 Kasten,207 Van,408,306 Kasten\/Schr\u00e4gheck; 9608719280, M002T13081, M2T13081, 5802C9, 5802CG, 5802E8, 5802N0, 5802N3, 95667753, 95667753R, 96087192, 96087192R, 9609313280, 9618725080, 9633292480, 9647982880, 9648644680, 97530824; Startti,K\u00e4ynnistinmoottori<\/p>\n","protected":false},"excerpt":{"rendered":"<p>AS-PL Starttimoottori Brand new AS-PL Starter motor 0001231003 S3010PR Startti,K\u00e4ynnistinmoottori FIAT,CITRO\u00cbN,PEUGEOT,QUBO 225<\/p>\n","protected":false},"featured_media":0,"template":"","meta":{"site-sidebar-layout":"default","site-content-layout":"default","ast-global-header-display":"","ast-main-header-display":"","ast-hfb-above-header-display":"","ast-hfb-below-header-display":"","ast-hfb-mobile-header-display":"","site-post-title":"","ast-breadcrumbs-content":"","ast-featured-img":"","footer-sml-layout":"","theme-transparent-header-meta":"","adv-header-id-meta":"","stick-header-meta":"","header-above-stick-meta":"","header-main-stick-meta":"","header-below-stick-meta":""},"pwb-brand":[347],"product_cat":[295],"product_tag":[],"class_list":{"0":"post-17652","1":"product","2":"type-product","3":"status-publish","5":"pwb-brand-as-pl","6":"product_cat-starttimoottori","7":"desktop-align-left","8":"tablet-align-left","9":"mobile-align-left","11":"first","12":"instock","13":"product-type-external"},"brands":[{"id":347,"name":"AS-PL","slug":"as-pl"}],"_links":{"self":[{"href":"https:\/\/www.autonvaraosahaku.fi\/index.php?rest_route=\/wp\/v2\/product\/17652","targetHints":{"allow":["GET"]}}],"collection":[{"href":"https:\/\/www.autonvaraosahaku.fi\/index.php?rest_route=\/wp\/v2\/product"}],"about":[{"href":"https:\/\/www.autonvaraosahaku.fi\/index.php?rest_route=\/wp\/v2\/types\/product"}],"wp:attachment":[{"href":"https:\/\/www.autonvaraosahaku.fi\/index.php?rest_route=%2Fwp%2Fv2%2Fmedia&parent=17652"}],"wp:term":[{"taxonomy":"pwb-brand","embeddable":true,"href":"https:\/\/www.autonvaraosahaku.fi\/index.php?rest_route=%2Fwp%2Fv2%2Fpwb-brand&post=17652"},{"taxonomy":"product_cat","embeddable":true,"href":"https:\/\/www.autonvaraosahaku.fi\/index.php?rest_route=%2Fwp%2Fv2%2Fproduct_cat&post=17652"},{"taxonomy":"product_tag","embeddable":true,"href":"https:\/\/www.autonvaraosahaku.fi\/index.php?rest_route=%2Fwp%2Fv2%2Fproduct_tag&post=17652"}],"curies":[{"name":"wp","href":"https:\/\/api.w.org\/{rel}","templated":true}]}}