{"id":17665,"date":"2021-02-21T14:31:11","date_gmt":"2021-02-21T14:31:11","guid":{"rendered":"https:\/\/www.autonvaraosahaku.fi\/?product=mapco-7403-hehkutulppa"},"modified":"2021-02-21T14:31:11","modified_gmt":"2021-02-21T14:31:11","slug":"mapco-7403-hehkutulppa","status":"publish","type":"product","link":"https:\/\/www.autonvaraosahaku.fi\/?product=mapco-7403-hehkutulppa","title":{"rendered":"MAPCO 7403 Hehkutulppa"},"content":{"rendered":"<p>J\u00e4nnite (V): 11; Liittimet: M4 \/ 1 Nm; Kartionousu: 123; Kierremitta: M8x1,0; Kokonaispituus (mm): 118,5; Avainv\u00e4li: 8 mm; Kiristysmomentti: 10; Virta (A): 11; Hehkutulppatyyppi: j\u00e4lkihehkutuksenkest\u00e4v\u00e4, Hehkutulppa, puikko; Asennussyvyys (mm): 28; Katkeamismomentti [Nm]: 20; OE-numerolle: 2S6Q-6M090-AB; FORD: FIESTA V JH_, JD_,FOCUS II Kombi DA_,FOCUS II DA_,FOCUS C-MAX,FUSION JU_,FOCUS II Stufenheck DA_,FIESTA V Van; PEUGEOT: 206 Schr\u00e4gheck 2A\/C,206 CC 2D,307 SW 3H,407 SW 6E_,307 3A\/C,206 SW 2E\/K,206+ T3E,307 Break 3E,407 6D_,PARTNER Combispace 5F,PARTNER Kasten 5,PARTNER Kasten,206 Stufenheck,206 Van,PARTNER Pritsche\/Fahrgestell; TOYOTA: AYGO WNB1_, KGB1_; CITRO\u00cbN: BERLINGO MF,XSARA PICASSO N68,C2 JM_,C3 I FC_,C4 I LC_,BERLINGO Kasten M_,C5 II Break RE_,XSARA N1,C4 Coupe LA_,C3 Pluriel HB_,C5 II RC_,XSARA Break N2,XSARA Coupe N0,C4 Stufenheck L,C2 ENTERPRISE; MAZDA: 3 BK,2 DY,3 Stufenheck BK; VOLVO: V50 MW,C30,S40 II MS; SUZUKI: LIANA Schr\u00e4gheck,LIANA ER; 1610429280, 596019, 5960E9, E161036, 1148105, 1525910, 2S6Q6M090AA, 2S6Q6M090AB, EZD40, 2S6Q6M090AA, 2S6Q6M090AB, Y40118601, Y40118601A, 12237806041, 1610429280, 1616057480, 596012, 5960E9, E161036, SU00100671, 30711106, 31216248<\/p>\n","protected":false},"excerpt":{"rendered":"<p>MAPCO Hehkutulppa 7403  FORD,PEUGEOT,TOYOTA,FIESTA V JH_, JD_,FOCUS II Kombi DA_,FOCUS II DA_,FOCUS C-MAX,FUSION JU_,FOCUS II Stufenheck DA_<\/p>\n","protected":false},"featured_media":0,"template":"","meta":{"site-sidebar-layout":"default","site-content-layout":"default","ast-global-header-display":"","ast-main-header-display":"","ast-hfb-above-header-display":"","ast-hfb-below-header-display":"","ast-hfb-mobile-header-display":"","site-post-title":"","ast-breadcrumbs-content":"","ast-featured-img":"","footer-sml-layout":"","theme-transparent-header-meta":"","adv-header-id-meta":"","stick-header-meta":"","header-above-stick-meta":"","header-main-stick-meta":"","header-below-stick-meta":""},"pwb-brand":[36],"product_cat":[52],"product_tag":[],"class_list":{"0":"post-17665","1":"product","2":"type-product","3":"status-publish","5":"pwb-brand-mapco","6":"product_cat-hehkutulppa","7":"desktop-align-left","8":"tablet-align-left","9":"mobile-align-left","11":"first","12":"instock","13":"product-type-external"},"brands":[{"id":36,"name":"MAPCO","slug":"mapco"}],"_links":{"self":[{"href":"https:\/\/www.autonvaraosahaku.fi\/index.php?rest_route=\/wp\/v2\/product\/17665","targetHints":{"allow":["GET"]}}],"collection":[{"href":"https:\/\/www.autonvaraosahaku.fi\/index.php?rest_route=\/wp\/v2\/product"}],"about":[{"href":"https:\/\/www.autonvaraosahaku.fi\/index.php?rest_route=\/wp\/v2\/types\/product"}],"wp:attachment":[{"href":"https:\/\/www.autonvaraosahaku.fi\/index.php?rest_route=%2Fwp%2Fv2%2Fmedia&parent=17665"}],"wp:term":[{"taxonomy":"pwb-brand","embeddable":true,"href":"https:\/\/www.autonvaraosahaku.fi\/index.php?rest_route=%2Fwp%2Fv2%2Fpwb-brand&post=17665"},{"taxonomy":"product_cat","embeddable":true,"href":"https:\/\/www.autonvaraosahaku.fi\/index.php?rest_route=%2Fwp%2Fv2%2Fproduct_cat&post=17665"},{"taxonomy":"product_tag","embeddable":true,"href":"https:\/\/www.autonvaraosahaku.fi\/index.php?rest_route=%2Fwp%2Fv2%2Fproduct_tag&post=17665"}],"curies":[{"name":"wp","href":"https:\/\/api.w.org\/{rel}","templated":true}]}}