{"id":17672,"date":"2021-02-21T14:31:11","date_gmt":"2021-02-21T14:31:11","guid":{"rendered":"https:\/\/www.autonvaraosahaku.fi\/?product=denso-dcf481p-raitisilmasuodatin"},"modified":"2021-02-21T14:31:12","modified_gmt":"2021-02-21T14:31:12","slug":"denso-dcf481p-raitisilmasuodatin","status":"publish","type":"product","link":"https:\/\/www.autonvaraosahaku.fi\/?product=denso-dcf481p-raitisilmasuodatin","title":{"rendered":"DENSO DCF481P Raitisilmasuodatin"},"content":{"rendered":"<p>Pituus (mm): 329; Leveys (mm): 164; Korkeus (mm): 30; Paino [g]: 80; Suodatintyyppi: Hiukkassuodatin; Valmistusvuoteen: 05\/2008; HYUNDAI: GRAND SANTA F\u00c9; SAAB: 9-3 YS3F,9-3 Kombi YS3F,9-3 Cabriolet YS3F,9-3X; OPEL: CORSA C F08, F68,VECTRA C Caravan,SIGNUM,VECTRA C,VECTRA C GTS,CORSA C Kasten F08, W5L; FIAT: CROMA 194; VAUXHALL: VECTRA Mk II C CC,CORSA Mk II C W5L, F08,VECTRA Mk II C Estate,VECTRA Mk II C,SIGNUM,CORSAVAN Mk II C; 1808619, 6808601, 9201440, 93172299, 1808619, 6808601, 9201440, 93172299, 1808619, 6808601, 9201440, 93172299, 9179905, 93172299; Sis\u00e4ilmansuodatin,Suodatin, Sis\u00e4ilma<\/p>\n","protected":false},"excerpt":{"rendered":"<p>DENSO Raitisilmasuodatin DCF481P Sis\u00e4ilmansuodatin,Suodatin, Sis\u00e4ilma HYUNDAI,SAAB,OPEL,GRAND SANTA F\u00c9,9-3 YS3F,9-3 Kombi YS3F,9-3 Cabriolet YS3F,9-3X<\/p>\n","protected":false},"featured_media":0,"template":"","meta":{"site-sidebar-layout":"default","site-content-layout":"default","ast-global-header-display":"","ast-main-header-display":"","ast-hfb-above-header-display":"","ast-hfb-below-header-display":"","ast-hfb-mobile-header-display":"","site-post-title":"","ast-breadcrumbs-content":"","ast-featured-img":"","footer-sml-layout":"","theme-transparent-header-meta":"","adv-header-id-meta":"","stick-header-meta":"","header-above-stick-meta":"","header-main-stick-meta":"","header-below-stick-meta":""},"pwb-brand":[278],"product_cat":[19],"product_tag":[],"class_list":{"0":"post-17672","1":"product","2":"type-product","3":"status-publish","5":"pwb-brand-denso","6":"product_cat-raitisilmasuodatin","7":"desktop-align-left","8":"tablet-align-left","9":"mobile-align-left","11":"first","12":"instock","13":"product-type-external"},"brands":[{"id":278,"name":"DENSO","slug":"denso"}],"_links":{"self":[{"href":"https:\/\/www.autonvaraosahaku.fi\/index.php?rest_route=\/wp\/v2\/product\/17672","targetHints":{"allow":["GET"]}}],"collection":[{"href":"https:\/\/www.autonvaraosahaku.fi\/index.php?rest_route=\/wp\/v2\/product"}],"about":[{"href":"https:\/\/www.autonvaraosahaku.fi\/index.php?rest_route=\/wp\/v2\/types\/product"}],"wp:attachment":[{"href":"https:\/\/www.autonvaraosahaku.fi\/index.php?rest_route=%2Fwp%2Fv2%2Fmedia&parent=17672"}],"wp:term":[{"taxonomy":"pwb-brand","embeddable":true,"href":"https:\/\/www.autonvaraosahaku.fi\/index.php?rest_route=%2Fwp%2Fv2%2Fpwb-brand&post=17672"},{"taxonomy":"product_cat","embeddable":true,"href":"https:\/\/www.autonvaraosahaku.fi\/index.php?rest_route=%2Fwp%2Fv2%2Fproduct_cat&post=17672"},{"taxonomy":"product_tag","embeddable":true,"href":"https:\/\/www.autonvaraosahaku.fi\/index.php?rest_route=%2Fwp%2Fv2%2Fproduct_tag&post=17672"}],"curies":[{"name":"wp","href":"https:\/\/api.w.org\/{rel}","templated":true}]}}