{"id":17685,"date":"2021-02-21T14:31:15","date_gmt":"2021-02-21T14:31:15","guid":{"rendered":"https:\/\/www.autonvaraosahaku.fi\/?product=messmer-210530a-laturi"},"modified":"2021-02-21T14:31:15","modified_gmt":"2021-02-21T14:31:15","slug":"messmer-210530a-laturi","status":"publish","type":"product","link":"https:\/\/www.autonvaraosahaku.fi\/?product=messmer-210530a-laturi","title":{"rendered":"MESSMER 210530A Laturi"},"content":{"rendered":"<p>J\u00e4nnite (V): 14; Laturi varausvirta (A): 150; Pistokemallin tunnus: B+LDFM; Hihnapy\u00f6r\u00e4-\u00d8[mm]: 53; Hihnapy\u00f6r\u00e4t: Moniurahihnapy\u00f6r\u00e4ll\u00e4; Py\u00f6rimissuunta: Py\u00f6rimissuunta my\u00f6t\u00e4p\u00e4iv\u00e4\u00e4n; Kiinnitysreikien lukum\u00e4\u00e4r\u00e4: 2; Rihloja (kpl): 6; Et\u00e4isyys hihnapy\u00f6r\u00e4sta laturiin [mm]: 70; BMW: 3 E46,3 Touring E46,X3 E83,3 Compact E46,3 Coupe E46,X5 E53,3 Cabriolet E46; LAND ROVER: FREELANDER LN; 12317789980, 12317789983, 12317797660, 12317797661; Generaattori<\/p>\n","protected":false},"excerpt":{"rendered":"<p>MESSMER Laturi By ERA 210530A Generaattori BMW,LAND ROVER,3 E46,3 Touring E46,X3 E83,3 Compact E46,3 Coupe E46,X5 E53,3 Cabriolet E46,FREELANDER LN<\/p>\n","protected":false},"featured_media":0,"template":"","meta":{"site-sidebar-layout":"default","site-content-layout":"default","ast-global-header-display":"","ast-main-header-display":"","ast-hfb-above-header-display":"","ast-hfb-below-header-display":"","ast-hfb-mobile-header-display":"","site-post-title":"","ast-breadcrumbs-content":"","ast-featured-img":"","footer-sml-layout":"","theme-transparent-header-meta":"","adv-header-id-meta":"","stick-header-meta":"","header-above-stick-meta":"","header-main-stick-meta":"","header-below-stick-meta":""},"pwb-brand":[424],"product_cat":[357],"product_tag":[],"class_list":{"0":"post-17685","1":"product","2":"type-product","3":"status-publish","5":"pwb-brand-messmer","6":"product_cat-laturi","7":"desktop-align-left","8":"tablet-align-left","9":"mobile-align-left","11":"first","12":"instock","13":"product-type-external"},"brands":[{"id":424,"name":"MESSMER","slug":"messmer"}],"_links":{"self":[{"href":"https:\/\/www.autonvaraosahaku.fi\/index.php?rest_route=\/wp\/v2\/product\/17685","targetHints":{"allow":["GET"]}}],"collection":[{"href":"https:\/\/www.autonvaraosahaku.fi\/index.php?rest_route=\/wp\/v2\/product"}],"about":[{"href":"https:\/\/www.autonvaraosahaku.fi\/index.php?rest_route=\/wp\/v2\/types\/product"}],"wp:attachment":[{"href":"https:\/\/www.autonvaraosahaku.fi\/index.php?rest_route=%2Fwp%2Fv2%2Fmedia&parent=17685"}],"wp:term":[{"taxonomy":"pwb-brand","embeddable":true,"href":"https:\/\/www.autonvaraosahaku.fi\/index.php?rest_route=%2Fwp%2Fv2%2Fpwb-brand&post=17685"},{"taxonomy":"product_cat","embeddable":true,"href":"https:\/\/www.autonvaraosahaku.fi\/index.php?rest_route=%2Fwp%2Fv2%2Fproduct_cat&post=17685"},{"taxonomy":"product_tag","embeddable":true,"href":"https:\/\/www.autonvaraosahaku.fi\/index.php?rest_route=%2Fwp%2Fv2%2Fproduct_tag&post=17685"}],"curies":[{"name":"wp","href":"https:\/\/api.w.org\/{rel}","templated":true}]}}