{"id":17705,"date":"2021-02-21T14:31:18","date_gmt":"2021-02-21T14:31:18","guid":{"rendered":"https:\/\/www.autonvaraosahaku.fi\/?product=brembo-p-85-164-jarrupalat"},"modified":"2021-02-21T14:31:19","modified_gmt":"2021-02-21T14:31:19","slug":"brembo-p-85-164-jarrupalat","status":"publish","type":"product","link":"https:\/\/www.autonvaraosahaku.fi\/?product=brembo-p-85-164-jarrupalat","title":{"rendered":"BREMBO P 85 164 Jarrupalat"},"content":{"rendered":"<p>Leveys 1 (mm): 210,2; Leveys 2 (mm): 251,8; WVA-numero: 22402, 22403, 22405; Jarruj\u00e4rjestelm\u00e4: Teves; Lis\u00e4tarvike\/lis\u00e4tieto: ei opasimetri\u00e4, Tasauspainoilla; Kulumisenilmaisimen liitos: Kulumisenilmaisemelle; Korkeus 2 (mm): 99; Korkeus 1 (mm): 98,7; Paksuus [mm]: 16,3; Asennuspuoli: Vorderachse; AUDI: A4 Avant 8W5, B9,A4 8W2, B9,Q5 FY,A5 Sportback F5A,A5 F53,A4 Allroad 8WH, B9,A5 Cabriolet F57; 4K0698151E, 8W0698151AC, 8W0698151AD, 8W0698151AQ, 8W0698151L, 8W0698151M, 8W0698151AC, 8W0698151AD, 8W0698151L, 8W0698151M, 8W0698151AC, 8W0698151AD, 8W0698151L, 8W0698151M, 8W0698151AC, 8W0698151AD, 8W0698151L, 8W0698151M; Jarrupalasarja,Jarrupala, Levyjarru<\/p>\n","protected":false},"excerpt":{"rendered":"<p>BREMBO Jarrupalat P 85 164 Jarrupalasarja,Jarrupala, Levyjarru AUDI,A4 Avant 8W5, B9,A4 8W2, B9,Q5 FY,A5 Sportback F5A,A5 F53,A4 Allroad 8WH, B9<\/p>\n","protected":false},"featured_media":0,"template":"","meta":{"site-sidebar-layout":"default","site-content-layout":"default","ast-global-header-display":"","ast-main-header-display":"","ast-hfb-above-header-display":"","ast-hfb-below-header-display":"","ast-hfb-mobile-header-display":"","site-post-title":"","ast-breadcrumbs-content":"","ast-featured-img":"","footer-sml-layout":"","theme-transparent-header-meta":"","adv-header-id-meta":"","stick-header-meta":"","header-above-stick-meta":"","header-main-stick-meta":"","header-below-stick-meta":""},"pwb-brand":[146],"product_cat":[100],"product_tag":[],"class_list":{"0":"post-17705","1":"product","2":"type-product","3":"status-publish","5":"pwb-brand-brembo","6":"product_cat-jarrupalat","7":"desktop-align-left","8":"tablet-align-left","9":"mobile-align-left","11":"first","12":"instock","13":"product-type-external"},"brands":[{"id":146,"name":"BREMBO","slug":"brembo"}],"_links":{"self":[{"href":"https:\/\/www.autonvaraosahaku.fi\/index.php?rest_route=\/wp\/v2\/product\/17705","targetHints":{"allow":["GET"]}}],"collection":[{"href":"https:\/\/www.autonvaraosahaku.fi\/index.php?rest_route=\/wp\/v2\/product"}],"about":[{"href":"https:\/\/www.autonvaraosahaku.fi\/index.php?rest_route=\/wp\/v2\/types\/product"}],"wp:attachment":[{"href":"https:\/\/www.autonvaraosahaku.fi\/index.php?rest_route=%2Fwp%2Fv2%2Fmedia&parent=17705"}],"wp:term":[{"taxonomy":"pwb-brand","embeddable":true,"href":"https:\/\/www.autonvaraosahaku.fi\/index.php?rest_route=%2Fwp%2Fv2%2Fpwb-brand&post=17705"},{"taxonomy":"product_cat","embeddable":true,"href":"https:\/\/www.autonvaraosahaku.fi\/index.php?rest_route=%2Fwp%2Fv2%2Fproduct_cat&post=17705"},{"taxonomy":"product_tag","embeddable":true,"href":"https:\/\/www.autonvaraosahaku.fi\/index.php?rest_route=%2Fwp%2Fv2%2Fproduct_tag&post=17705"}],"curies":[{"name":"wp","href":"https:\/\/api.w.org\/{rel}","templated":true}]}}