{"id":17709,"date":"2021-02-21T14:31:18","date_gmt":"2021-02-21T14:31:18","guid":{"rendered":"https:\/\/www.autonvaraosahaku.fi\/?product=ridex-4g0160-laturi"},"modified":"2021-02-21T14:31:20","modified_gmt":"2021-02-21T14:31:20","slug":"ridex-4g0160-laturi","status":"publish","type":"product","link":"https:\/\/www.autonvaraosahaku.fi\/?product=ridex-4g0160-laturi","title":{"rendered":"RIDEX 4G0160 Laturi"},"content":{"rendered":"<p>J\u00e4nnite (V): 12; Laturi varausvirta (A): 150; Pistokemallin tunnus: B2+(M8),L,DFM; kiiloja: 6; Hihnapy\u00f6r\u00e4-\u00d8[mm]: 54; Py\u00f6rimissuunta: Py\u00f6rimissuunta my\u00f6t\u00e4p\u00e4iv\u00e4\u00e4n; SUZUKI: LIANA Schr\u00e4gheck,LIANA ER; LANCIA: PHEDRA 179; TOYOTA: AYGO WNB1_, KGB1_; RENAULT: CLIO III BR0\/1, CR0\/1,MODUS \/ GRAND MODUS F\/JP0_,MEGANE II Kombi KM0\/1_,LAGUNA III Grandtour KT0\/1,CLIO Grandtour KR0\/1_,LAGUNA III BT0\/1,MEGANE II Stufenheck LM0\/1_; FIAT: ULYSSE 179AX; CITRO\u00cbN: C1 PM_, PN_,BERLINGO MF,XSARA PICASSO N68,C2 JM_,C3 I FC_,C8 EA_, EB_,C4 I LC_,BERLINGO Kasten M_,C5 II Break RE_,C5 I DC_,C5 I Break DE_,XSARA N1,C4 Coupe LA_,C3 Pluriel HB_,C5 II RC_,XSARA Break N2,XSARA Coupe N0,C2 ENTERPRISE,XSARA Kasten,XSARA Kasten\/Schr\u00e4gheck; PEUGEOT: 206 Schr\u00e4gheck 2A\/C,206 CC 2D,307 SW 3H,307 CC 3B,407 SW 6E_,307 3A\/C,107,206 SW 2E\/K,807 E,307 Break 3E,607 9D, 9U,407 6D_,1007 KM_,PARTNER Combispace 5F,PARTNER Kasten 5,407 Coupe 6C_,206 Stufenheck,206 Van,PARTNER Pritsche\/Fahrgestell; 5702A6, 5702A7, 5702C5, 5702C6, 5702ES, 5702F3, 5702H4, 57056P, 57058G, 5705AC, 5705AL, 5705EW, 5705HC, 9640088280, 9640623580, 9644529680, 9646049980, 96460654, 96460668, 9646476280, 9650582080, 9639396480, 9646066880, 5702A6, 5702A7, 5702C5, 5702C6, 5702ES, 5702F3, 5702H4, 57056P, 57058G, 5705AC, 5705AL, 5705EW, 5705HC, 5705NE, 9640623580, 9646049980, 96460654, 96460668, 9646068880, 9646476280, 9646477580, 3140073J00, 3140073J00000, 27060YV020; Generaattori<\/p>\n","protected":false},"excerpt":{"rendered":"<p>RIDEX Laturi 4G0160 Generaattori SUZUKI,LANCIA,TOYOTA,LIANA Schr\u00e4gheck,LIANA ER,PHEDRA 179,AYGO WNB1_, KGB1_,CLIO III BR0\/1, CR0\/1<\/p>\n","protected":false},"featured_media":0,"template":"","meta":{"site-sidebar-layout":"default","site-content-layout":"default","ast-global-header-display":"","ast-main-header-display":"","ast-hfb-above-header-display":"","ast-hfb-below-header-display":"","ast-hfb-mobile-header-display":"","site-post-title":"","ast-breadcrumbs-content":"","ast-featured-img":"","footer-sml-layout":"","theme-transparent-header-meta":"","adv-header-id-meta":"","stick-header-meta":"","header-above-stick-meta":"","header-main-stick-meta":"","header-below-stick-meta":""},"pwb-brand":[157],"product_cat":[357],"product_tag":[],"class_list":{"0":"post-17709","1":"product","2":"type-product","3":"status-publish","5":"pwb-brand-ridex","6":"product_cat-laturi","7":"desktop-align-left","8":"tablet-align-left","9":"mobile-align-left","11":"first","12":"instock","13":"product-type-external"},"brands":[{"id":157,"name":"RIDEX","slug":"ridex"}],"_links":{"self":[{"href":"https:\/\/www.autonvaraosahaku.fi\/index.php?rest_route=\/wp\/v2\/product\/17709","targetHints":{"allow":["GET"]}}],"collection":[{"href":"https:\/\/www.autonvaraosahaku.fi\/index.php?rest_route=\/wp\/v2\/product"}],"about":[{"href":"https:\/\/www.autonvaraosahaku.fi\/index.php?rest_route=\/wp\/v2\/types\/product"}],"wp:attachment":[{"href":"https:\/\/www.autonvaraosahaku.fi\/index.php?rest_route=%2Fwp%2Fv2%2Fmedia&parent=17709"}],"wp:term":[{"taxonomy":"pwb-brand","embeddable":true,"href":"https:\/\/www.autonvaraosahaku.fi\/index.php?rest_route=%2Fwp%2Fv2%2Fpwb-brand&post=17709"},{"taxonomy":"product_cat","embeddable":true,"href":"https:\/\/www.autonvaraosahaku.fi\/index.php?rest_route=%2Fwp%2Fv2%2Fproduct_cat&post=17709"},{"taxonomy":"product_tag","embeddable":true,"href":"https:\/\/www.autonvaraosahaku.fi\/index.php?rest_route=%2Fwp%2Fv2%2Fproduct_tag&post=17709"}],"curies":[{"name":"wp","href":"https:\/\/api.w.org\/{rel}","templated":true}]}}