{"id":17710,"date":"2021-02-21T14:31:18","date_gmt":"2021-02-21T14:31:18","guid":{"rendered":"https:\/\/www.autonvaraosahaku.fi\/?product=ridex-9f0210-polttoainesuodatin"},"modified":"2021-02-21T14:31:20","modified_gmt":"2021-02-21T14:31:20","slug":"ridex-9f0210-polttoainesuodatin","status":"publish","type":"product","link":"https:\/\/www.autonvaraosahaku.fi\/?product=ridex-9f0210-polttoainesuodatin","title":{"rendered":"RIDEX 9F0210 Polttoainesuodatin"},"content":{"rendered":"<p>L\u00e4pimitta [mm]: 88; Sis\u00e4l\u00e4pimitta [mm]: 8, 10; Korkeus (mm): 189; Alustanumeroon: 6A999999; LAND ROVER: RANGE ROVER SPORT LS,DISCOVERY III TAA,RANGE ROVER SPORT LW,RANGE ROVER IV LG; JAGUAR: S-TYPE CCX,XF _J05_, CC9,XJ X350, X358; C2C22269, C2C33299, C2C35810, XR857585, LR007311, LR010075, WJN500025<\/p>\n","protected":false},"excerpt":{"rendered":"<p>RIDEX Polttoainesuodatin 9F0210  LAND ROVER,JAGUAR,RANGE ROVER SPORT LS,DISCOVERY III TAA,RANGE ROVER SPORT LW,RANGE ROVER IV LG,S-TYPE CCX<\/p>\n","protected":false},"featured_media":0,"template":"","meta":{"site-sidebar-layout":"default","site-content-layout":"default","ast-global-header-display":"","ast-main-header-display":"","ast-hfb-above-header-display":"","ast-hfb-below-header-display":"","ast-hfb-mobile-header-display":"","site-post-title":"","ast-breadcrumbs-content":"","ast-featured-img":"","footer-sml-layout":"","theme-transparent-header-meta":"","adv-header-id-meta":"","stick-header-meta":"","header-above-stick-meta":"","header-main-stick-meta":"","header-below-stick-meta":""},"pwb-brand":[157],"product_cat":[29],"product_tag":[],"class_list":{"0":"post-17710","1":"product","2":"type-product","3":"status-publish","5":"pwb-brand-ridex","6":"product_cat-polttoainesuodatin","7":"desktop-align-left","8":"tablet-align-left","9":"mobile-align-left","11":"first","12":"instock","13":"product-type-external"},"brands":[{"id":157,"name":"RIDEX","slug":"ridex"}],"_links":{"self":[{"href":"https:\/\/www.autonvaraosahaku.fi\/index.php?rest_route=\/wp\/v2\/product\/17710","targetHints":{"allow":["GET"]}}],"collection":[{"href":"https:\/\/www.autonvaraosahaku.fi\/index.php?rest_route=\/wp\/v2\/product"}],"about":[{"href":"https:\/\/www.autonvaraosahaku.fi\/index.php?rest_route=\/wp\/v2\/types\/product"}],"wp:attachment":[{"href":"https:\/\/www.autonvaraosahaku.fi\/index.php?rest_route=%2Fwp%2Fv2%2Fmedia&parent=17710"}],"wp:term":[{"taxonomy":"pwb-brand","embeddable":true,"href":"https:\/\/www.autonvaraosahaku.fi\/index.php?rest_route=%2Fwp%2Fv2%2Fpwb-brand&post=17710"},{"taxonomy":"product_cat","embeddable":true,"href":"https:\/\/www.autonvaraosahaku.fi\/index.php?rest_route=%2Fwp%2Fv2%2Fproduct_cat&post=17710"},{"taxonomy":"product_tag","embeddable":true,"href":"https:\/\/www.autonvaraosahaku.fi\/index.php?rest_route=%2Fwp%2Fv2%2Fproduct_tag&post=17710"}],"curies":[{"name":"wp","href":"https:\/\/api.w.org\/{rel}","templated":true}]}}