{"id":17728,"date":"2021-02-21T14:31:22","date_gmt":"2021-02-21T14:31:22","guid":{"rendered":"https:\/\/www.autonvaraosahaku.fi\/?product=era-770005a-polttoainepumppu"},"modified":"2021-02-21T14:31:24","modified_gmt":"2021-02-21T14:31:24","slug":"era-770005a-polttoainepumppu","status":"publish","type":"product","link":"https:\/\/www.autonvaraosahaku.fi\/?product=era-770005a-polttoainepumppu","title":{"rendered":"ERA 770005A Polttoainepumppu"},"content":{"rendered":"<p>Paino [kg]: 0,665; Paine (bar): 5; K\u00e4ytt\u00f6: S\u00e4hk\u00f6inen; Liittimi\u00e4: 2; Siirtom\u00e4\u00e4r\u00e4 (l\/h): 120; VW: TRANSPORTER II Bus,TRANSPORTER II Kasten; BMW: 3 E30,3 Cabriolet E30,3 Cabriolet E36,5 E28,6 E24,3 Touring E30,7 E23,5 E12; SEAT: IBIZA I 021A,MALAGA 023A; ROVER: 2000-3500 Hatchback SD1,200 Hatchback XW,200 XH,MONTEGO Estate XE,MONTEGO; OPEL: OMEGA A 16_, 17_, 19_,CALIBRA A 85_,VECTRA A 86_, 87_,KADETT E CC 33_, 34_, 43_, 44_,KADETT C Coupe,MANTA B 58_, 59_,VECTRA A CC 88_, 89_,MONZA A 22_,KADETT E Cabriolet 43B_,ASCONA B 81_, 86_, 87_, 88_,ASCONA C 81_, 86_, 87_, 88_,REKORD E 17_-19_, 11_, 14_, 16_,SENATOR B 29_,SENATOR A 29_,OMEGA A Caravan 66_, 67_,KADETT E 39_, 49_,ASCONA C CC 84_, 89_,KADETT E Caravan 35_, 36_, 45_, 46_,MANTA B CC 53_, 55_,COMMODORE C 14_, 19_,REKORD E Caravan 61_, 66_, 67_,COMMODORE C Caravan 61,KADETT E Kasten 37_, 47_,KADETT E Combo 38_, 48_; JAGUAR: XJ,XJSC Convertible,XJ Coupe; LANCIA: DELTA I 831AB0,BETA Coupe 828BC,Y10 156,BETA  H.P.E. 828BF,GAMMA Coupe,PRISMA 831AB0,TREVI 828DB; FIAT: 124 Spider,132,ARGENTA 132A,REGATA Weekend 138; CITRO\u00cbN: BX XB-_,CX II,CX I MA,BX Break XB-_,CX II Break,CX I Break MA; ALFA ROMEO: SPIDER 115,75 162B,33 907A,GTV 116,GIULIETTA 116,33 Sportwagon 907B,6 119,90 162,SZ,RZ; 16121115862, 16141178751, 16141179232, 145059, 547166, 5471660, 91538806, 119110402100, 4421193, 4460210, 60521992, 60546091, 60810370, 7635535, 82308678, 4460210, 73202A, CAC2263, 0815004, 0815011, 815004, 815011, 90020443, 90292723, 90349944, 145059, 547166, 5471660, 91538806, 7700722393, 7700855358, AUU1649, 3059060911<\/p>\n","protected":false},"excerpt":{"rendered":"<p>ERA Polttoainepumppu 770005A  VW,BMW,SEAT,TRANSPORTER II Bus,TRANSPORTER II Kasten,3 E30,3 Cabriolet E30,3 Cabriolet E36,5 E28,6 E24,3 Touring E30<\/p>\n","protected":false},"featured_media":0,"template":"","meta":{"site-sidebar-layout":"default","site-content-layout":"default","ast-global-header-display":"","ast-main-header-display":"","ast-hfb-above-header-display":"","ast-hfb-below-header-display":"","ast-hfb-mobile-header-display":"","site-post-title":"","ast-breadcrumbs-content":"","ast-featured-img":"","footer-sml-layout":"","theme-transparent-header-meta":"","adv-header-id-meta":"","stick-header-meta":"","header-above-stick-meta":"","header-main-stick-meta":"","header-below-stick-meta":""},"pwb-brand":[64],"product_cat":[73],"product_tag":[],"class_list":{"0":"post-17728","1":"product","2":"type-product","3":"status-publish","5":"pwb-brand-era","6":"product_cat-polttoainepumppu","7":"desktop-align-left","8":"tablet-align-left","9":"mobile-align-left","11":"first","12":"instock","13":"product-type-external"},"brands":[{"id":64,"name":"ERA","slug":"era"}],"_links":{"self":[{"href":"https:\/\/www.autonvaraosahaku.fi\/index.php?rest_route=\/wp\/v2\/product\/17728","targetHints":{"allow":["GET"]}}],"collection":[{"href":"https:\/\/www.autonvaraosahaku.fi\/index.php?rest_route=\/wp\/v2\/product"}],"about":[{"href":"https:\/\/www.autonvaraosahaku.fi\/index.php?rest_route=\/wp\/v2\/types\/product"}],"wp:attachment":[{"href":"https:\/\/www.autonvaraosahaku.fi\/index.php?rest_route=%2Fwp%2Fv2%2Fmedia&parent=17728"}],"wp:term":[{"taxonomy":"pwb-brand","embeddable":true,"href":"https:\/\/www.autonvaraosahaku.fi\/index.php?rest_route=%2Fwp%2Fv2%2Fpwb-brand&post=17728"},{"taxonomy":"product_cat","embeddable":true,"href":"https:\/\/www.autonvaraosahaku.fi\/index.php?rest_route=%2Fwp%2Fv2%2Fproduct_cat&post=17728"},{"taxonomy":"product_tag","embeddable":true,"href":"https:\/\/www.autonvaraosahaku.fi\/index.php?rest_route=%2Fwp%2Fv2%2Fproduct_tag&post=17728"}],"curies":[{"name":"wp","href":"https:\/\/api.w.org\/{rel}","templated":true}]}}