{"id":17742,"date":"2021-02-21T14:31:26","date_gmt":"2021-02-21T14:31:26","guid":{"rendered":"https:\/\/www.autonvaraosahaku.fi\/?product=ridex-310t0207-kiristysrulla"},"modified":"2021-02-21T14:31:27","modified_gmt":"2021-02-21T14:31:27","slug":"ridex-310t0207-kiristysrulla","status":"publish","type":"product","link":"https:\/\/www.autonvaraosahaku.fi\/?product=ridex-310t0207-kiristysrulla","title":{"rendered":"RIDEX 310T0207 Kiristysrulla"},"content":{"rendered":"<p>L\u00e4pimitta [mm]: 65; Leveys (mm): 25; Lis\u00e4tarvike\/lis\u00e4tieto: Ilman pidikett\u00e4; Apulaitteet: Laturi; Varusteet: f\u00fcr Fahrzeuge mit Klimaanlage; CITRO\u00cbN: C2 JM_,C3 I FC_,C4 I LC_,C3 II,C4 Coupe LA_,C3 Pluriel HB_,C4 Stufenheck L,C-ELYSEE; PEUGEOT: 207 WA_, WC_,307 SW 3H,307 CC 3B,307 3A\/C,207 SW WK_,308 SW,308 4A_, 4C_,307 Break 3E,1007 KM_,207 Stufenheck,301; 5751C3, 5751G7, 9652073680, 9685486880, 5751C3, 5751G7, 9652073680, 9685486880; Kiristysrulla, Moniurahihna<\/p>\n","protected":false},"excerpt":{"rendered":"<p>RIDEX Kiristysrulla 310T0207 Kiristysrulla, Moniurahihna CITRO\u00cbN,PEUGEOT,C2 JM_,C3 I FC_,C4 I LC_,C3 II,C4 Coupe LA_,C3 Pluriel HB_,C4 Stufenheck L<\/p>\n","protected":false},"featured_media":0,"template":"","meta":{"site-sidebar-layout":"default","site-content-layout":"default","ast-global-header-display":"","ast-main-header-display":"","ast-hfb-above-header-display":"","ast-hfb-below-header-display":"","ast-hfb-mobile-header-display":"","site-post-title":"","ast-breadcrumbs-content":"","ast-featured-img":"","footer-sml-layout":"","theme-transparent-header-meta":"","adv-header-id-meta":"","stick-header-meta":"","header-above-stick-meta":"","header-main-stick-meta":"","header-below-stick-meta":""},"pwb-brand":[157],"product_cat":[282],"product_tag":[],"class_list":{"0":"post-17742","1":"product","2":"type-product","3":"status-publish","5":"pwb-brand-ridex","6":"product_cat-kiristysrulla","7":"desktop-align-left","8":"tablet-align-left","9":"mobile-align-left","11":"first","12":"instock","13":"product-type-external"},"brands":[{"id":157,"name":"RIDEX","slug":"ridex"}],"_links":{"self":[{"href":"https:\/\/www.autonvaraosahaku.fi\/index.php?rest_route=\/wp\/v2\/product\/17742","targetHints":{"allow":["GET"]}}],"collection":[{"href":"https:\/\/www.autonvaraosahaku.fi\/index.php?rest_route=\/wp\/v2\/product"}],"about":[{"href":"https:\/\/www.autonvaraosahaku.fi\/index.php?rest_route=\/wp\/v2\/types\/product"}],"wp:attachment":[{"href":"https:\/\/www.autonvaraosahaku.fi\/index.php?rest_route=%2Fwp%2Fv2%2Fmedia&parent=17742"}],"wp:term":[{"taxonomy":"pwb-brand","embeddable":true,"href":"https:\/\/www.autonvaraosahaku.fi\/index.php?rest_route=%2Fwp%2Fv2%2Fpwb-brand&post=17742"},{"taxonomy":"product_cat","embeddable":true,"href":"https:\/\/www.autonvaraosahaku.fi\/index.php?rest_route=%2Fwp%2Fv2%2Fproduct_cat&post=17742"},{"taxonomy":"product_tag","embeddable":true,"href":"https:\/\/www.autonvaraosahaku.fi\/index.php?rest_route=%2Fwp%2Fv2%2Fproduct_tag&post=17742"}],"curies":[{"name":"wp","href":"https:\/\/api.w.org\/{rel}","templated":true}]}}