{"id":17746,"date":"2021-02-21T14:31:26","date_gmt":"2021-02-21T14:31:26","guid":{"rendered":"https:\/\/www.autonvaraosahaku.fi\/?product=tomex-brakes-tx-22-08-jarrukengat"},"modified":"2021-02-21T14:31:27","modified_gmt":"2021-02-21T14:31:27","slug":"tomex-brakes-tx-22-08-jarrukengat","status":"publish","type":"product","link":"https:\/\/www.autonvaraosahaku.fi\/?product=tomex-brakes-tx-22-08-jarrukengat","title":{"rendered":"TOMEX brakes TX 22-08 Jarrukeng\u00e4t"},"content":{"rendered":"<p>Asennuspuoli: Taka-akseli; Jarruj\u00e4rjestelm\u00e4: TRW; L\u00e4pimitta [mm]: 160; Leveys (mm): 25; Paino [kg]: 0,9; Huomioi mitat: ; Valmistusvuoteen: 08\/1978; VOLVO: 940 II Kombi 945,940 Kombi 945,240 Kombi P245,740 Kombi 745,960 II Kombi 965,740 744,240 P242, P244,960 II 964,940 944,760 704, 764,960 Kombi 965,164,760 Kombi 704, 765,940 II 944,960 964,260 P262, P264,260 Coupe P262,260 Kombi P265,780; 12124286, 1229428, 12294286, 1330310, 13303102, 133031052, 271997, 2719979, 9163134; Jarrukenk\u00e4sarja<\/p>\n","protected":false},"excerpt":{"rendered":"<p>TOMEX brakes Jarrukeng\u00e4t TX 22-08 Jarrukenk\u00e4sarja VOLVO,940 II Kombi 945,940 Kombi 945,240 Kombi P245,740 Kombi 745,960 II Kombi 965,740 744<\/p>\n","protected":false},"featured_media":0,"template":"","meta":{"site-sidebar-layout":"default","site-content-layout":"default","ast-global-header-display":"","ast-main-header-display":"","ast-hfb-above-header-display":"","ast-hfb-below-header-display":"","ast-hfb-mobile-header-display":"","site-post-title":"","ast-breadcrumbs-content":"","ast-featured-img":"","footer-sml-layout":"","theme-transparent-header-meta":"","adv-header-id-meta":"","stick-header-meta":"","header-above-stick-meta":"","header-main-stick-meta":"","header-below-stick-meta":""},"pwb-brand":[388],"product_cat":[176],"product_tag":[],"class_list":{"0":"post-17746","1":"product","2":"type-product","3":"status-publish","5":"pwb-brand-tomex-brakes","6":"product_cat-jarrukengat","7":"desktop-align-left","8":"tablet-align-left","9":"mobile-align-left","11":"first","12":"instock","13":"product-type-external"},"brands":[{"id":388,"name":"TOMEX brakes","slug":"tomex-brakes"}],"_links":{"self":[{"href":"https:\/\/www.autonvaraosahaku.fi\/index.php?rest_route=\/wp\/v2\/product\/17746","targetHints":{"allow":["GET"]}}],"collection":[{"href":"https:\/\/www.autonvaraosahaku.fi\/index.php?rest_route=\/wp\/v2\/product"}],"about":[{"href":"https:\/\/www.autonvaraosahaku.fi\/index.php?rest_route=\/wp\/v2\/types\/product"}],"wp:attachment":[{"href":"https:\/\/www.autonvaraosahaku.fi\/index.php?rest_route=%2Fwp%2Fv2%2Fmedia&parent=17746"}],"wp:term":[{"taxonomy":"pwb-brand","embeddable":true,"href":"https:\/\/www.autonvaraosahaku.fi\/index.php?rest_route=%2Fwp%2Fv2%2Fpwb-brand&post=17746"},{"taxonomy":"product_cat","embeddable":true,"href":"https:\/\/www.autonvaraosahaku.fi\/index.php?rest_route=%2Fwp%2Fv2%2Fproduct_cat&post=17746"},{"taxonomy":"product_tag","embeddable":true,"href":"https:\/\/www.autonvaraosahaku.fi\/index.php?rest_route=%2Fwp%2Fv2%2Fproduct_tag&post=17746"}],"curies":[{"name":"wp","href":"https:\/\/api.w.org\/{rel}","templated":true}]}}