{"id":17767,"date":"2021-02-21T14:31:30","date_gmt":"2021-02-21T14:31:30","guid":{"rendered":"https:\/\/www.autonvaraosahaku.fi\/?product=topran-114-537-venttiilikopan-tiiviste"},"modified":"2021-02-21T14:31:32","modified_gmt":"2021-02-21T14:31:32","slug":"topran-114-537-venttiilikopan-tiiviste","status":"publish","type":"product","link":"https:\/\/www.autonvaraosahaku.fi\/?product=topran-114-537-venttiilikopan-tiiviste","title":{"rendered":"TOPRAN 114 537 Venttiilikopan tiiviste"},"content":{"rendered":"<p>Materiaali: ACM (polyakryyli-kautsu); Ulkol\u00e4pimitta [mm]: 42,6; Asennuspuoli: Sisempi; Sis\u00e4l\u00e4pimitta [mm]: 23,1; Korkeus (mm): 3,8; V\u00e4ri: Musta; Moottorinumero: BDE; VW: GOLF IV 1J1,GOLF V 1K1,PASSAT Variant 3B6,TRANSPORTER IV Bus 70XB, 70XC, 7DB, 7DW,GOLF IV Variant 1J5,SHARAN 7M8, 7M9, 7M6,TRANSPORTER V Bus 7HB, 7HJ, 7EB, 7EJ, 7EF,TOUAREG 7LA, 7L6, 7L7,BORA 1J2,TRANSPORTER IV Kasten 70XA,EOS 1F7, 1F8,TRANSPORTER V Kasten 7HA, 7HH, 7EA, 7EH,NEW BEETLE 9C1, 1C1,PASSAT 3B3,BORA Kombi 1J6,TRANSPORTER V Pritsche\/Fahrgestell 7JD, 7JE, 7JL, 7JY, 7JZ,; AUDI: TT 8N3,TT Roadster 8N9; SEAT: LEON 1M1,ALHAMBRA 7V8, 7V9,TOLEDO II 1M2; FORD: GALAXY WGR; PORSCHE: CAYENNE 955; 022103484E, 022103484F, 1118026, 1333787, 5M216L004AA, YM216L004AA, 95510448400, 95510448401, 022103484E, 022103484F, 022103484E, 022103484F; Tiiviste, Venttiilikoppa<\/p>\n","protected":false},"excerpt":{"rendered":"<p>TOPRAN Venttiilikopan Tiiviste 114 537 Tiiviste, Venttiilikoppa VW,AUDI,SEAT,GOLF IV 1J1,GOLF V 1K1,PASSAT Variant 3B6<\/p>\n","protected":false},"featured_media":0,"template":"","meta":{"site-sidebar-layout":"default","site-content-layout":"default","ast-global-header-display":"","ast-main-header-display":"","ast-hfb-above-header-display":"","ast-hfb-below-header-display":"","ast-hfb-mobile-header-display":"","site-post-title":"","ast-breadcrumbs-content":"","ast-featured-img":"","footer-sml-layout":"","theme-transparent-header-meta":"","adv-header-id-meta":"","stick-header-meta":"","header-above-stick-meta":"","header-main-stick-meta":"","header-below-stick-meta":""},"pwb-brand":[18],"product_cat":[44],"product_tag":[],"class_list":{"0":"post-17767","1":"product","2":"type-product","3":"status-publish","5":"pwb-brand-topran","6":"product_cat-venttiilikopan-tiiviste","7":"desktop-align-left","8":"tablet-align-left","9":"mobile-align-left","11":"first","12":"instock","13":"product-type-external"},"brands":[{"id":18,"name":"TOPRAN","slug":"topran"}],"_links":{"self":[{"href":"https:\/\/www.autonvaraosahaku.fi\/index.php?rest_route=\/wp\/v2\/product\/17767","targetHints":{"allow":["GET"]}}],"collection":[{"href":"https:\/\/www.autonvaraosahaku.fi\/index.php?rest_route=\/wp\/v2\/product"}],"about":[{"href":"https:\/\/www.autonvaraosahaku.fi\/index.php?rest_route=\/wp\/v2\/types\/product"}],"wp:attachment":[{"href":"https:\/\/www.autonvaraosahaku.fi\/index.php?rest_route=%2Fwp%2Fv2%2Fmedia&parent=17767"}],"wp:term":[{"taxonomy":"pwb-brand","embeddable":true,"href":"https:\/\/www.autonvaraosahaku.fi\/index.php?rest_route=%2Fwp%2Fv2%2Fpwb-brand&post=17767"},{"taxonomy":"product_cat","embeddable":true,"href":"https:\/\/www.autonvaraosahaku.fi\/index.php?rest_route=%2Fwp%2Fv2%2Fproduct_cat&post=17767"},{"taxonomy":"product_tag","embeddable":true,"href":"https:\/\/www.autonvaraosahaku.fi\/index.php?rest_route=%2Fwp%2Fv2%2Fproduct_tag&post=17767"}],"curies":[{"name":"wp","href":"https:\/\/api.w.org\/{rel}","templated":true}]}}