{"id":17773,"date":"2021-02-21T14:31:30","date_gmt":"2021-02-21T14:31:30","guid":{"rendered":"https:\/\/www.autonvaraosahaku.fi\/?product=elring-471-501-muut-luokat"},"modified":"2021-02-21T14:31:32","modified_gmt":"2021-02-21T14:31:32","slug":"elring-471-501-muut-luokat","status":"publish","type":"product","link":"https:\/\/www.autonvaraosahaku.fi\/?product=elring-471-501-muut-luokat","title":{"rendered":"ELRING 471.501 Muut luokat"},"content":{"rendered":"<p>Kemialliset ominaisuudet: Kestoelastinen, Ei liuotusainepitoinen, UV-kest\u00e4v\u00e4; Pakkaustyyppi: Painepakkaus; Sis\u00e4lt\u00f6 [ml]: 200; Materiaali: Silikoni; V\u00e4ri: Musta; L\u00e4mp\u00f6alue alkaen [\u00b0C]: -60; L\u00e4mp\u00f6tila-alue korkeintaan [\u00b0C]: 315; SMART: FORTWO Coupe 451,FORTWO Cabrio 451; A0049896520<\/p>\n","protected":false},"excerpt":{"rendered":"<p>ELRING Tiivistysaine Dirko HT Profipress 471.501  SMART,FORTWO Coupe 451,FORTWO Cabrio 451<\/p>\n","protected":false},"featured_media":0,"template":"","meta":{"site-sidebar-layout":"default","site-content-layout":"default","ast-global-header-display":"","ast-main-header-display":"","ast-hfb-above-header-display":"","ast-hfb-below-header-display":"","ast-hfb-mobile-header-display":"","site-post-title":"","ast-breadcrumbs-content":"","ast-featured-img":"","footer-sml-layout":"","theme-transparent-header-meta":"","adv-header-id-meta":"","stick-header-meta":"","header-above-stick-meta":"","header-main-stick-meta":"","header-below-stick-meta":""},"pwb-brand":[26],"product_cat":[37],"product_tag":[],"class_list":{"0":"post-17773","1":"product","2":"type-product","3":"status-publish","5":"pwb-brand-elring","6":"product_cat-muut-luokat","7":"desktop-align-left","8":"tablet-align-left","9":"mobile-align-left","11":"first","12":"instock","13":"product-type-external"},"brands":[{"id":26,"name":"ELRING","slug":"elring"}],"_links":{"self":[{"href":"https:\/\/www.autonvaraosahaku.fi\/index.php?rest_route=\/wp\/v2\/product\/17773","targetHints":{"allow":["GET"]}}],"collection":[{"href":"https:\/\/www.autonvaraosahaku.fi\/index.php?rest_route=\/wp\/v2\/product"}],"about":[{"href":"https:\/\/www.autonvaraosahaku.fi\/index.php?rest_route=\/wp\/v2\/types\/product"}],"wp:attachment":[{"href":"https:\/\/www.autonvaraosahaku.fi\/index.php?rest_route=%2Fwp%2Fv2%2Fmedia&parent=17773"}],"wp:term":[{"taxonomy":"pwb-brand","embeddable":true,"href":"https:\/\/www.autonvaraosahaku.fi\/index.php?rest_route=%2Fwp%2Fv2%2Fpwb-brand&post=17773"},{"taxonomy":"product_cat","embeddable":true,"href":"https:\/\/www.autonvaraosahaku.fi\/index.php?rest_route=%2Fwp%2Fv2%2Fproduct_cat&post=17773"},{"taxonomy":"product_tag","embeddable":true,"href":"https:\/\/www.autonvaraosahaku.fi\/index.php?rest_route=%2Fwp%2Fv2%2Fproduct_tag&post=17773"}],"curies":[{"name":"wp","href":"https:\/\/api.w.org\/{rel}","templated":true}]}}