{"id":17796,"date":"2021-02-21T14:31:34","date_gmt":"2021-02-21T14:31:34","guid":{"rendered":"https:\/\/www.autonvaraosahaku.fi\/?product=tomex-brakes-tx-12-15-jarrupalat"},"modified":"2021-02-21T14:31:37","modified_gmt":"2021-02-21T14:31:37","slug":"tomex-brakes-tx-12-15-jarrupalat","status":"publish","type":"product","link":"https:\/\/www.autonvaraosahaku.fi\/?product=tomex-brakes-tx-12-15-jarrupalat","title":{"rendered":"TOMEX brakes TX 12-15 Jarrupalat"},"content":{"rendered":"<p>Asennuspuoli: Etuakseli; Paksuus [mm]: 18; Korkeus (mm): 47,5; Lis\u00e4tarvike\/lis\u00e4tieto: Tarvikkeilla; Jarruj\u00e4rjestelm\u00e4: BOSCH; Leveys (mm): 130,9; Paino [kg]: 1,02; M\u00e4\u00e4r\u00e4yksikk\u00f6: Akselisarja; Valmistusvuosi alkaen: 05\/1997; PEUGEOT: 206 Schr\u00e4gheck 2A\/C,206 SW 2E\/K,306 Schr\u00e4gheck 7A, 7C, N3, N5,306 7B, N3, N5,206 Stufenheck,206 Van,306 Van N_, 7_; 425191, 425204, 425320; Jarrupalasarja,Jarrupala, Levyjarru<\/p>\n","protected":false},"excerpt":{"rendered":"<p>TOMEX brakes Jarrupalat TX 12-15 Jarrupalasarja,Jarrupala, Levyjarru PEUGEOT,206 Schr\u00e4gheck 2A\/C,206 SW 2E\/K,306 Schr\u00e4gheck 7A, 7C, N3, N5<\/p>\n","protected":false},"featured_media":0,"template":"","meta":{"site-sidebar-layout":"default","site-content-layout":"default","ast-global-header-display":"","ast-main-header-display":"","ast-hfb-above-header-display":"","ast-hfb-below-header-display":"","ast-hfb-mobile-header-display":"","site-post-title":"","ast-breadcrumbs-content":"","ast-featured-img":"","footer-sml-layout":"","theme-transparent-header-meta":"","adv-header-id-meta":"","stick-header-meta":"","header-above-stick-meta":"","header-main-stick-meta":"","header-below-stick-meta":""},"pwb-brand":[388],"product_cat":[100],"product_tag":[],"class_list":{"0":"post-17796","1":"product","2":"type-product","3":"status-publish","5":"pwb-brand-tomex-brakes","6":"product_cat-jarrupalat","7":"desktop-align-left","8":"tablet-align-left","9":"mobile-align-left","11":"first","12":"instock","13":"product-type-external"},"brands":[{"id":388,"name":"TOMEX brakes","slug":"tomex-brakes"}],"_links":{"self":[{"href":"https:\/\/www.autonvaraosahaku.fi\/index.php?rest_route=\/wp\/v2\/product\/17796","targetHints":{"allow":["GET"]}}],"collection":[{"href":"https:\/\/www.autonvaraosahaku.fi\/index.php?rest_route=\/wp\/v2\/product"}],"about":[{"href":"https:\/\/www.autonvaraosahaku.fi\/index.php?rest_route=\/wp\/v2\/types\/product"}],"wp:attachment":[{"href":"https:\/\/www.autonvaraosahaku.fi\/index.php?rest_route=%2Fwp%2Fv2%2Fmedia&parent=17796"}],"wp:term":[{"taxonomy":"pwb-brand","embeddable":true,"href":"https:\/\/www.autonvaraosahaku.fi\/index.php?rest_route=%2Fwp%2Fv2%2Fpwb-brand&post=17796"},{"taxonomy":"product_cat","embeddable":true,"href":"https:\/\/www.autonvaraosahaku.fi\/index.php?rest_route=%2Fwp%2Fv2%2Fproduct_cat&post=17796"},{"taxonomy":"product_tag","embeddable":true,"href":"https:\/\/www.autonvaraosahaku.fi\/index.php?rest_route=%2Fwp%2Fv2%2Fproduct_tag&post=17796"}],"curies":[{"name":"wp","href":"https:\/\/api.w.org\/{rel}","templated":true}]}}