{"id":17814,"date":"2021-02-21T14:31:38","date_gmt":"2021-02-21T14:31:38","guid":{"rendered":"https:\/\/www.autonvaraosahaku.fi\/?product=as-pl-s0093-starttimoottori"},"modified":"2021-02-21T14:31:40","modified_gmt":"2021-02-21T14:31:40","slug":"as-pl-s0093-starttimoottori","status":"publish","type":"product","link":"https:\/\/www.autonvaraosahaku.fi\/?product=as-pl-s0093-starttimoottori","title":{"rendered":"AS-PL S0093 Starttimoottori"},"content":{"rendered":"<p>Pituus 1 (mm): 76,00; Pituus 2 (mm): 21,00; K\u00e4ynnistinmoottori teho (kW): 2,00; J\u00e4nnite (V): 12; Kiinnitysreikien lukum\u00e4\u00e4r\u00e4: 2; kierrereiki\u00e4 [kpl]: 2; Py\u00f6rimissuunta: Py\u00f6rimissuunta my\u00f6t\u00e4p\u00e4iv\u00e4\u00e4n; Hammasluku: 9; Valmistusvuoteen: 09\/1987; BMW: 3 E46,5 E39,5 E60,5 Touring E61,3 Touring E46,X3 E83,5 Touring E39,3 Coupe E46,3 E36,X5 E53,3 E30,3 Cabriolet E46,7 E38,5 E34,7 E65, E66, E67,3 Touring E36,5 Touring E34,5 E28,3 Touring E30; LAND ROVER: RANGE ROVER III LM,RANGE ROVER II LP; OPEL: OMEGA B Caravan 21_, 22_, 23_,OMEGA B 25_, 26_, 27_; VAUXHALL: OMEGA B,OMEGA B Estate; 12412242702, 12412242703, 12412246570, 12412246571, 12412246574, 12412247391, 12412247492, 12412446570, 12414371646, 12417785691, 12417785715, 12417787925, 12419069808, 2246570, 7787925, 1202141, 1202168, 24454172, 6202017, 90465731, 90542412, 93171945, R1040037, R1540015; Startti,K\u00e4ynnistinmoottori<\/p>\n","protected":false},"excerpt":{"rendered":"<p>AS-PL Starttimoottori Brand new AS-PL Alternator rectifier S0093 Startti,K\u00e4ynnistinmoottori BMW,LAND ROVER,OPEL,3 E46,5 E39,5 E60,5 Touring E61<\/p>\n","protected":false},"featured_media":0,"template":"","meta":{"site-sidebar-layout":"default","site-content-layout":"default","ast-global-header-display":"","ast-main-header-display":"","ast-hfb-above-header-display":"","ast-hfb-below-header-display":"","ast-hfb-mobile-header-display":"","site-post-title":"","ast-breadcrumbs-content":"","ast-featured-img":"","footer-sml-layout":"","theme-transparent-header-meta":"","adv-header-id-meta":"","stick-header-meta":"","header-above-stick-meta":"","header-main-stick-meta":"","header-below-stick-meta":""},"pwb-brand":[347],"product_cat":[295],"product_tag":[],"class_list":{"0":"post-17814","1":"product","2":"type-product","3":"status-publish","5":"pwb-brand-as-pl","6":"product_cat-starttimoottori","7":"desktop-align-left","8":"tablet-align-left","9":"mobile-align-left","11":"first","12":"instock","13":"product-type-external"},"brands":[{"id":347,"name":"AS-PL","slug":"as-pl"}],"_links":{"self":[{"href":"https:\/\/www.autonvaraosahaku.fi\/index.php?rest_route=\/wp\/v2\/product\/17814","targetHints":{"allow":["GET"]}}],"collection":[{"href":"https:\/\/www.autonvaraosahaku.fi\/index.php?rest_route=\/wp\/v2\/product"}],"about":[{"href":"https:\/\/www.autonvaraosahaku.fi\/index.php?rest_route=\/wp\/v2\/types\/product"}],"wp:attachment":[{"href":"https:\/\/www.autonvaraosahaku.fi\/index.php?rest_route=%2Fwp%2Fv2%2Fmedia&parent=17814"}],"wp:term":[{"taxonomy":"pwb-brand","embeddable":true,"href":"https:\/\/www.autonvaraosahaku.fi\/index.php?rest_route=%2Fwp%2Fv2%2Fpwb-brand&post=17814"},{"taxonomy":"product_cat","embeddable":true,"href":"https:\/\/www.autonvaraosahaku.fi\/index.php?rest_route=%2Fwp%2Fv2%2Fproduct_cat&post=17814"},{"taxonomy":"product_tag","embeddable":true,"href":"https:\/\/www.autonvaraosahaku.fi\/index.php?rest_route=%2Fwp%2Fv2%2Fproduct_tag&post=17814"}],"curies":[{"name":"wp","href":"https:\/\/api.w.org\/{rel}","templated":true}]}}