{"id":17829,"date":"2021-02-21T14:31:42","date_gmt":"2021-02-21T14:31:42","guid":{"rendered":"https:\/\/www.autonvaraosahaku.fi\/?product=meyle-314-152-3101-hd-kardaanin-kuminivel"},"modified":"2021-02-21T14:31:43","modified_gmt":"2021-02-21T14:31:43","slug":"meyle-314-152-3101-hd-kardaanin-kuminivel","status":"publish","type":"product","link":"https:\/\/www.autonvaraosahaku.fi\/?product=meyle-314-152-3101-hd-kardaanin-kuminivel","title":{"rendered":"MEYLE 314 152 3101\/HD Kardaanin kuminivel"},"content":{"rendered":"<p>L\u00e4pimitta [mm]: 110; Lis\u00e4tarvike\/lis\u00e4tieto: Ilman asennusmateriaalia; Nivelmalli: Kumi-\/Hardynivel; Reikien m\u00e4\u00e4r\u00e4: 6; Reik\u00e4ympyr\u00e4-\u00d8 [mm]: 78; M\u00e4\u00e4r\u00e4yksikk\u00f6: Kappale; Vahvistettu malli: ; Asennuspuoli: vorne; BMW: 3 E46,5 E39,3 Touring E46,5 Touring E39,3 Compact E46,3 Coupe E46,1 F20,3 Compact E36,3 E36,3 Touring F31,3 Cabriolet E46,3 F30, F35, F80,3 Coupe E36,Z3 E36,Z4 E85,5 E34,3 Cabriolet E36,1 F21,5 Touring E34,3 Gran Turismo F34,Z3 Coupe E36,4 Coupe F32, F82,2 Coupe F22,4 Cabriolet F33, F83,2 Active Tourer F45,4 Gran Coupe F36,2 Gran Tourer F46,X1 F48,2 Cabriolet F23; HYUNDAI: SANTA F\u00c9 I SM; MINI: MINI CLUBMAN F54,MINI COUNTRYMAN F60; 26111227410, 26111227869, 26111229516, 4919026000, 26111227869; R\u00e4ttinivel,Nivel, Pitkitt\u00e4isakseli<\/p>\n","protected":false},"excerpt":{"rendered":"<p>MEYLE Kardaanin Kuminivel MEYLE-HD: Better than OE. 314 152 3101\/HD R\u00e4ttinivel,Nivel, Pitkitt\u00e4isakseli BMW,HYUNDAI,MINI,3 E46,5 E39,3 Touring E46<\/p>\n","protected":false},"featured_media":0,"template":"","meta":{"site-sidebar-layout":"default","site-content-layout":"default","ast-global-header-display":"","ast-main-header-display":"","ast-hfb-above-header-display":"","ast-hfb-below-header-display":"","ast-hfb-mobile-header-display":"","site-post-title":"","ast-breadcrumbs-content":"","ast-featured-img":"","footer-sml-layout":"","theme-transparent-header-meta":"","adv-header-id-meta":"","stick-header-meta":"","header-above-stick-meta":"","header-main-stick-meta":"","header-below-stick-meta":""},"pwb-brand":[84],"product_cat":[56],"product_tag":[],"class_list":{"0":"post-17829","1":"product","2":"type-product","3":"status-publish","5":"pwb-brand-meyle","6":"product_cat-kardaanin-kuminivel","7":"desktop-align-left","8":"tablet-align-left","9":"mobile-align-left","11":"first","12":"instock","13":"product-type-external"},"brands":[{"id":84,"name":"MEYLE","slug":"meyle"}],"_links":{"self":[{"href":"https:\/\/www.autonvaraosahaku.fi\/index.php?rest_route=\/wp\/v2\/product\/17829","targetHints":{"allow":["GET"]}}],"collection":[{"href":"https:\/\/www.autonvaraosahaku.fi\/index.php?rest_route=\/wp\/v2\/product"}],"about":[{"href":"https:\/\/www.autonvaraosahaku.fi\/index.php?rest_route=\/wp\/v2\/types\/product"}],"wp:attachment":[{"href":"https:\/\/www.autonvaraosahaku.fi\/index.php?rest_route=%2Fwp%2Fv2%2Fmedia&parent=17829"}],"wp:term":[{"taxonomy":"pwb-brand","embeddable":true,"href":"https:\/\/www.autonvaraosahaku.fi\/index.php?rest_route=%2Fwp%2Fv2%2Fpwb-brand&post=17829"},{"taxonomy":"product_cat","embeddable":true,"href":"https:\/\/www.autonvaraosahaku.fi\/index.php?rest_route=%2Fwp%2Fv2%2Fproduct_cat&post=17829"},{"taxonomy":"product_tag","embeddable":true,"href":"https:\/\/www.autonvaraosahaku.fi\/index.php?rest_route=%2Fwp%2Fv2%2Fproduct_tag&post=17829"}],"curies":[{"name":"wp","href":"https:\/\/api.w.org\/{rel}","templated":true}]}}