{"id":17835,"date":"2021-02-21T14:31:42","date_gmt":"2021-02-21T14:31:42","guid":{"rendered":"https:\/\/www.autonvaraosahaku.fi\/?product=mapco-88842-peruutustutka-anturit"},"modified":"2021-02-21T14:31:44","modified_gmt":"2021-02-21T14:31:44","slug":"mapco-88842-peruutustutka-anturit","status":"publish","type":"product","link":"https:\/\/www.autonvaraosahaku.fi\/?product=mapco-88842-peruutustutka-anturit","title":{"rendered":"MAPCO 88842 Peruutustutka anturit"},"content":{"rendered":"<p>Tunnistinmalli: Ultra\u00e4\u00e4nitunnistin; Kemialliset ominaisuudet: maalattavissa; Liittimi\u00e4: 4; Asennuspuoli: Edess\u00e4 ja takana; Tarvittava kappalem\u00e4\u00e4r\u00e4: 4; MERCEDES-BENZ: C-CLASS W203,E-CLASS W211,A-CLASS W168,C-CLASS T-Model S203,E-CLASS T-Model S211,E-CLASS W210,VIANO W639,M-CLASS W164,C-CLASS Coupe CL203,M-CLASS W163,E-CLASS Kombi S210,VITO Bus W639,SLK R171,CLK C209,S-CLASS W220,VITO \/ MIXTO Kasten W639,CLS C219,VANEO 414,SL R230,R-CLASS W251, V251,CLK Cabriolet A209,SPRINTER 3-t Kasten 903,SPRINTER 2-t Bus 901, 902,CLC-CLASS CL203,GL-CLASS X164,SPRINTER 2-t Kasten 901, 902,SPRINTER 3-t Bus 903,SPRINTER 3-t Pritsche\/Fahrgestell 903,S-CLASS Coupe C215,SPRINTER 4-t Kasten 904; 05120341AA, 0045428718, 0015427418, 0035428718, 0045428718, A0015427418, A0035428718, A0045428718; Tunnistin, Et\u00e4isyystunnistin<\/p>\n","protected":false},"excerpt":{"rendered":"<p>MAPCO Peruutustutka Anturit 88842 Tunnistin, Et\u00e4isyystunnistin MERCEDES-BENZ,C-CLASS W203,E-CLASS W211,A-CLASS W168,C-CLASS T-Model S203<\/p>\n","protected":false},"featured_media":0,"template":"","meta":{"site-sidebar-layout":"default","site-content-layout":"default","ast-global-header-display":"","ast-main-header-display":"","ast-hfb-above-header-display":"","ast-hfb-below-header-display":"","ast-hfb-mobile-header-display":"","site-post-title":"","ast-breadcrumbs-content":"","ast-featured-img":"","footer-sml-layout":"","theme-transparent-header-meta":"","adv-header-id-meta":"","stick-header-meta":"","header-above-stick-meta":"","header-main-stick-meta":"","header-below-stick-meta":""},"pwb-brand":[36],"product_cat":[217],"product_tag":[],"class_list":{"0":"post-17835","1":"product","2":"type-product","3":"status-publish","5":"pwb-brand-mapco","6":"product_cat-peruutustutka-anturit","7":"desktop-align-left","8":"tablet-align-left","9":"mobile-align-left","11":"first","12":"instock","13":"product-type-external"},"brands":[{"id":36,"name":"MAPCO","slug":"mapco"}],"_links":{"self":[{"href":"https:\/\/www.autonvaraosahaku.fi\/index.php?rest_route=\/wp\/v2\/product\/17835","targetHints":{"allow":["GET"]}}],"collection":[{"href":"https:\/\/www.autonvaraosahaku.fi\/index.php?rest_route=\/wp\/v2\/product"}],"about":[{"href":"https:\/\/www.autonvaraosahaku.fi\/index.php?rest_route=\/wp\/v2\/types\/product"}],"wp:attachment":[{"href":"https:\/\/www.autonvaraosahaku.fi\/index.php?rest_route=%2Fwp%2Fv2%2Fmedia&parent=17835"}],"wp:term":[{"taxonomy":"pwb-brand","embeddable":true,"href":"https:\/\/www.autonvaraosahaku.fi\/index.php?rest_route=%2Fwp%2Fv2%2Fpwb-brand&post=17835"},{"taxonomy":"product_cat","embeddable":true,"href":"https:\/\/www.autonvaraosahaku.fi\/index.php?rest_route=%2Fwp%2Fv2%2Fproduct_cat&post=17835"},{"taxonomy":"product_tag","embeddable":true,"href":"https:\/\/www.autonvaraosahaku.fi\/index.php?rest_route=%2Fwp%2Fv2%2Fproduct_tag&post=17835"}],"curies":[{"name":"wp","href":"https:\/\/api.w.org\/{rel}","templated":true}]}}