{"id":17841,"date":"2021-02-21T14:31:46","date_gmt":"2021-02-21T14:31:46","guid":{"rendered":"https:\/\/www.autonvaraosahaku.fi\/?product=ridex-288r0030-laturin-jannitteensaadin"},"modified":"2021-02-21T14:31:46","modified_gmt":"2021-02-21T14:31:46","slug":"ridex-288r0030-laturin-jannitteensaadin","status":"publish","type":"product","link":"https:\/\/www.autonvaraosahaku.fi\/?product=ridex-288r0030-laturin-jannitteensaadin","title":{"rendered":"RIDEX 288R0030 Laturin j\u00e4nnitteens\u00e4\u00e4din"},"content":{"rendered":"<p>Nimellisj\u00e4nnite (V): 12; K\u00e4ytt\u00f6j\u00e4nnite [V]: 14,3; Laturityyppi: Latauss\u00e4\u00e4din plus-s\u00e4\u00e4t\u00f6inen; TOYOTA: LAND CRUISER PZJ7_, KZJ7_, HZJ7_, BJ7_, LJ7_, RJ7_,LAND CRUISER _J4_,LAND CRUISER _J6_,LAND CRUISER Hardtop _J7_,COROLLA Coupe AE86,LAND CRUISER Pick-up _J4_,HIACE III Kasten YH7_, LH6_, LH7_, LH5_, YH5_, YH6_,COROLLA KE,HIACE I Wagon LH1_, RH1_, LH3_, RH3_, LH2_, RH2_,COROLLA Liftback _E8_,TERCEL Station Wagon AL2_,1000 KP30_,COROLLA FX Compact E8B,LITEACE Bus CM30_G, KM30_G,HIACE II Wagon LH7_, LH5_, LH6_, YH7_, YH6_, YH5_,STARLET 1000 KP,COROLLA Station Wagon _E7_,HIACE II Kasten LH5_, YH7_, LH7_, LH6_, YH6_, YH5_,HIACE I Kasten RH1_, LH3_, RH3_, RH2_, LH2_, LH1_,TERCEL AL2_,COROLLA _E7_,COROLLA Liftback KE, TE,TERCEL _L1_, _L2_,COROLLA _E8_,STARLET KP6_,COROLLA Liftback _E7_,COROLLA Coupe KE,CARINA TA1_,HIACE Pick-up,HILUX I Pick-up LN3_, RN2_, LN4_, RN3_,DYNA 150 Pritsche\/Fahrgestell LY_,CRESSIDA Stufenheck RX3_,CORONA Station Wagon RT118,CORONA RT1_,CRESSIDA Station Wagon RX3_,1000 Kasten KP36V_,COROLLA Combi KE,LITEACE Kasten CM3_V, KM3_V,DYNA Pritsche\/Fahrgestell;; 2770013030, 2770013030000, 2770015011, 2770022010, 2770022011, 2770036010, 2770036020, 2770038010, 2770038010000, 2770038020, 2770087701, 2770087701000, 2770013010, 2770013020, 2770013030, 2770013040, 2770013050, 2770013080, 2770013100, 2770013101, 2770015010, 2770015011, 2770015020, 2770015030, 2770015040, 2770015050, 2770022010, 2770028010, 2770033010, 2770034020, 2770035030, 2770036010, 2770036020, 2770038020, 2770041011, 2770041020, 2770041021, 2770044010, 2770044020, 2770044021, 2770064050, 2770072020, 2770073010; Laturin S\u00e4\u00e4din,J\u00e4nniteens\u00e4\u00e4din<\/p>\n","protected":false},"excerpt":{"rendered":"<p>RIDEX Laturin J\u00e4nnitteens\u00e4\u00e4din 288R0030 Laturin S\u00e4\u00e4din,J\u00e4nniteens\u00e4\u00e4din TOYOTA,LAND CRUISER PZJ7_, KZJ7_, HZJ7_, BJ7_, LJ7_, RJ7_,LAND CRUISER _J4_<\/p>\n","protected":false},"featured_media":0,"template":"","meta":{"site-sidebar-layout":"default","site-content-layout":"default","ast-global-header-display":"","ast-main-header-display":"","ast-hfb-above-header-display":"","ast-hfb-below-header-display":"","ast-hfb-mobile-header-display":"","site-post-title":"","ast-breadcrumbs-content":"","ast-featured-img":"","footer-sml-layout":"","theme-transparent-header-meta":"","adv-header-id-meta":"","stick-header-meta":"","header-above-stick-meta":"","header-main-stick-meta":"","header-below-stick-meta":""},"pwb-brand":[157],"product_cat":[420],"product_tag":[],"class_list":{"0":"post-17841","1":"product","2":"type-product","3":"status-publish","5":"pwb-brand-ridex","6":"product_cat-laturin-jannitteensaadin","7":"desktop-align-left","8":"tablet-align-left","9":"mobile-align-left","11":"first","12":"instock","13":"product-type-external"},"brands":[{"id":157,"name":"RIDEX","slug":"ridex"}],"_links":{"self":[{"href":"https:\/\/www.autonvaraosahaku.fi\/index.php?rest_route=\/wp\/v2\/product\/17841","targetHints":{"allow":["GET"]}}],"collection":[{"href":"https:\/\/www.autonvaraosahaku.fi\/index.php?rest_route=\/wp\/v2\/product"}],"about":[{"href":"https:\/\/www.autonvaraosahaku.fi\/index.php?rest_route=\/wp\/v2\/types\/product"}],"wp:attachment":[{"href":"https:\/\/www.autonvaraosahaku.fi\/index.php?rest_route=%2Fwp%2Fv2%2Fmedia&parent=17841"}],"wp:term":[{"taxonomy":"pwb-brand","embeddable":true,"href":"https:\/\/www.autonvaraosahaku.fi\/index.php?rest_route=%2Fwp%2Fv2%2Fpwb-brand&post=17841"},{"taxonomy":"product_cat","embeddable":true,"href":"https:\/\/www.autonvaraosahaku.fi\/index.php?rest_route=%2Fwp%2Fv2%2Fproduct_cat&post=17841"},{"taxonomy":"product_tag","embeddable":true,"href":"https:\/\/www.autonvaraosahaku.fi\/index.php?rest_route=%2Fwp%2Fv2%2Fproduct_tag&post=17841"}],"curies":[{"name":"wp","href":"https:\/\/api.w.org\/{rel}","templated":true}]}}