{"id":17848,"date":"2021-02-21T14:31:46","date_gmt":"2021-02-21T14:31:46","guid":{"rendered":"https:\/\/www.autonvaraosahaku.fi\/?product=alanko-11440430-starttimoottori"},"modified":"2021-02-21T14:31:47","modified_gmt":"2021-02-21T14:31:47","slug":"alanko-11440430-starttimoottori","status":"publish","type":"product","link":"https:\/\/www.autonvaraosahaku.fi\/?product=alanko-11440430-starttimoottori","title":{"rendered":"ALANKO 11440430 Starttimoottori"},"content":{"rendered":"<p>J\u00e4nnite (V): 12; K\u00e4ynnistinmoottori teho (kW): 0,9; Hammasluku: 9\/10; Kiinnitysreikien lukum\u00e4\u00e4r\u00e4: 2, 2; kierrereiki\u00e4 [kpl]: 0; Laippa \u00d8(mm): 68; Pistokemallin tunnus: Plug; Py\u00f6rimissuunta: Py\u00f6rimissuunta my\u00f6t\u00e4p\u00e4iv\u00e4\u00e4n; M\u00e4\u00e4r\u00e4yksikk\u00f6: Kappale; Vaihto-osa: ; Valmistusvuosi alkaen: 01\/1988; CHEVROLET: NUBIRA Kombi,KALOS,AVEO Schr\u00e4gheck T250, T255,LACETTI J200,AVEO Stufenheck T250, T255,REZZO,KALOS Stufenheck,NUBIRA Stufenheck,LACETTI Kombi J200; DAEWOO: KALOS KLAS,REZZO KLAU,LANOS KLAT,LACETTI Schr\u00e4gheck KLAN,NUBIRA Stufenheck KLAN,KALOS Stufenheck KLAS,NUBIRA Wagon KLAN,NUBIRA Wagon KLAJ,LANOS Stufenheck KLAT,NEXIA KLETN,NUBIRA Stufenheck KLAJ,ESPERO KLEJ,NUBIRA KLAJ,NEXIA Stufenheck KLETN; SAAB: 9-3 YS3F,9-3 Kombi YS3F; OPEL: CORSA D,CORSA C F08, F68,ZAFIRA B A05,ASTRA H Caravan L35,MERIVA,ZAFIRA A F75_,ASTRA G CC F48_, F08_,ASTRA H L48,ASTRA G Caravan F35_,CORSA B 73_, 78_, 79_,VECTRA C Caravan,ASTRA H GTC L08,SIGNUM,VECTRA C,AGILA A H00,VECTRA B 36_,ASTRA F CC 53_, 54_, 58_, 59_,VECTRA C GTS,TIGRA TwinTop,VECTRA B Caravan 31_,ASTRA H TwinTop L67,ASTRA G Cabriolet F67,ASTRA F Caravan 51_, 52_,ASTRA G Coupe F07_,COMBO Kasten\/Kombi,ASTRA G Stufenheck F69_,VECTRA B CC 38_,COMBO Tour,VECTRA A 86_, 87_,ASTRA F Cabriolet 53_B,ASTRA F 56_, 57_,KADETT E CC 33_, 34_, 43_, 44_,CORSA D Van,TIGRA 95_,CORSA A CC 93_, 94_, 98_, 99_,CORSA C Kasten F08, W5L,VECTRA A CC 88_, 89_,COMBO 71_,KADETT E Cabriolet 43B_,ASTRA H Kasten L70,ASTRA F CLASSIC CC,CORSA A TR 91_, 92_, 96_, 97_,ASTRA F CLASSIC Stufenheck,ASTRA F CLASSIC Caravan,KADETT E 39_, 49_,CORSA B Kasten 73_,ASTRA G Kasten F70,KADETT E Caravan 35_, 36_, 45_, 46_,CORSA B Kombi F35,ASTRA F Van 55_,CORSA A Kasten,KADETT E Kasten 37_, 47_,KAD; TOYOTA: RAV 4 \u00a0 SXA1_; FIAT: STILO 192,STILO Multi Wagon 192; VAUXHALL: CORSA Mk III D L_8,INSIGNIA Mk I A,ZAFIRA Mk II B M75,ASTRA Mk V H CC,VECTRA Mk II C CC,ZAFIRA Mk I A F75,CORSA Mk II C W5L, F08,ASTRA Mk V H Estate,VECTRA Mk II C Estate,ASTRA Mk V H Convertible,ASTRA Mk IV G CC,VECTRA Mk II C,ASTRA Mk III F CC,CORSA Mk I B,SIGNUM,MERIVA Mk I A,CORSAVAN Mk II C,ASTRA Mk IV G Sedan,ASTRA Mk II CC,CORSAVAN Mk III D,TIGRA Convertible,AGILA Mk I A,VECTRA B CC,CAVALIER Mk III 87,VECTRA B Estate,VECTRA B,ASTRA Mk III F Estate,ASTRAVAN Mk V H,ASTRAVAN Mk IV G,ASTRA Mk IV G Coupe F67,CAVALIER Mk III CC,COMBO Mk I B,TIGRA Mk I F07,COMBO Mk II C Kasten\/Kombi F25,ASTRAVAN Mk III F,NOVA,ASTRA Mk IV G Convertible,ASTRA Mk IV G Estate,NOVA CC; 96550792, 71739718, 71739864, 09115191, 09117031, 09130838, 0915191, 1202001, 1202002, 1202109, 1202110, 1202126, 1202127, 1202128, 1202131, 1202137, 1202172, 1202173, 1202179, 120262A, 1202953, 1202959, 1202961, 1202962, 1203137, 1209002, 24406133, 24422258, 24436877, 24437136, 25182244, 55351608, 55556130, 6202007, 6202013, 6202020, 6202042, 6202049, 6202050, 6202061, 6202064, 6202077, 6202079, 90341777, 90421876, 90508036, 90535261, 90543871, 90543872, 90586910, 90586916, 9115190, 9115191, 9115197, 9117031, 9117691, 9130838, 913837N, 9190838, 9199321, 9200960, 93171936, 93171950, 93174027, 93174033, 93175885, 93175903, 93175996, 93176051, 93178167, 93184533, 93184534, 93184535, 93599000, 93604828, 9512658, 96430344, 96469960, 96469963, R1540009, 6202049, R1040008, R1540024; Startti,K\u00e4ynnistinmoottori<\/p>\n","protected":false},"excerpt":{"rendered":"<p>ALANKO Starttimoottori 11440430 Startti,K\u00e4ynnistinmoottori CHEVROLET,DAEWOO,SAAB,NUBIRA Kombi,KALOS,AVEO Schr\u00e4gheck T250, T255,LACETTI J200<\/p>\n","protected":false},"featured_media":0,"template":"","meta":{"site-sidebar-layout":"default","site-content-layout":"default","ast-global-header-display":"","ast-main-header-display":"","ast-hfb-above-header-display":"","ast-hfb-below-header-display":"","ast-hfb-mobile-header-display":"","site-post-title":"","ast-breadcrumbs-content":"","ast-featured-img":"","footer-sml-layout":"","theme-transparent-header-meta":"","adv-header-id-meta":"","stick-header-meta":"","header-above-stick-meta":"","header-main-stick-meta":"","header-below-stick-meta":""},"pwb-brand":[324],"product_cat":[295],"product_tag":[],"class_list":{"0":"post-17848","1":"product","2":"type-product","3":"status-publish","5":"pwb-brand-alanko","6":"product_cat-starttimoottori","7":"desktop-align-left","8":"tablet-align-left","9":"mobile-align-left","11":"first","12":"instock","13":"product-type-external"},"brands":[{"id":324,"name":"ALANKO","slug":"alanko"}],"_links":{"self":[{"href":"https:\/\/www.autonvaraosahaku.fi\/index.php?rest_route=\/wp\/v2\/product\/17848","targetHints":{"allow":["GET"]}}],"collection":[{"href":"https:\/\/www.autonvaraosahaku.fi\/index.php?rest_route=\/wp\/v2\/product"}],"about":[{"href":"https:\/\/www.autonvaraosahaku.fi\/index.php?rest_route=\/wp\/v2\/types\/product"}],"wp:attachment":[{"href":"https:\/\/www.autonvaraosahaku.fi\/index.php?rest_route=%2Fwp%2Fv2%2Fmedia&parent=17848"}],"wp:term":[{"taxonomy":"pwb-brand","embeddable":true,"href":"https:\/\/www.autonvaraosahaku.fi\/index.php?rest_route=%2Fwp%2Fv2%2Fpwb-brand&post=17848"},{"taxonomy":"product_cat","embeddable":true,"href":"https:\/\/www.autonvaraosahaku.fi\/index.php?rest_route=%2Fwp%2Fv2%2Fproduct_cat&post=17848"},{"taxonomy":"product_tag","embeddable":true,"href":"https:\/\/www.autonvaraosahaku.fi\/index.php?rest_route=%2Fwp%2Fv2%2Fproduct_tag&post=17848"}],"curies":[{"name":"wp","href":"https:\/\/api.w.org\/{rel}","templated":true}]}}