{"id":17894,"date":"2021-02-21T14:31:53","date_gmt":"2021-02-21T14:31:53","guid":{"rendered":"https:\/\/www.autonvaraosahaku.fi\/?product=valeo-837432-kytkinpaketti"},"modified":"2021-02-21T14:31:55","modified_gmt":"2021-02-21T14:31:55","slug":"valeo-837432-kytkinpaketti","status":"publish","type":"product","link":"https:\/\/www.autonvaraosahaku.fi\/?product=valeo-837432-kytkinpaketti","title":{"rendered":"VALEO 837432 Kytkinpaketti"},"content":{"rendered":"<p>Uusi osa: ; Korvaava tuote\/korvaava tiedote 2: Vauhtipy\u00f6r\u00e4ll\u00e4, Ruuvisarjalla, varmistusruuvisarjalla, Kytkinlevyll\u00e4, Ilman anturia; Moottorimalli: Moottoreihin, joissa kaksoismassa vauhtipy\u00f6r\u00e4; Vauhtipy\u00f6r\u00e4valmistajalle: VALEO; Kiinnitysreikien lukum\u00e4\u00e4r\u00e4: 7; Kiristysmomentti: 65; Lis\u00e4tarvike\/lis\u00e4tieto: Painelevyll\u00e4, Irroitusmekanismilla; Ty\u00f6nt\u00f6voima [N]: 6200; Ulkol\u00e4pimitta 1 [mm]: 235; Hammasluku: 21; Kiinnitysreikien m\u00e4\u00e4r\u00e4 irroitinmekanismissa: 2; Reik\u00e4-\u00d8 [mm]: 30; Materiaali: Muovi; Paino [kg]: 19; Moottorinumero: K9K 836; NISSAN: QASHQAI \/ QASHQAI +2 J10, JJ10,NOTE E11,JUKE F15,NV200 EVALIA,TIIDA Schr\u00e4gheck,NV200 Kasten,CUBE Z12,TIIDA Stufenheck SC11X,QASHQAI J11, J11_,PULSAR Schr\u00e4gheck C13; MERCEDES-BENZ: CITAN Kasten 415,CITAN Kombi 415,CITAN Mixto 415; DACIA: DUSTER,LODGY,DUSTER Kasten; RENAULT: CLIO III BR0\/1, CR0\/1,SC\u00c9NIC II JM0\/1_,MEGANE III Grandtour KZ0\/1,MODUS \/ GRAND MODUS F\/JP0_,MEGANE II Kombi KM0\/1_,MEGANE II Coup\u00e9-Cabriolet EM0\/1_,SC\u00c9NIC III JZ0\/1_,LAGUNA III Grandtour KT0\/1,CLIO IV,MEGANE III Schr\u00e4gheck BZ0_,MEGANE II BM0\/1_, CM0\/1_,GRAND SC\u00c9NIC III JZ0\/1_,MEGANE III Coupe DZ0\/1_,KANGOO \/ GRAND KANGOO KW0\/1_,CLIO Grandtour KR0\/1_,GRAND SC\u00c9NIC II JM0\/1_,CAPTUR,LAGUNA III BT0\/1,KANGOO Express FW0\/1_,MEGANE II Stufenheck LM0\/1_,CLIO Grandtour IV,KANGOO BE BOP KW0\/1_,MEGANE CC EZ0\/1_,LAGUNA Coupe DT0\/1,FLUENCE L30_,LATITUDE L70_,CLIO III Kasten SB_, SR_,KADJAR,MEGANE IV B9A\/M_,MEGANE IV Grandtour K9A\/M_,TALISMAN Grandtour KP_,TALISMAN,MEGANE II Kasten\/Kombi KM_,MEGANE IV Stufenheck,MEGANE II Hatchback Van KM0\/2_; 123003948R, 123006354R, 123108982R, 6070301205, 1231000Q0J, 1231000Q1F, 1231000Q4J, 1231000Q4K, 123003948R, 123006354R, 123108982R, 302052316R, 7701476621, 7701479061; Kytkinsarja<\/p>\n","protected":false},"excerpt":{"rendered":"<p>VALEO Kytkinpaketti FULLPACK DMF (CSC) 837432 Kytkinsarja NISSAN,MERCEDES-BENZ,DACIA,QASHQAI \/ QASHQAI +2 J10, JJ10,NOTE E11,JUKE F15,NV200 EVALIA<\/p>\n","protected":false},"featured_media":0,"template":"","meta":{"site-sidebar-layout":"default","site-content-layout":"default","ast-global-header-display":"","ast-main-header-display":"","ast-hfb-above-header-display":"","ast-hfb-below-header-display":"","ast-hfb-mobile-header-display":"","site-post-title":"","ast-breadcrumbs-content":"","ast-featured-img":"","footer-sml-layout":"","theme-transparent-header-meta":"","adv-header-id-meta":"","stick-header-meta":"","header-above-stick-meta":"","header-main-stick-meta":"","header-below-stick-meta":""},"pwb-brand":[28],"product_cat":[21],"product_tag":[],"class_list":{"0":"post-17894","1":"product","2":"type-product","3":"status-publish","5":"pwb-brand-valeo","6":"product_cat-kytkinpaketti","7":"desktop-align-left","8":"tablet-align-left","9":"mobile-align-left","11":"first","12":"instock","13":"product-type-external"},"brands":[{"id":28,"name":"VALEO","slug":"valeo"}],"_links":{"self":[{"href":"https:\/\/www.autonvaraosahaku.fi\/index.php?rest_route=\/wp\/v2\/product\/17894","targetHints":{"allow":["GET"]}}],"collection":[{"href":"https:\/\/www.autonvaraosahaku.fi\/index.php?rest_route=\/wp\/v2\/product"}],"about":[{"href":"https:\/\/www.autonvaraosahaku.fi\/index.php?rest_route=\/wp\/v2\/types\/product"}],"wp:attachment":[{"href":"https:\/\/www.autonvaraosahaku.fi\/index.php?rest_route=%2Fwp%2Fv2%2Fmedia&parent=17894"}],"wp:term":[{"taxonomy":"pwb-brand","embeddable":true,"href":"https:\/\/www.autonvaraosahaku.fi\/index.php?rest_route=%2Fwp%2Fv2%2Fpwb-brand&post=17894"},{"taxonomy":"product_cat","embeddable":true,"href":"https:\/\/www.autonvaraosahaku.fi\/index.php?rest_route=%2Fwp%2Fv2%2Fproduct_cat&post=17894"},{"taxonomy":"product_tag","embeddable":true,"href":"https:\/\/www.autonvaraosahaku.fi\/index.php?rest_route=%2Fwp%2Fv2%2Fproduct_tag&post=17894"}],"curies":[{"name":"wp","href":"https:\/\/api.w.org\/{rel}","templated":true}]}}