{"id":17896,"date":"2021-02-21T14:31:53","date_gmt":"2021-02-21T14:31:53","guid":{"rendered":"https:\/\/www.autonvaraosahaku.fi\/?product=brembo-p-28-089-jarrupalat"},"modified":"2021-02-21T14:31:55","modified_gmt":"2021-02-21T14:31:55","slug":"brembo-p-28-089-jarrupalat","status":"publish","type":"product","link":"https:\/\/www.autonvaraosahaku.fi\/?product=brembo-p-28-089-jarrupalat","title":{"rendered":"BREMBO P 28 089 Jarrupalat"},"content":{"rendered":"<p>WVA-numero: 22431, 22430, 22429; Jarruj\u00e4rjestelm\u00e4: Teves; Kulumisenilmaisimen liitos: akustisella kulumavaroittimella; Korkeus 2 (mm): 53,2; Korkeus 1 (mm): 48,2; Kulumisvaroittimia [pro Achse]: 2; Leveys (mm): 122,5; Paksuus [mm]: 15; M\u00e4\u00e4r\u00e4yksikk\u00f6: Akselisarja; Asennuspuoli: Hinterachse; HONDA: CIVIC X Schr\u00e4gheck FC_, FK,CIVIC X Stufenheck FC_,CIVIC X Coupe; 43022TJBA02, 43022TBAA02, 43022TBFA01, 43022TGHA01, 43022TGHA11, 43022TGNG02, 43022TYFE01; Jarrupalasarja,Jarrupala, Levyjarru<\/p>\n","protected":false},"excerpt":{"rendered":"<p>BREMBO Jarrupalat P 28 089 Jarrupalasarja,Jarrupala, Levyjarru HONDA,CIVIC X Schr\u00e4gheck FC_, FK,CIVIC X Stufenheck FC_,CIVIC X Coupe<\/p>\n","protected":false},"featured_media":0,"template":"","meta":{"site-sidebar-layout":"default","site-content-layout":"default","ast-global-header-display":"","ast-main-header-display":"","ast-hfb-above-header-display":"","ast-hfb-below-header-display":"","ast-hfb-mobile-header-display":"","site-post-title":"","ast-breadcrumbs-content":"","ast-featured-img":"","footer-sml-layout":"","theme-transparent-header-meta":"","adv-header-id-meta":"","stick-header-meta":"","header-above-stick-meta":"","header-main-stick-meta":"","header-below-stick-meta":""},"pwb-brand":[146],"product_cat":[100],"product_tag":[],"class_list":{"0":"post-17896","1":"product","2":"type-product","3":"status-publish","5":"pwb-brand-brembo","6":"product_cat-jarrupalat","7":"desktop-align-left","8":"tablet-align-left","9":"mobile-align-left","11":"first","12":"instock","13":"product-type-external"},"brands":[{"id":146,"name":"BREMBO","slug":"brembo"}],"_links":{"self":[{"href":"https:\/\/www.autonvaraosahaku.fi\/index.php?rest_route=\/wp\/v2\/product\/17896","targetHints":{"allow":["GET"]}}],"collection":[{"href":"https:\/\/www.autonvaraosahaku.fi\/index.php?rest_route=\/wp\/v2\/product"}],"about":[{"href":"https:\/\/www.autonvaraosahaku.fi\/index.php?rest_route=\/wp\/v2\/types\/product"}],"wp:attachment":[{"href":"https:\/\/www.autonvaraosahaku.fi\/index.php?rest_route=%2Fwp%2Fv2%2Fmedia&parent=17896"}],"wp:term":[{"taxonomy":"pwb-brand","embeddable":true,"href":"https:\/\/www.autonvaraosahaku.fi\/index.php?rest_route=%2Fwp%2Fv2%2Fpwb-brand&post=17896"},{"taxonomy":"product_cat","embeddable":true,"href":"https:\/\/www.autonvaraosahaku.fi\/index.php?rest_route=%2Fwp%2Fv2%2Fproduct_cat&post=17896"},{"taxonomy":"product_tag","embeddable":true,"href":"https:\/\/www.autonvaraosahaku.fi\/index.php?rest_route=%2Fwp%2Fv2%2Fproduct_tag&post=17896"}],"curies":[{"name":"wp","href":"https:\/\/api.w.org\/{rel}","templated":true}]}}