{"id":17915,"date":"2021-02-21T14:31:57","date_gmt":"2021-02-21T14:31:57","guid":{"rendered":"https:\/\/www.autonvaraosahaku.fi\/?product=ravenol-1211128-001-01-999-vaihteistooljy"},"modified":"2021-02-21T14:31:59","modified_gmt":"2021-02-21T14:31:59","slug":"ravenol-1211128-001-01-999-vaihteistooljy","status":"publish","type":"product","link":"https:\/\/www.autonvaraosahaku.fi\/?product=ravenol-1211128-001-01-999-vaihteistooljy","title":{"rendered":"RAVENOL 1211128-001-01-999 Vaihteisto\u00f6ljy"},"content":{"rendered":"<p>\u00d6ljy: T\u00e4ysisynteetinen \u00f6ljy; Pakkaustyyppi: Pullo; Tilavuus (litra): 1; Tuotelinja: Hydraulik\u00f6l TS 15; VW: TOUAREG 7LA, 7L6, 7L7,TOUAREG 7P5,AMAROK 2H_, S1B,AMAROK Pritsche\/Fahrgestell S1B; AUDI: Q7 4L; BMW: 3 Touring E91,3 E90,5 E60,5 Touring E61,X3 E83,5 Touring F11,5 F10, F18,X1 E84,1 F20,X5 E70,X3 F25,X5 E53,3 Coupe E92,3 Touring F31,3 F30, F35, F80,1 F21,7 F01, F02, F03, F04,5 Gran Turismo F07,X6 E71, E72,3 Gran Turismo F34,4 Coupe F32, F82,X5 F15, F85,2 Coupe F22,6 Gran Coupe F06,6 Coupe F13,4 Cabriolet F33, F83,6 Cabriolet F12,4 Gran Coupe F36,X4 F26,2 Cabriolet F23,X6 F16, F86,7 G11, G12; OPEL: MOKKA; HYUNDAI: GENESIS DH; NISSAN: PATHFINDER R51,PATROL III Y62; MAZDA: CX-5 KE, GH,6 Kombi GJ, GH,6 Stufenheck GJ, GH,CX-3 DK; KIA: SPORTAGE SL,SPORTAGE QL; CHEVROLET: TRAX; PORSCHE: CAYENNE,MACAN; Vaihdelaatikon \u00d6ljy<\/p>\n","protected":false},"excerpt":{"rendered":"<p>RAVENOL Vaihteisto\u00f6ljy 1211128-001-01-999 Vaihdelaatikon \u00d6ljy VW,AUDI,BMW,TOUAREG 7LA, 7L6, 7L7,TOUAREG 7P5,AMAROK 2H_, S1B<\/p>\n","protected":false},"featured_media":0,"template":"","meta":{"site-sidebar-layout":"default","site-content-layout":"default","ast-global-header-display":"","ast-main-header-display":"","ast-hfb-above-header-display":"","ast-hfb-below-header-display":"","ast-hfb-mobile-header-display":"","site-post-title":"","ast-breadcrumbs-content":"","ast-featured-img":"","footer-sml-layout":"","theme-transparent-header-meta":"","adv-header-id-meta":"","stick-header-meta":"","header-above-stick-meta":"","header-main-stick-meta":"","header-below-stick-meta":""},"pwb-brand":[130],"product_cat":[58],"product_tag":[],"class_list":{"0":"post-17915","1":"product","2":"type-product","3":"status-publish","5":"pwb-brand-ravenol","6":"product_cat-vaihteistooljy","7":"desktop-align-left","8":"tablet-align-left","9":"mobile-align-left","11":"first","12":"instock","13":"product-type-external"},"brands":[{"id":130,"name":"RAVENOL","slug":"ravenol"}],"_links":{"self":[{"href":"https:\/\/www.autonvaraosahaku.fi\/index.php?rest_route=\/wp\/v2\/product\/17915","targetHints":{"allow":["GET"]}}],"collection":[{"href":"https:\/\/www.autonvaraosahaku.fi\/index.php?rest_route=\/wp\/v2\/product"}],"about":[{"href":"https:\/\/www.autonvaraosahaku.fi\/index.php?rest_route=\/wp\/v2\/types\/product"}],"wp:attachment":[{"href":"https:\/\/www.autonvaraosahaku.fi\/index.php?rest_route=%2Fwp%2Fv2%2Fmedia&parent=17915"}],"wp:term":[{"taxonomy":"pwb-brand","embeddable":true,"href":"https:\/\/www.autonvaraosahaku.fi\/index.php?rest_route=%2Fwp%2Fv2%2Fpwb-brand&post=17915"},{"taxonomy":"product_cat","embeddable":true,"href":"https:\/\/www.autonvaraosahaku.fi\/index.php?rest_route=%2Fwp%2Fv2%2Fproduct_cat&post=17915"},{"taxonomy":"product_tag","embeddable":true,"href":"https:\/\/www.autonvaraosahaku.fi\/index.php?rest_route=%2Fwp%2Fv2%2Fproduct_tag&post=17915"}],"curies":[{"name":"wp","href":"https:\/\/api.w.org\/{rel}","templated":true}]}}