{"id":17925,"date":"2021-02-21T14:32:01","date_gmt":"2021-02-21T14:32:01","guid":{"rendered":"https:\/\/www.autonvaraosahaku.fi\/?product=motul-109696-moottorioljy"},"modified":"2021-02-21T14:32:02","modified_gmt":"2021-02-21T14:32:02","slug":"motul-109696-moottorioljy","status":"publish","type":"product","link":"https:\/\/www.autonvaraosahaku.fi\/?product=motul-109696-moottorioljy","title":{"rendered":"MOTUL 109696 Moottori\u00f6ljy"},"content":{"rendered":"<p>Tilavuus (litra): 5; Viskositeettiluokka SAE: 10W-60; \u00d6ljy: Synteettinen \u00f6ljy; Erittely: API SN, ACEA A3, API CF, ACEA B4, API SM; Versio: X-POWER; API-m\u00e4\u00e4rittely: SM<\/p>\n","protected":false},"excerpt":{"rendered":"<p>MOTUL Moottori\u00f6ljy 8100 X-POWER 10W60 109696<\/p>\n","protected":false},"featured_media":0,"template":"","meta":{"site-sidebar-layout":"default","site-content-layout":"default","ast-global-header-display":"","ast-main-header-display":"","ast-hfb-above-header-display":"","ast-hfb-below-header-display":"","ast-hfb-mobile-header-display":"","site-post-title":"","ast-breadcrumbs-content":"","ast-featured-img":"","footer-sml-layout":"","theme-transparent-header-meta":"","adv-header-id-meta":"","stick-header-meta":"","header-above-stick-meta":"","header-main-stick-meta":"","header-below-stick-meta":""},"pwb-brand":[140],"product_cat":[129],"product_tag":[],"class_list":{"0":"post-17925","1":"product","2":"type-product","3":"status-publish","5":"pwb-brand-motul","6":"product_cat-moottorioljy","7":"desktop-align-left","8":"tablet-align-left","9":"mobile-align-left","11":"first","12":"instock","13":"product-type-external"},"brands":[{"id":140,"name":"MOTUL","slug":"motul"}],"_links":{"self":[{"href":"https:\/\/www.autonvaraosahaku.fi\/index.php?rest_route=\/wp\/v2\/product\/17925","targetHints":{"allow":["GET"]}}],"collection":[{"href":"https:\/\/www.autonvaraosahaku.fi\/index.php?rest_route=\/wp\/v2\/product"}],"about":[{"href":"https:\/\/www.autonvaraosahaku.fi\/index.php?rest_route=\/wp\/v2\/types\/product"}],"wp:attachment":[{"href":"https:\/\/www.autonvaraosahaku.fi\/index.php?rest_route=%2Fwp%2Fv2%2Fmedia&parent=17925"}],"wp:term":[{"taxonomy":"pwb-brand","embeddable":true,"href":"https:\/\/www.autonvaraosahaku.fi\/index.php?rest_route=%2Fwp%2Fv2%2Fpwb-brand&post=17925"},{"taxonomy":"product_cat","embeddable":true,"href":"https:\/\/www.autonvaraosahaku.fi\/index.php?rest_route=%2Fwp%2Fv2%2Fproduct_cat&post=17925"},{"taxonomy":"product_tag","embeddable":true,"href":"https:\/\/www.autonvaraosahaku.fi\/index.php?rest_route=%2Fwp%2Fv2%2Fproduct_tag&post=17925"}],"curies":[{"name":"wp","href":"https:\/\/api.w.org\/{rel}","templated":true}]}}