{"id":17946,"date":"2021-02-21T14:32:05","date_gmt":"2021-02-21T14:32:05","guid":{"rendered":"https:\/\/www.autonvaraosahaku.fi\/?product=autofren-seinsa-d42341a-muut-luokat"},"modified":"2021-02-21T14:32:06","modified_gmt":"2021-02-21T14:32:06","slug":"autofren-seinsa-d42341a-muut-luokat","status":"publish","type":"product","link":"https:\/\/www.autonvaraosahaku.fi\/?product=autofren-seinsa-d42341a-muut-luokat","title":{"rendered":"AUTOFREN SEINSA D42341A Muut luokat"},"content":{"rendered":"<p>Asennuspuoli: Etuakseli; Jarruj\u00e4rjestelm\u00e4: ATE, dos piezas; Paino [g]: 24; Jarrulevyl\u00e4pimitalle [mm]: 278; MAZDA: 5 CR19,3 BK,6 Station Wagon GY,2 DY,6 Hatchback GG,6 GG,3 BL,5 CW,3 Stufenheck BK,3 Stufenheck BL; IVECO: DAILY V Kasten\/Kombi; NISSAN: PRIMERA P11,PRIMERA Traveller WP11,PRIMERA Hatchback P11; KIA: SHUMA FB; HONDA: ACCORD VII CL,ACCORD VIII CU,ACCORD VII Tourer CM,CIVIC IX FK,ACCORD VIII Kombi,CIVIC IX Tourer FK; VOLVO: V70 II SW,V50 MW,S60 I,C30,S80 I TS, XY,V60,S40 II MS,XC70 CROSS COUNTRY,C70 II Cabriolet,V40 Schr\u00e4gheck; SAAB: 9-3 YS3F,9-5 Kombi YS3E,9-3 Kombi YS3F,9-3 YS3D,9-5 YS3E,9-3 Cabriolet YS3F,9-3 Cabriolet YS3D,900 II Cabriolet,900 II,900 II Coupe,9-3X; ROVER: 75 RJ,75 Tourer RJ; MERCEDES-BENZ: C-CLASS W202,E-CLASS T-Model S211,SLK R170,E-CLASS W210,E-CLASS Kombi S210,CLK C208,C-CLASS Kombi S202,CLK Cabriolet A208,S-CLASS Coupe C140; OPEL: CORSA D,CORSA C F08, F68,ZAFIRA B A05,ASTRA H Caravan L35,MERIVA,ZAFIRA A F75_,ASTRA G CC F48_, F08_,ASTRA H L48,ASTRA G Caravan F35_,VECTRA C Caravan,ASTRA H GTC L08,MERIVA B,SIGNUM,VECTRA C,VECTRA B 36_,OMEGA B Caravan 21_, 22_, 23_,OMEGA B 25_, 26_, 27_,VECTRA C GTS,VECTRA B Caravan 31_,ASTRA H TwinTop L67,ASTRA G Cabriolet F67,ASTRA G Coupe F07_,ASTRA G Stufenheck F69_,ZAFIRA B Van,CALIBRA A 85_,VECTRA B CC 38_,VECTRA A 86_, 87_,ASTRA H Stufenheck L69,ASTRA H Kasten L70,ASTRA G Kasten F70,ASTRA G CLASSIC Caravan F35,ASTRA G CLASSIC T98; 4427C5, 410018218R, 410111495R, 77364228, 1223635, 3M512B486AA, 410843J426, 5542459, 93185750, 410832774R, 30666826<\/p>\n","protected":false},"excerpt":{"rendered":"<p>AUTOFREN SEINSA Tarvikesarja, Jarrupala D42341A  MAZDA,IVECO,NISSAN,5 CR19,3 BK,6 Station Wagon GY,2 DY,6 Hatchback GG,6 GG,3 BL,5 CW,3 Stufenheck BK<\/p>\n","protected":false},"featured_media":0,"template":"","meta":{"site-sidebar-layout":"default","site-content-layout":"default","ast-global-header-display":"","ast-main-header-display":"","ast-hfb-above-header-display":"","ast-hfb-below-header-display":"","ast-hfb-mobile-header-display":"","site-post-title":"","ast-breadcrumbs-content":"","ast-featured-img":"","footer-sml-layout":"","theme-transparent-header-meta":"","adv-header-id-meta":"","stick-header-meta":"","header-above-stick-meta":"","header-main-stick-meta":"","header-below-stick-meta":""},"pwb-brand":[243],"product_cat":[37],"product_tag":[],"class_list":{"0":"post-17946","1":"product","2":"type-product","3":"status-publish","5":"pwb-brand-autofren-seinsa","6":"product_cat-muut-luokat","7":"desktop-align-left","8":"tablet-align-left","9":"mobile-align-left","11":"first","12":"instock","13":"product-type-external"},"brands":[{"id":243,"name":"AUTOFREN SEINSA","slug":"autofren-seinsa"}],"_links":{"self":[{"href":"https:\/\/www.autonvaraosahaku.fi\/index.php?rest_route=\/wp\/v2\/product\/17946","targetHints":{"allow":["GET"]}}],"collection":[{"href":"https:\/\/www.autonvaraosahaku.fi\/index.php?rest_route=\/wp\/v2\/product"}],"about":[{"href":"https:\/\/www.autonvaraosahaku.fi\/index.php?rest_route=\/wp\/v2\/types\/product"}],"wp:attachment":[{"href":"https:\/\/www.autonvaraosahaku.fi\/index.php?rest_route=%2Fwp%2Fv2%2Fmedia&parent=17946"}],"wp:term":[{"taxonomy":"pwb-brand","embeddable":true,"href":"https:\/\/www.autonvaraosahaku.fi\/index.php?rest_route=%2Fwp%2Fv2%2Fpwb-brand&post=17946"},{"taxonomy":"product_cat","embeddable":true,"href":"https:\/\/www.autonvaraosahaku.fi\/index.php?rest_route=%2Fwp%2Fv2%2Fproduct_cat&post=17946"},{"taxonomy":"product_tag","embeddable":true,"href":"https:\/\/www.autonvaraosahaku.fi\/index.php?rest_route=%2Fwp%2Fv2%2Fproduct_tag&post=17946"}],"curies":[{"name":"wp","href":"https:\/\/api.w.org\/{rel}","templated":true}]}}