{"id":17960,"date":"2021-02-21T14:32:08","date_gmt":"2021-02-21T14:32:08","guid":{"rendered":"https:\/\/www.autonvaraosahaku.fi\/?product=ridex-3922l0073-lambda-anturi"},"modified":"2021-02-21T14:32:09","modified_gmt":"2021-02-21T14:32:09","slug":"ridex-3922l0073-lambda-anturi","status":"publish","type":"product","link":"https:\/\/www.autonvaraosahaku.fi\/?product=ridex-3922l0073-lambda-anturi","title":{"rendered":"RIDEX 3922L0073 Lambda anturi"},"content":{"rendered":"<p>Lambdatunnistin: S\u00e4\u00e4t\u00f6anturi, L\u00e4mmitetty; Kierremitta: M18 x 1,5; Kaapelinmitta (mm): 720; Napojen m\u00e4\u00e4r\u00e4: 4; Alustanumerosta: 6K-X-127 001; VW: GOLF IV 1J1,LUPO 6X1, 6E1,GOLF IV Variant 1J5,SHARAN 7M8, 7M9, 7M6,POLO 6N2,POLO 6N1,BORA 1J2,BORA Kombi 1J6,CADDY II Kasten 9K9A,POLO Variant 6KV5,POLO CLASSIC 6KV2,CADDY II Kombi 9K9B; AUDI: A3 8L1; SKODA: OCTAVIA Combi 1U5,OCTAVIA 1U2; SEAT: LEON 1M1,AROSA 6H,ALHAMBRA 7V8, 7V9,IBIZA II 6K1,TOLEDO II 1M2,CORDOBA 6K1, 6K2,CORDOBA Vario 6K1,INCA 6K9; 030906265BS, 030906265BT, 032906265E, 036906265, 06A906265A, 06A906265AC, 06A906265B, 06A906265F, 06A906265G, 06A906265H, 06A906265P, 06A906265Q, 030906265BS, 030906265BT, 032906265E, 036906265, 06A906265A, 06A906265AC, 06A906265B, 06A906265F, 06A906265G, 06A906265H, 06A906265P, 06A906265Q, 030906265BS, 030906265BT, 032906265E, 036906265, 06A906265A, 06A906265AC, 06A906265B, 06A906265F, 06A906265G, 06A906265H, 06A906265P, 06A906265Q, 030906265BS, 030906265BT, 032906265E, 036906265, 06A906265A, 06A906265AC, 06A906265B, 06A906265F, 06A906265G, 06A906265H, 06A906265P, 06A906265Q; Lambdatunnistin,Happianturi<\/p>\n","protected":false},"excerpt":{"rendered":"<p>RIDEX Lambda Anturi 3922L0073 Lambdatunnistin,Happianturi VW,AUDI,SKODA,GOLF IV 1J1,LUPO 6X1, 6E1,GOLF IV Variant 1J5,SHARAN 7M8, 7M9, 7M6,POLO 6N2<\/p>\n","protected":false},"featured_media":0,"template":"","meta":{"site-sidebar-layout":"default","site-content-layout":"default","ast-global-header-display":"","ast-main-header-display":"","ast-hfb-above-header-display":"","ast-hfb-below-header-display":"","ast-hfb-mobile-header-display":"","site-post-title":"","ast-breadcrumbs-content":"","ast-featured-img":"","footer-sml-layout":"","theme-transparent-header-meta":"","adv-header-id-meta":"","stick-header-meta":"","header-above-stick-meta":"","header-main-stick-meta":"","header-below-stick-meta":""},"pwb-brand":[157],"product_cat":[264],"product_tag":[],"class_list":{"0":"post-17960","1":"product","2":"type-product","3":"status-publish","5":"pwb-brand-ridex","6":"product_cat-lambda-anturi","7":"desktop-align-left","8":"tablet-align-left","9":"mobile-align-left","11":"first","12":"instock","13":"product-type-external"},"brands":[{"id":157,"name":"RIDEX","slug":"ridex"}],"_links":{"self":[{"href":"https:\/\/www.autonvaraosahaku.fi\/index.php?rest_route=\/wp\/v2\/product\/17960","targetHints":{"allow":["GET"]}}],"collection":[{"href":"https:\/\/www.autonvaraosahaku.fi\/index.php?rest_route=\/wp\/v2\/product"}],"about":[{"href":"https:\/\/www.autonvaraosahaku.fi\/index.php?rest_route=\/wp\/v2\/types\/product"}],"wp:attachment":[{"href":"https:\/\/www.autonvaraosahaku.fi\/index.php?rest_route=%2Fwp%2Fv2%2Fmedia&parent=17960"}],"wp:term":[{"taxonomy":"pwb-brand","embeddable":true,"href":"https:\/\/www.autonvaraosahaku.fi\/index.php?rest_route=%2Fwp%2Fv2%2Fpwb-brand&post=17960"},{"taxonomy":"product_cat","embeddable":true,"href":"https:\/\/www.autonvaraosahaku.fi\/index.php?rest_route=%2Fwp%2Fv2%2Fproduct_cat&post=17960"},{"taxonomy":"product_tag","embeddable":true,"href":"https:\/\/www.autonvaraosahaku.fi\/index.php?rest_route=%2Fwp%2Fv2%2Fproduct_tag&post=17960"}],"curies":[{"name":"wp","href":"https:\/\/api.w.org\/{rel}","templated":true}]}}