{"id":17968,"date":"2021-02-21T14:32:08","date_gmt":"2021-02-21T14:32:08","guid":{"rendered":"https:\/\/www.autonvaraosahaku.fi\/?product=oximo-wus425-pyyhkijansulat"},"modified":"2021-02-21T14:32:10","modified_gmt":"2021-02-21T14:32:10","slug":"oximo-wus425-pyyhkijansulat","status":"publish","type":"product","link":"https:\/\/www.autonvaraosahaku.fi\/?product=oximo-wus425-pyyhkijansulat","title":{"rendered":"OXIMO WUS425 Pyyhkij\u00e4nsulat"},"content":{"rendered":"<p>Pituus (mm): 425, 425; Pyyhkij\u00e4nsulkatyyppi: Pyyhkij\u00e4nsulka,perinteinen runko, Pyyhkij\u00e4nsulka,perinteinen runko; Asennuspuoli: hinten; MERCEDES-BENZ: E-CLASS T-Model S211,M-CLASS W163; BMW: X5 E53,3 Touring E30; RENAULT: KADJAR,KOLEOS II; TOYOTA: LAND CRUISER PZJ7_, KZJ7_, HZJ7_, BJ7_, LJ7_, RJ7_,HILUX VI Pick-up _N1_; NISSAN: X-TRAIL T30,PATHFINDER R51,QASHQAI J11, J11_,X-TRAIL T32,TEANA II J32,ALTIMA,TEANA I J31,ALTIMA L33; MAZDA: DEMIO DW,MPV I LV,2 DL, DJ; HONDA: CR-V III RE,LOGO GA3,HR-V GH,INTEGRA Coupe DC2, DC4,CIVIC II Shuttle EE; SUZUKI: GRAND VITARA I FT,ALTO HA11,CARRY Kasten; CHEVROLET: LACETTI J200; DAIHATSU: SIRION M1,MOVE L6, L9,MOVE L6_; Tuulilasinpyyhkimet,Pyyhkij\u00e4t,Pyyhkij\u00e4nsulka<\/p>\n","protected":false},"excerpt":{"rendered":"<p>OXIMO Pyyhkij\u00e4nsulat WUS425 Tuulilasinpyyhkimet,Pyyhkij\u00e4t MERCEDES-BENZ,BMW,RENAULT,E-CLASS T-Model S211,M-CLASS W163,X5 E53,3 Touring E30,KADJAR<\/p>\n","protected":false},"featured_media":0,"template":"","meta":{"site-sidebar-layout":"default","site-content-layout":"default","ast-global-header-display":"","ast-main-header-display":"","ast-hfb-above-header-display":"","ast-hfb-below-header-display":"","ast-hfb-mobile-header-display":"","site-post-title":"","ast-breadcrumbs-content":"","ast-featured-img":"","footer-sml-layout":"","theme-transparent-header-meta":"","adv-header-id-meta":"","stick-header-meta":"","header-above-stick-meta":"","header-main-stick-meta":"","header-below-stick-meta":""},"pwb-brand":[382],"product_cat":[33],"product_tag":[],"class_list":{"0":"post-17968","1":"product","2":"type-product","3":"status-publish","5":"pwb-brand-oximo","6":"product_cat-pyyhkijansulat","7":"desktop-align-left","8":"tablet-align-left","9":"mobile-align-left","11":"first","12":"instock","13":"product-type-external"},"brands":[{"id":382,"name":"OXIMO","slug":"oximo"}],"_links":{"self":[{"href":"https:\/\/www.autonvaraosahaku.fi\/index.php?rest_route=\/wp\/v2\/product\/17968","targetHints":{"allow":["GET"]}}],"collection":[{"href":"https:\/\/www.autonvaraosahaku.fi\/index.php?rest_route=\/wp\/v2\/product"}],"about":[{"href":"https:\/\/www.autonvaraosahaku.fi\/index.php?rest_route=\/wp\/v2\/types\/product"}],"wp:attachment":[{"href":"https:\/\/www.autonvaraosahaku.fi\/index.php?rest_route=%2Fwp%2Fv2%2Fmedia&parent=17968"}],"wp:term":[{"taxonomy":"pwb-brand","embeddable":true,"href":"https:\/\/www.autonvaraosahaku.fi\/index.php?rest_route=%2Fwp%2Fv2%2Fpwb-brand&post=17968"},{"taxonomy":"product_cat","embeddable":true,"href":"https:\/\/www.autonvaraosahaku.fi\/index.php?rest_route=%2Fwp%2Fv2%2Fproduct_cat&post=17968"},{"taxonomy":"product_tag","embeddable":true,"href":"https:\/\/www.autonvaraosahaku.fi\/index.php?rest_route=%2Fwp%2Fv2%2Fproduct_tag&post=17968"}],"curies":[{"name":"wp","href":"https:\/\/api.w.org\/{rel}","templated":true}]}}