{"id":18000,"date":"2021-02-21T14:32:16","date_gmt":"2021-02-21T14:32:16","guid":{"rendered":"https:\/\/www.autonvaraosahaku.fi\/?product=nissens-91154-oljynjaahdytin"},"modified":"2021-02-21T14:32:16","modified_gmt":"2021-02-21T14:32:16","slug":"nissens-91154-oljynjaahdytin","status":"publish","type":"product","link":"https:\/\/www.autonvaraosahaku.fi\/?product=nissens-91154-oljynjaahdytin","title":{"rendered":"NISSENS 91154 \u00d6ljynj\u00e4\u00e4hdytin"},"content":{"rendered":"<p>J\u00e4\u00e4hdytystapa: Vesij\u00e4\u00e4hdytteinen; Kotelomalli: Kopalla; Materiaali: Alumiini; Rakennemalli: Roomster; VW: POLO 6R, 6C; SKODA: FABIA,FABIA Combi,ROOMSTER 5J,ROOMSTER Praktik 5J; SEAT: IBIZA V 6J5, 6P5,IBIZA V ST 6J8, 6P8,IBIZA V SPORTCOUPE 6J1, 6P1; 03L117021B, 03L117021C, 03P115389, 03P115389A, 03P115389B, 03L117021B, 03L117021C, 03P115389, 03P115389A, 03P115389B, 03L117021B, 03L117021C, 03P115389, 03P115389A, 03P115389B; \u00d6ljynlauhdutin,Moottori\u00f6ljyn J\u00e4\u00e4hdytin<\/p>\n","protected":false},"excerpt":{"rendered":"<p>NISSENS \u00d6ljynj\u00e4\u00e4hdytin 91154 \u00d6ljynlauhdutin,Moottori\u00f6ljyn J\u00e4\u00e4hdytin VW,SKODA,SEAT,POLO 6R, 6C,FABIA,FABIA Combi,ROOMSTER 5J,ROOMSTER Praktik 5J<\/p>\n","protected":false},"featured_media":0,"template":"","meta":{"site-sidebar-layout":"default","site-content-layout":"default","ast-global-header-display":"","ast-main-header-display":"","ast-hfb-above-header-display":"","ast-hfb-below-header-display":"","ast-hfb-mobile-header-display":"","site-post-title":"","ast-breadcrumbs-content":"","ast-featured-img":"","footer-sml-layout":"","theme-transparent-header-meta":"","adv-header-id-meta":"","stick-header-meta":"","header-above-stick-meta":"","header-main-stick-meta":"","header-below-stick-meta":""},"pwb-brand":[315],"product_cat":[244],"product_tag":[],"class_list":{"0":"post-18000","1":"product","2":"type-product","3":"status-publish","5":"pwb-brand-nissens","6":"product_cat-oljynjaahdytin","7":"desktop-align-left","8":"tablet-align-left","9":"mobile-align-left","11":"first","12":"instock","13":"product-type-external"},"brands":[{"id":315,"name":"NISSENS","slug":"nissens"}],"_links":{"self":[{"href":"https:\/\/www.autonvaraosahaku.fi\/index.php?rest_route=\/wp\/v2\/product\/18000","targetHints":{"allow":["GET"]}}],"collection":[{"href":"https:\/\/www.autonvaraosahaku.fi\/index.php?rest_route=\/wp\/v2\/product"}],"about":[{"href":"https:\/\/www.autonvaraosahaku.fi\/index.php?rest_route=\/wp\/v2\/types\/product"}],"wp:attachment":[{"href":"https:\/\/www.autonvaraosahaku.fi\/index.php?rest_route=%2Fwp%2Fv2%2Fmedia&parent=18000"}],"wp:term":[{"taxonomy":"pwb-brand","embeddable":true,"href":"https:\/\/www.autonvaraosahaku.fi\/index.php?rest_route=%2Fwp%2Fv2%2Fpwb-brand&post=18000"},{"taxonomy":"product_cat","embeddable":true,"href":"https:\/\/www.autonvaraosahaku.fi\/index.php?rest_route=%2Fwp%2Fv2%2Fproduct_cat&post=18000"},{"taxonomy":"product_tag","embeddable":true,"href":"https:\/\/www.autonvaraosahaku.fi\/index.php?rest_route=%2Fwp%2Fv2%2Fproduct_tag&post=18000"}],"curies":[{"name":"wp","href":"https:\/\/api.w.org\/{rel}","templated":true}]}}