{"id":18013,"date":"2021-02-21T14:32:16","date_gmt":"2021-02-21T14:32:16","guid":{"rendered":"https:\/\/www.autonvaraosahaku.fi\/?product=vaico-v10-3892-jarrukilpi"},"modified":"2021-02-21T14:32:17","modified_gmt":"2021-02-21T14:32:17","slug":"vaico-v10-3892-jarrukilpi","status":"publish","type":"product","link":"https:\/\/www.autonvaraosahaku.fi\/?product=vaico-v10-3892-jarrukilpi","title":{"rendered":"VAICO V10-3892 Jarrukilpi"},"content":{"rendered":"<p>Asennuspuoli: Taka-akseli, oikea; OE-numerolle: 1J0 615 612 D; Ulkol\u00e4pimitta [mm]: 250; Pinta: Sinkitetty; Materiaali: Ter\u00e4slevy; Sis\u00e4l\u00e4pimitta [mm]: 50; parilliset tuotenumerot: V10-3891; Paino [kg]: 0,3; Pakkausleveys [cm]: 21,2; Pakkauskorkeus [mm]: 3,7; Pakkaussyvyys [cm]: 24,8; lis\u00e4tieto: CST99; PR-numerolle: 1KK, 1KV; VW: GOLF IV 1J1,GOLF IV Variant 1J5,BORA 1J2,NEW BEETLE 9C1, 1C1,BORA Kombi 1J6,NEW BEETLE Cabriolet 1Y7; AUDI: A3 8L1,TT 8N3,TT Roadster 8N9; SKODA: FABIA,OCTAVIA Combi 1U5,FABIA Combi,ROOMSTER 5J,OCTAVIA 1U2,RAPID Spaceback NH1,ROOMSTER Praktik 5J,RAPID NH3; SEAT: LEON 1M1,TOLEDO II 1M2; 1J0615612A, 1J0615612D, 1J0615612A, 1J0615612D, 1J0615612A, 1J0615612D, 1J0615612A, 1J0615612D; Jarrulevyn Suojakilpi,Suojapelti, Jarrulevy<\/p>\n","protected":false},"excerpt":{"rendered":"<p>VAICO Jarrukilpi V10-3892 Jarrulevyn Suojakilpi,Suojapelti, Jarrulevy VW,AUDI,SKODA,GOLF IV 1J1,GOLF IV Variant 1J5,BORA 1J2,NEW BEETLE 9C1, 1C1<\/p>\n","protected":false},"featured_media":0,"template":"","meta":{"site-sidebar-layout":"default","site-content-layout":"default","ast-global-header-display":"","ast-main-header-display":"","ast-hfb-above-header-display":"","ast-hfb-below-header-display":"","ast-hfb-mobile-header-display":"","site-post-title":"","ast-breadcrumbs-content":"","ast-featured-img":"","footer-sml-layout":"","theme-transparent-header-meta":"","adv-header-id-meta":"","stick-header-meta":"","header-above-stick-meta":"","header-main-stick-meta":"","header-below-stick-meta":""},"pwb-brand":[330],"product_cat":[216],"product_tag":[],"class_list":{"0":"post-18013","1":"product","2":"type-product","3":"status-publish","5":"pwb-brand-vaico","6":"product_cat-jarrukilpi","7":"desktop-align-left","8":"tablet-align-left","9":"mobile-align-left","11":"first","12":"instock","13":"product-type-external"},"brands":[{"id":330,"name":"VAICO","slug":"vaico"}],"_links":{"self":[{"href":"https:\/\/www.autonvaraosahaku.fi\/index.php?rest_route=\/wp\/v2\/product\/18013","targetHints":{"allow":["GET"]}}],"collection":[{"href":"https:\/\/www.autonvaraosahaku.fi\/index.php?rest_route=\/wp\/v2\/product"}],"about":[{"href":"https:\/\/www.autonvaraosahaku.fi\/index.php?rest_route=\/wp\/v2\/types\/product"}],"wp:attachment":[{"href":"https:\/\/www.autonvaraosahaku.fi\/index.php?rest_route=%2Fwp%2Fv2%2Fmedia&parent=18013"}],"wp:term":[{"taxonomy":"pwb-brand","embeddable":true,"href":"https:\/\/www.autonvaraosahaku.fi\/index.php?rest_route=%2Fwp%2Fv2%2Fpwb-brand&post=18013"},{"taxonomy":"product_cat","embeddable":true,"href":"https:\/\/www.autonvaraosahaku.fi\/index.php?rest_route=%2Fwp%2Fv2%2Fproduct_cat&post=18013"},{"taxonomy":"product_tag","embeddable":true,"href":"https:\/\/www.autonvaraosahaku.fi\/index.php?rest_route=%2Fwp%2Fv2%2Fproduct_tag&post=18013"}],"curies":[{"name":"wp","href":"https:\/\/api.w.org\/{rel}","templated":true}]}}